{"id":61461,"date":"2025-02-04T01:16:43","date_gmt":"2025-02-04T00:16:43","guid":{"rendered":"http:\/\/fokussrl.com\/prodotto\/poele-granules-sans-electricite-sofia-natural-air-8-kw\/"},"modified":"2025-02-04T01:34:04","modified_gmt":"2025-02-04T00:34:04","slug":"poele-granules-sans-electricite-sofia-natural-air-8-kw","status":"publish","type":"product","link":"https:\/\/www.fokussrl.com\/fr\/produit\/poele-granules-sans-electricite-sofia-natural-air-8-kw\/","title":{"rendered":"Po\u00eale \u00e0 granul\u00e9s sans \u00e9lectricit\u00e9 SOFIA NATURAL Air 8 kW &#8211; Laminox"},"content":{"rendered":"","protected":false},"excerpt":{"rendered":"<p>SOFIA NATURAL AIR est un po\u00eale \u00e0 granul\u00e9s qui fonctionne sans \u00e9lectricit\u00e9. Il s&rsquo;allume manuellement avec un allume-feu \u00e9cologique. Par effet de gravit\u00e9, les granul\u00e9s pr\u00e9sents dans le r\u00e9servoir renouvellent continuellement ceux dans le br\u00fbleur, poussant les cendres dans le compartiment inf\u00e9rieur. Ces fonctions ne n\u00e9cessitent aucun support \u00e9lectrique ou \u00e9lectronique.<\/p>\n<p>Sans moteurs ni ventilateurs, il est absolument silencieux, con\u00e7u dans le respect de toutes les normes de s\u00e9curit\u00e9 et tr\u00e8s facile \u00e0 utiliser. L&rsquo;un des avantages est l&rsquo;absence totale de co\u00fbts de remplacement des composants \u00e9lectriques et \u00e9lectroniques. La forme de la chambre de combustion, le br\u00fbleur en inox brevet\u00e9 et le syst\u00e8me de post-combustion assurent un rendement de 88,5% et des \u00e9missions extr\u00eamement faibles : CO 0,004, poussi\u00e8res 4 mg.\/Nm3.<\/p>\n","protected":false},"featured_media":65247,"template":"","meta":{"_acf_changed":false},"product_brand":[4826],"product_cat":[4605,4606],"product_tag":[5147],"class_list":{"0":"post-61461","1":"product","2":"type-product","3":"status-publish","4":"has-post-thumbnail","6":"product_brand-laminox-idro-fr","7":"product_cat-poeles-a-granules-hermetiques","8":"product_cat-poeles-a-granules-sans-electricite","9":"product_tag-poeles-a-granules-sans-electricite-laminox-idro","10":"product_shipping_class-stufe-a-pellet-senza-elettricita-2","11":"pa_colore-blanc","12":"pa_colore-bordeaux-fr","13":"pa_colore-bronze-fr","14":"pa_colore-gris-aluminium","15":"pa_colore-noir-lustre","16":"pa_colore-noir-ride","17":"sales-flash-overlay","18":"woocommerce-text-align-center","19":"woocommerce-image-align-center","20":"do-quantity-buttons","22":"first","23":"instock","24":"taxable","25":"shipping-taxable","26":"purchasable","27":"product-type-variable"},"acf":[],"_links":{"self":[{"href":"https:\/\/www.fokussrl.com\/fr\/wp-json\/wp\/v2\/product\/61461","targetHints":{"allow":["GET"]}}],"collection":[{"href":"https:\/\/www.fokussrl.com\/fr\/wp-json\/wp\/v2\/product"}],"about":[{"href":"https:\/\/www.fokussrl.com\/fr\/wp-json\/wp\/v2\/types\/product"}],"wp:featuredmedia":[{"embeddable":true,"href":"https:\/\/www.fokussrl.com\/fr\/wp-json\/wp\/v2\/media\/65247"}],"wp:attachment":[{"href":"https:\/\/www.fokussrl.com\/fr\/wp-json\/wp\/v2\/media?parent=61461"}],"wp:term":[{"taxonomy":"product_brand","embeddable":true,"href":"https:\/\/www.fokussrl.com\/fr\/wp-json\/wp\/v2\/product_brand?post=61461"},{"taxonomy":"product_cat","embeddable":true,"href":"https:\/\/www.fokussrl.com\/fr\/wp-json\/wp\/v2\/product_cat?post=61461"},{"taxonomy":"product_tag","embeddable":true,"href":"https:\/\/www.fokussrl.com\/fr\/wp-json\/wp\/v2\/product_tag?post=61461"}],"curies":[{"name":"wp","href":"https:\/\/api.w.org\/{rel}","templated":true}]}}