{"id":61473,"date":"2025-02-04T01:16:43","date_gmt":"2025-02-04T00:16:43","guid":{"rendered":"http:\/\/fokussrl.com\/prodotto\/poele-granules-suspendue-minerva-slim-6-7-kw\/"},"modified":"2025-02-04T01:34:06","modified_gmt":"2025-02-04T00:34:06","slug":"poele-granules-suspendue-minerva-slim-6-7-kw","status":"publish","type":"product","link":"https:\/\/www.fokussrl.com\/fr\/produit\/poele-granules-suspendue-minerva-slim-6-7-kw\/","title":{"rendered":"Po\u00eale \u00e0 granul\u00e9s suspendue MINERVA SLIM 6,7 kW &#8211; Bronpi"},"content":{"rendered":"","protected":false},"excerpt":{"rendered":"<p>Po\u00eale \u00e0 granul\u00e9s ventil\u00e9 en version suspendue, livr\u00e9 avec un kit de fixation murale. Sortie des fum\u00e9es sur le c\u00f4t\u00e9 gauche.<\/p>\n","protected":false},"featured_media":60865,"template":"","meta":{"_acf_changed":false},"product_brand":[4798],"product_cat":[4603],"product_tag":[],"class_list":{"0":"post-61473","1":"product","2":"type-product","3":"status-publish","4":"has-post-thumbnail","6":"product_brand-bronpi-fr","7":"product_cat-poeles-a-granules","8":"product_shipping_class-stufe-a-pellet-2-2","9":"pa_colore-ivoire","10":"pa_colore-noir","11":"sales-flash-overlay","12":"woocommerce-text-align-center","13":"woocommerce-image-align-center","14":"do-quantity-buttons","16":"first","17":"instock","18":"taxable","19":"shipping-taxable","20":"product-type-variable"},"acf":[],"_links":{"self":[{"href":"https:\/\/www.fokussrl.com\/fr\/wp-json\/wp\/v2\/product\/61473","targetHints":{"allow":["GET"]}}],"collection":[{"href":"https:\/\/www.fokussrl.com\/fr\/wp-json\/wp\/v2\/product"}],"about":[{"href":"https:\/\/www.fokussrl.com\/fr\/wp-json\/wp\/v2\/types\/product"}],"wp:featuredmedia":[{"embeddable":true,"href":"https:\/\/www.fokussrl.com\/fr\/wp-json\/wp\/v2\/media\/60865"}],"wp:attachment":[{"href":"https:\/\/www.fokussrl.com\/fr\/wp-json\/wp\/v2\/media?parent=61473"}],"wp:term":[{"taxonomy":"product_brand","embeddable":true,"href":"https:\/\/www.fokussrl.com\/fr\/wp-json\/wp\/v2\/product_brand?post=61473"},{"taxonomy":"product_cat","embeddable":true,"href":"https:\/\/www.fokussrl.com\/fr\/wp-json\/wp\/v2\/product_cat?post=61473"},{"taxonomy":"product_tag","embeddable":true,"href":"https:\/\/www.fokussrl.com\/fr\/wp-json\/wp\/v2\/product_tag?post=61473"}],"curies":[{"name":"wp","href":"https:\/\/api.w.org\/{rel}","templated":true}]}}