{"id":61479,"date":"2025-02-04T01:16:48","date_gmt":"2025-02-04T00:16:48","guid":{"rendered":"http:\/\/fokussrl.com\/prodotto\/poele-combine-bois-granules-dual-air\/"},"modified":"2025-02-04T01:34:08","modified_gmt":"2025-02-04T00:34:08","slug":"poele-combine-bois-granules-dual-air","status":"publish","type":"product","link":"https:\/\/www.fokussrl.com\/fr\/produit\/poele-combine-bois-granules-dual-air\/","title":{"rendered":"Po\u00eale combin\u00e9 bois-granul\u00e9s DUAL AIR &#8211; Klover"},"content":{"rendered":"","protected":false},"excerpt":{"rendered":"<p>C\u00d4T\u00c9 GRANUL\u00c9S :<br \/>&#8211; Br\u00fbleur autonettoyant brevet\u00e9.<br \/>&#8211; Syst\u00e8me de dosage automatique des granul\u00e9s brevet\u00e9.<br \/>&#8211; Convection naturelle avec \u00e9changeurs sinusoidaux en fonte.<br \/>&#8211; Ventilation centrifuge On\/Off.<br \/>&#8211; Chambre de combustion en mat\u00e9riau r\u00e9fractaire anti-choc.<br \/>&#8211; Porte feu avec verre c\u00e9ramique haute temp\u00e9rature.<br \/>&#8211; \u00c9cran tactile portable avec thermostat d&rsquo;ambiance int\u00e9gr\u00e9.<br \/>&#8211; Frontal Clean pour l&rsquo;entretien de routine.<br \/>&#8211; WiFi standard avec application KLOVER HOME.<\/p>\n<p>C\u00d4T\u00c9 BOIS :<br \/>&#8211; Chambre de combustion en mat\u00e9riau r\u00e9fractaire anti-choc et grille de feu en fonte.<br \/>&#8211; Porte feu avec verre c\u00e9ramique haute temp\u00e9rature.<br \/>&#8211; Ventilation centrifuge On\/Off.<br \/>&#8211; Starter pour d\u00e9marrage \u00e0 froid.<br \/>&#8211; Joints herm\u00e9tiques en fibre et acier harmonique.<br \/>&#8211; R\u00e9glage manuel de l&rsquo;air primaire et secondaire.<br \/>&#8211; Frontal Clean pour l&rsquo;entretien de routine.<\/p>\n","protected":false},"featured_media":60899,"template":"","meta":{"_acf_changed":false},"product_brand":[4820],"product_cat":[4602],"product_tag":[],"class_list":{"0":"post-61479","1":"product","2":"type-product","3":"status-publish","4":"has-post-thumbnail","6":"product_brand-klover-fr","7":"product_cat-poeles-combines-bois-granules","8":"product_shipping_class-stufe-a-legna-2-2","9":"pa_colore-moka-fr","10":"pa_colore-noir-veine","11":"pa_colore-pierre-ollaire-naturelle","12":"sales-flash-overlay","13":"woocommerce-text-align-center","14":"woocommerce-image-align-center","15":"do-quantity-buttons","17":"first","18":"instock","19":"taxable","20":"shipping-taxable","21":"purchasable","22":"product-type-variable"},"acf":[],"_links":{"self":[{"href":"https:\/\/www.fokussrl.com\/fr\/wp-json\/wp\/v2\/product\/61479","targetHints":{"allow":["GET"]}}],"collection":[{"href":"https:\/\/www.fokussrl.com\/fr\/wp-json\/wp\/v2\/product"}],"about":[{"href":"https:\/\/www.fokussrl.com\/fr\/wp-json\/wp\/v2\/types\/product"}],"wp:featuredmedia":[{"embeddable":true,"href":"https:\/\/www.fokussrl.com\/fr\/wp-json\/wp\/v2\/media\/60899"}],"wp:attachment":[{"href":"https:\/\/www.fokussrl.com\/fr\/wp-json\/wp\/v2\/media?parent=61479"}],"wp:term":[{"taxonomy":"product_brand","embeddable":true,"href":"https:\/\/www.fokussrl.com\/fr\/wp-json\/wp\/v2\/product_brand?post=61479"},{"taxonomy":"product_cat","embeddable":true,"href":"https:\/\/www.fokussrl.com\/fr\/wp-json\/wp\/v2\/product_cat?post=61479"},{"taxonomy":"product_tag","embeddable":true,"href":"https:\/\/www.fokussrl.com\/fr\/wp-json\/wp\/v2\/product_tag?post=61479"}],"curies":[{"name":"wp","href":"https:\/\/api.w.org\/{rel}","templated":true}]}}