{"id":61483,"date":"2025-02-04T01:16:48","date_gmt":"2025-02-04T00:16:48","guid":{"rendered":"http:\/\/fokussrl.com\/prodotto\/cuisiniere-thermo-bois-30-avec-four\/"},"modified":"2025-02-04T01:34:08","modified_gmt":"2025-02-04T00:34:08","slug":"cuisiniere-thermo-bois-30-avec-four","status":"publish","type":"product","link":"https:\/\/www.fokussrl.com\/fr\/produit\/cuisiniere-thermo-bois-30-avec-four\/","title":{"rendered":"Cuisini\u00e8re thermo \u00e0 bois 30 avec four &#8211; Carinci"},"content":{"rendered":"","protected":false},"excerpt":{"rendered":"<p>Garantie de faible consommation et d&rsquo;importantes \u00e9conomies<\/p>\n<p>La Thermocuisine Carinci innovante repose toujours sur le principe de la technique de combustion Carinci innovante.<\/p>\n<p>Gr\u00e2ce \u00e0 un syst\u00e8me de r\u00e9gulation de l&rsquo;air primaire entrant dans la chambre de combustion, contr\u00f4l\u00e9 par un bouton pratique, elle permet \u00e0 la bonne quantit\u00e9 d&rsquo;air d&rsquo;entrer pour assurer une combustion correcte en fonction du tirage de la chemin\u00e9e.<\/p>\n<p>La Thermocuisine Carinci innovante avec double circuit et vase ouvert est directement connect\u00e9e au syst\u00e8me, car tous les composants hydrauliques sont d\u00e9j\u00e0 assembl\u00e9s sur la thermocuisine. Le syst\u00e8me hydraulique comprend deux circuits : le premier avec un vase ouvert et un vase d&rsquo;expansion en acier inoxydable d\u00e9j\u00e0 mont\u00e9 \u00e0 l&rsquo;int\u00e9rieur de la thermocuisine pour garantir une s\u00e9curit\u00e9 maximale, et le deuxi\u00e8me circuit ferm\u00e9 pour garantir la bonne pression au syst\u00e8me et la circulation correcte du fluide caloporteur aux radiateurs.<\/p>\n<p>Pour simplifier l&rsquo;installation, les deux circuits sont d\u00e9j\u00e0 connect\u00e9s entre eux via des \u00e9changeurs de chaleur et un circulateur standard, pr\u00eat \u00e0 \u00eatre connect\u00e9 directement au syst\u00e8me.<\/p>\n","protected":false},"featured_media":67847,"template":"","meta":{"_acf_changed":false},"product_brand":[4802],"product_cat":[4613],"product_tag":[],"class_list":{"0":"post-61483","1":"product","2":"type-product","3":"status-publish","4":"has-post-thumbnail","6":"product_brand-carinci-fr","7":"product_cat-cuisinieres-hydro-au-bois","8":"product_shipping_class-termocucine-a-legna-2","9":"pa_colore-blanc-brillant","10":"pa_colore-bordeaux-brillant","11":"pa_colore-noir-brillant","12":"sales-flash-overlay","13":"woocommerce-text-align-center","14":"woocommerce-image-align-center","15":"do-quantity-buttons","17":"first","18":"instock","19":"taxable","20":"shipping-taxable","21":"purchasable","22":"product-type-variable"},"acf":[],"_links":{"self":[{"href":"https:\/\/www.fokussrl.com\/fr\/wp-json\/wp\/v2\/product\/61483","targetHints":{"allow":["GET"]}}],"collection":[{"href":"https:\/\/www.fokussrl.com\/fr\/wp-json\/wp\/v2\/product"}],"about":[{"href":"https:\/\/www.fokussrl.com\/fr\/wp-json\/wp\/v2\/types\/product"}],"wp:featuredmedia":[{"embeddable":true,"href":"https:\/\/www.fokussrl.com\/fr\/wp-json\/wp\/v2\/media\/67847"}],"wp:attachment":[{"href":"https:\/\/www.fokussrl.com\/fr\/wp-json\/wp\/v2\/media?parent=61483"}],"wp:term":[{"taxonomy":"product_brand","embeddable":true,"href":"https:\/\/www.fokussrl.com\/fr\/wp-json\/wp\/v2\/product_brand?post=61483"},{"taxonomy":"product_cat","embeddable":true,"href":"https:\/\/www.fokussrl.com\/fr\/wp-json\/wp\/v2\/product_cat?post=61483"},{"taxonomy":"product_tag","embeddable":true,"href":"https:\/\/www.fokussrl.com\/fr\/wp-json\/wp\/v2\/product_tag?post=61483"}],"curies":[{"name":"wp","href":"https:\/\/api.w.org\/{rel}","templated":true}]}}