{"id":61487,"date":"2025-02-04T01:16:48","date_gmt":"2025-02-04T00:16:48","guid":{"rendered":"http:\/\/fokussrl.com\/prodotto\/cuisiniere-thermo-granules-isotta-21-kw\/"},"modified":"2025-02-04T01:34:09","modified_gmt":"2025-02-04T00:34:09","slug":"cuisiniere-thermo-granules-isotta-21-kw","status":"publish","type":"product","link":"https:\/\/www.fokussrl.com\/fr\/produit\/cuisiniere-thermo-granules-isotta-21-kw\/","title":{"rendered":"Cuisini\u00e8re thermo \u00e0 granul\u00e9s ISOTTA 21 kW &#8211; Eva Calor"},"content":{"rendered":"","protected":false},"excerpt":{"rendered":"<p>Panneau avant en verre s\u00e9rigraphi\u00e9 noir<\/p>\n<p>Four en acier inoxydable<\/p>\n<p>Guides de plateau amovibles<\/p>\n<p>Plateau en aluminium inclus<\/p>\n<p>Grille de plateau incluse<\/p>\n<p>Gestion de la temp\u00e9rature du four via l&rsquo;\u00e9cran (120\u00b0-240\u00b0C)<\/p>\n<p>5 r\u00e9glages de puissance<\/p>\n<p>\u00c9cran avec menu en 6 langues<\/p>\n<p>Peut \u00eatre install\u00e9e en version encastr\u00e9e ou en pose libre<\/p>\n<p>Tiroir \u00e0 cendres amovible pour la r\u00e9cup\u00e9ration des cendres<\/p>\n<p>Sortie de fum\u00e9e sup\u00e9rieure-arri\u00e8re<\/p>\n<p>T\u00e9l\u00e9commande incluse<\/p>\n<p>Thermostat de s\u00e9curit\u00e9<\/p>\n<p>Pr\u00eat pour thermostat externe<\/p>\n<p>Pressostat de s\u00e9curit\u00e9<\/p>\n<p>Chronothermostat<\/p>\n<p>Pompe de circulation<\/p>\n<p>Vase d&rsquo;expansion<\/p>\n<p>Soupape de s\u00e9curit\u00e9<\/p>\n","protected":false},"featured_media":60931,"template":"","meta":{"_acf_changed":false},"product_brand":[4807],"product_cat":[4614],"product_tag":[],"class_list":{"0":"post-61487","1":"product","2":"type-product","3":"status-publish","4":"has-post-thumbnail","6":"product_brand-eva-calor-fr","7":"product_cat-cuisinieres-hydro-a-granules","8":"product_shipping_class-termocucine-a-pellet-2","9":"pa_colore-blanc","10":"pa_colore-noir-rugueux","11":"pa_colore-rouge","12":"sales-flash-overlay","13":"woocommerce-text-align-center","14":"woocommerce-image-align-center","15":"do-quantity-buttons","17":"first","18":"instock","19":"taxable","20":"shipping-taxable","21":"purchasable","22":"product-type-variable"},"acf":[],"_links":{"self":[{"href":"https:\/\/www.fokussrl.com\/fr\/wp-json\/wp\/v2\/product\/61487","targetHints":{"allow":["GET"]}}],"collection":[{"href":"https:\/\/www.fokussrl.com\/fr\/wp-json\/wp\/v2\/product"}],"about":[{"href":"https:\/\/www.fokussrl.com\/fr\/wp-json\/wp\/v2\/types\/product"}],"wp:featuredmedia":[{"embeddable":true,"href":"https:\/\/www.fokussrl.com\/fr\/wp-json\/wp\/v2\/media\/60931"}],"wp:attachment":[{"href":"https:\/\/www.fokussrl.com\/fr\/wp-json\/wp\/v2\/media?parent=61487"}],"wp:term":[{"taxonomy":"product_brand","embeddable":true,"href":"https:\/\/www.fokussrl.com\/fr\/wp-json\/wp\/v2\/product_brand?post=61487"},{"taxonomy":"product_cat","embeddable":true,"href":"https:\/\/www.fokussrl.com\/fr\/wp-json\/wp\/v2\/product_cat?post=61487"},{"taxonomy":"product_tag","embeddable":true,"href":"https:\/\/www.fokussrl.com\/fr\/wp-json\/wp\/v2\/product_tag?post=61487"}],"curies":[{"name":"wp","href":"https:\/\/api.w.org\/{rel}","templated":true}]}}