{"id":61491,"date":"2025-02-04T01:16:48","date_gmt":"2025-02-04T00:16:48","guid":{"rendered":"http:\/\/fokussrl.com\/prodotto\/poele-thermo-bois-avec-cercles-loriet-s-dsa\/"},"modified":"2025-02-04T01:34:10","modified_gmt":"2025-02-04T00:34:10","slug":"poele-thermo-bois-avec-cercles-loriet-s-dsa","status":"publish","type":"product","link":"https:\/\/www.fokussrl.com\/fr\/produit\/poele-thermo-bois-avec-cercles-loriet-s-dsa\/","title":{"rendered":"Po\u00eale thermo \u00e0 bois avec cercles LORIET S DSA &#8211; La Nordica &#8211; Extraflame"},"content":{"rendered":"","protected":false},"excerpt":{"rendered":"<p>D\u00e9couvrez la chaleur enveloppante et l&rsquo;efficacit\u00e9 \u00e9cologique de la po\u00eale thermique \u00e0 bois Lori\u00e8t S DSA. Cette \u00e9l\u00e9gante po\u00eale thermique allie performance fiable et design raffin\u00e9, offrant une exp\u00e9rience de chauffage sup\u00e9rieure pour votre maison.<\/p>\n<p>Le foyer en acier\/fonte garantit une r\u00e9partition uniforme de la chaleur, tandis que la porte et le dessus en fonte \u00e9maill\u00e9e ajoutent une touche de style et de durabilit\u00e9. \u00c9quip\u00e9e d&rsquo;un tiroir \u00e0 cendres amovible pratique, la po\u00eale thermique Lori\u00e8t S DSA offre un nettoyage facile et rapide.<\/p>\n<p>Gr\u00e2ce \u00e0 la r\u00e9gulation de l&rsquo;air primaire et secondaire, vous pouvez g\u00e9rer la combustion de mani\u00e8re optimale pour maximiser l&rsquo;efficacit\u00e9 \u00e9nerg\u00e9tique et r\u00e9duire les \u00e9missions nocives. Le syst\u00e8me de post-combustion r\u00e9duit encore davantage l&rsquo;impact environnemental, garantissant une exp\u00e9rience de chauffage plus durable.<\/p>\n<p>Le verre c\u00e9ramique r\u00e9sistant \u00e0 la chaleur vous permet de profiter de la vue r\u00e9confortante des flammes tout en vous relaxant pr\u00e8s de la po\u00eale. De plus, la pr\u00e9disposition pour le dispositif de s\u00e9curit\u00e9 DSA, avec la valve DSA en option, offre une tranquillit\u00e9 suppl\u00e9mentaire pour vous et votre famille.<\/p>\n<p>Avec la possibilit\u00e9 de pr\u00e9lever de l&rsquo;air de l&rsquo;ext\u00e9rieur et de l&rsquo;introduire directement dans les registres de la po\u00eale, la po\u00eale thermique Lori\u00e8t S DSA assure une excellente combustion et un confort optimal dans votre maison.<\/p>\n","protected":false},"featured_media":60963,"template":"","meta":{"_acf_changed":false},"product_brand":[],"product_cat":[4557],"product_tag":[],"class_list":{"0":"post-61491","1":"product","2":"type-product","3":"status-publish","4":"has-post-thumbnail","6":"product_cat-termocamini-a-pellet","7":"sales-flash-overlay","8":"woocommerce-text-align-center","9":"woocommerce-image-align-center","10":"do-quantity-buttons","12":"first","13":"instock","14":"taxable","15":"shipping-taxable","16":"purchasable","17":"product-type-variable"},"acf":[],"_links":{"self":[{"href":"https:\/\/www.fokussrl.com\/fr\/wp-json\/wp\/v2\/product\/61491","targetHints":{"allow":["GET"]}}],"collection":[{"href":"https:\/\/www.fokussrl.com\/fr\/wp-json\/wp\/v2\/product"}],"about":[{"href":"https:\/\/www.fokussrl.com\/fr\/wp-json\/wp\/v2\/types\/product"}],"wp:featuredmedia":[{"embeddable":true,"href":"https:\/\/www.fokussrl.com\/fr\/wp-json\/wp\/v2\/media\/60963"}],"wp:attachment":[{"href":"https:\/\/www.fokussrl.com\/fr\/wp-json\/wp\/v2\/media?parent=61491"}],"wp:term":[{"taxonomy":"product_brand","embeddable":true,"href":"https:\/\/www.fokussrl.com\/fr\/wp-json\/wp\/v2\/product_brand?post=61491"},{"taxonomy":"product_cat","embeddable":true,"href":"https:\/\/www.fokussrl.com\/fr\/wp-json\/wp\/v2\/product_cat?post=61491"},{"taxonomy":"product_tag","embeddable":true,"href":"https:\/\/www.fokussrl.com\/fr\/wp-json\/wp\/v2\/product_tag?post=61491"}],"curies":[{"name":"wp","href":"https:\/\/api.w.org\/{rel}","templated":true}]}}