{"id":61494,"date":"2025-02-04T01:16:48","date_gmt":"2025-02-04T00:16:48","guid":{"rendered":"http:\/\/fokussrl.com\/prodotto\/poele-thermo-bois-wood-200\/"},"modified":"2025-02-04T01:34:12","modified_gmt":"2025-02-04T00:34:12","slug":"poele-thermo-bois-wood-200","status":"publish","type":"product","link":"https:\/\/www.fokussrl.com\/fr\/produit\/poele-thermo-bois-wood-200\/","title":{"rendered":"Po\u00eale thermo \u00e0 bois WOOD 200 &#8211; Carinci"},"content":{"rendered":"","protected":false},"excerpt":{"rendered":"<p>La Thermopo\u00eale avec 5 syst\u00e8mes de s\u00e9curit\u00e9 fonctionnant m\u00eame en l&rsquo;absence d&rsquo;\u00e9lectricit\u00e9<\/p>\n<p>La Carinci Wood 200 est une thermopo\u00eale \u00e0 bois pour le chauffage et la production d&rsquo;eau chaude sanitaire (ECS), compacte et performante, adapt\u00e9e \u00e0 tout type de syst\u00e8me de chauffage : avec radiateurs traditionnels ou syst\u00e8mes puffer.<\/p>\n<p>La thermopo\u00eale est fabriqu\u00e9e avec des mati\u00e8res premi\u00e8res de la plus haute qualit\u00e9.<\/p>\n<p>Les caract\u00e9ristiques distinctives sont la robustesse, la fiabilit\u00e9, les hautes performances, le rendement \u00e9lev\u00e9 et les \u00e9missions polluantes tr\u00e8s faibles. Le rev\u00eatement est r\u00e9alis\u00e9 avec des mati\u00e8res premi\u00e8res de la plus haute qualit\u00e9.<\/p>\n<p>Son design simple, lin\u00e9aire et harmonieux en fait un v\u00e9ritable \u00e9l\u00e9ment de d\u00e9coration, adapt\u00e9 \u00e0 des environnements rustiques ou classiques.<\/p>\n<p>La Carinci Wood 200 est \u00e9quip\u00e9e d&rsquo;une porte en acier au carbone, peinte \u00e0 haute temp\u00e9rature, et avec un verre c\u00e9ramique.<\/p>\n<p>Le dessus et les panneaux lat\u00e9raux sont en acier et rev\u00eatus de poudre avec une finition brillante haute r\u00e9sistance, tandis que la fa\u00e7ade est lisse avec une grille de ventilation en acier peint.<\/p>\n<p>Mod\u00e8le disponible en plusieurs couleurs.<\/p>\n<p><strong>S\u00c9CURIT\u00c9 MAXIMALE<\/strong><\/p>\n<p>La thermopo\u00eale Wood 200 est \u00e9quip\u00e9e de 5 dispositifs de s\u00e9curit\u00e9, tous fonctionnant m\u00eame en l&rsquo;absence d&rsquo;\u00e9lectricit\u00e9 :<\/p>\n<p>Vase d&rsquo;expansion ouvert en acier inoxydable<\/p>\n<p>Soupape de contr\u00f4le de combustion<\/p>\n<p>Double conduits \u00e0 l&rsquo;int\u00e9rieur du corps de la chaudi\u00e8re pour chaque paroi<\/p>\n<p>Soupape de s\u00e9curit\u00e9 et vase d&rsquo;expansion \u00e0 membrane sur le circuit secondaire<\/p>\n<p>Vase d&rsquo;expansion \u00e0 membrane sur le circuit secondaire<\/p>\n","protected":false},"featured_media":60978,"template":"","meta":{"_acf_changed":false},"product_brand":[4802],"product_cat":[4616],"product_tag":[],"class_list":{"0":"post-61494","1":"product","2":"type-product","3":"status-publish","4":"has-post-thumbnail","6":"product_brand-carinci-fr","7":"product_cat-poeles-hydro-au-bois","8":"product_shipping_class-termostufe-a-legna-2-2","9":"pa_colore-beige-brillant","10":"pa_colore-blanc-brillant","11":"pa_colore-bordeaux-brillant","12":"pa_colore-bronze-fr","13":"pa_colore-cuivre-martele","14":"pa_colore-gris","15":"pa_colore-noir-brillant","16":"sales-flash-overlay","17":"woocommerce-text-align-center","18":"woocommerce-image-align-center","19":"do-quantity-buttons","21":"first","22":"instock","23":"taxable","24":"shipping-taxable","25":"product-type-variable"},"acf":[],"_links":{"self":[{"href":"https:\/\/www.fokussrl.com\/fr\/wp-json\/wp\/v2\/product\/61494","targetHints":{"allow":["GET"]}}],"collection":[{"href":"https:\/\/www.fokussrl.com\/fr\/wp-json\/wp\/v2\/product"}],"about":[{"href":"https:\/\/www.fokussrl.com\/fr\/wp-json\/wp\/v2\/types\/product"}],"wp:featuredmedia":[{"embeddable":true,"href":"https:\/\/www.fokussrl.com\/fr\/wp-json\/wp\/v2\/media\/60978"}],"wp:attachment":[{"href":"https:\/\/www.fokussrl.com\/fr\/wp-json\/wp\/v2\/media?parent=61494"}],"wp:term":[{"taxonomy":"product_brand","embeddable":true,"href":"https:\/\/www.fokussrl.com\/fr\/wp-json\/wp\/v2\/product_brand?post=61494"},{"taxonomy":"product_cat","embeddable":true,"href":"https:\/\/www.fokussrl.com\/fr\/wp-json\/wp\/v2\/product_cat?post=61494"},{"taxonomy":"product_tag","embeddable":true,"href":"https:\/\/www.fokussrl.com\/fr\/wp-json\/wp\/v2\/product_tag?post=61494"}],"curies":[{"name":"wp","href":"https:\/\/api.w.org\/{rel}","templated":true}]}}