{"id":61509,"date":"2025-02-04T01:16:53","date_gmt":"2025-02-04T00:16:53","guid":{"rendered":"http:\/\/fokussrl.com\/prodotto\/poele-thermo-granules-nux-idro-14\/"},"modified":"2025-02-04T01:34:14","modified_gmt":"2025-02-04T00:34:14","slug":"poele-thermo-granules-nux-idro-14","status":"publish","type":"product","link":"https:\/\/www.fokussrl.com\/fr\/produit\/poele-thermo-granules-nux-idro-14\/","title":{"rendered":"Po\u00eale thermo \u00e0 granul\u00e9s NUX IDRO 14 &#8211; Kalor"},"content":{"rendered":"","protected":false},"excerpt":{"rendered":"<p>Ce produit allie une efficacit\u00e9 exceptionnelle \u00e0 un design attrayant.<\/p>\n<p>Il est dot\u00e9 d&rsquo;un verre \u00ab Magic \u00bb qui met en valeur la flamme tout en rendant le produit adapt\u00e9 \u00e0 tout type de d\u00e9coration.<\/p>\n<p>Verre Magic<\/p>\n<p>Double porte<\/p>\n<p>Brasero en acier<\/p>\n","protected":false},"featured_media":61049,"template":"","meta":{"_acf_changed":false},"product_brand":[4818],"product_cat":[4617],"product_tag":[],"class_list":{"0":"post-61509","1":"product","2":"type-product","3":"status-publish","4":"has-post-thumbnail","6":"product_brand-kalor-fr","7":"product_cat-poeles-hydro-a-granules","8":"product_shipping_class-termostufe-a-pellet-2","9":"pa_colore-anthracite-fr","10":"pa_colore-blanc","11":"pa_colore-bordeaux-fr","12":"sales-flash-overlay","13":"woocommerce-text-align-center","14":"woocommerce-image-align-center","15":"do-quantity-buttons","17":"first","18":"instock","19":"taxable","20":"shipping-taxable","21":"purchasable","22":"product-type-variable"},"acf":[],"_links":{"self":[{"href":"https:\/\/www.fokussrl.com\/fr\/wp-json\/wp\/v2\/product\/61509","targetHints":{"allow":["GET"]}}],"collection":[{"href":"https:\/\/www.fokussrl.com\/fr\/wp-json\/wp\/v2\/product"}],"about":[{"href":"https:\/\/www.fokussrl.com\/fr\/wp-json\/wp\/v2\/types\/product"}],"wp:featuredmedia":[{"embeddable":true,"href":"https:\/\/www.fokussrl.com\/fr\/wp-json\/wp\/v2\/media\/61049"}],"wp:attachment":[{"href":"https:\/\/www.fokussrl.com\/fr\/wp-json\/wp\/v2\/media?parent=61509"}],"wp:term":[{"taxonomy":"product_brand","embeddable":true,"href":"https:\/\/www.fokussrl.com\/fr\/wp-json\/wp\/v2\/product_brand?post=61509"},{"taxonomy":"product_cat","embeddable":true,"href":"https:\/\/www.fokussrl.com\/fr\/wp-json\/wp\/v2\/product_cat?post=61509"},{"taxonomy":"product_tag","embeddable":true,"href":"https:\/\/www.fokussrl.com\/fr\/wp-json\/wp\/v2\/product_tag?post=61509"}],"curies":[{"name":"wp","href":"https:\/\/api.w.org\/{rel}","templated":true}]}}