{"id":61513,"date":"2025-02-04T01:16:53","date_gmt":"2025-02-04T00:16:53","guid":{"rendered":"http:\/\/fokussrl.com\/prodotto\/poele-thermo-granules-quadra-idro\/"},"modified":"2025-02-04T01:34:16","modified_gmt":"2025-02-04T00:34:16","slug":"poele-thermo-granules-quadra-idro","status":"publish","type":"product","link":"https:\/\/www.fokussrl.com\/fr\/produit\/poele-thermo-granules-quadra-idro\/","title":{"rendered":"Po\u00eale thermo \u00e0 granul\u00e9s QUADRA IDRO &#8211; Kalor"},"content":{"rendered":"","protected":false},"excerpt":{"rendered":"<p>Suite au succ\u00e8s retentissant des po\u00eales \u00e0 air <strong>Gain de Place<\/strong>, les po\u00eales thermiques Gain de Place permettent \u00e9galement de profiter de la flamme agr\u00e9able dans le salon tout en chauffant efficacement et \u00e9conomiquement toute la maison gr\u00e2ce au syst\u00e8me de chauffage traditionnel.<\/p>\n","protected":false},"featured_media":60720,"template":"","meta":{"_acf_changed":false},"product_brand":[4818],"product_cat":[4617],"product_tag":[],"class_list":{"0":"post-61513","1":"product","2":"type-product","3":"status-publish","4":"has-post-thumbnail","6":"product_brand-kalor-fr","7":"product_cat-poeles-hydro-a-granules","8":"product_shipping_class-termostufe-a-pellet-2","9":"pa_colore-blanc","10":"pa_colore-bordeaux-fr","11":"pa_colore-noir","12":"sales-flash-overlay","13":"woocommerce-text-align-center","14":"woocommerce-image-align-center","15":"do-quantity-buttons","17":"first","18":"instock","19":"taxable","20":"shipping-taxable","21":"product-type-variable"},"acf":[],"_links":{"self":[{"href":"https:\/\/www.fokussrl.com\/fr\/wp-json\/wp\/v2\/product\/61513","targetHints":{"allow":["GET"]}}],"collection":[{"href":"https:\/\/www.fokussrl.com\/fr\/wp-json\/wp\/v2\/product"}],"about":[{"href":"https:\/\/www.fokussrl.com\/fr\/wp-json\/wp\/v2\/types\/product"}],"wp:featuredmedia":[{"embeddable":true,"href":"https:\/\/www.fokussrl.com\/fr\/wp-json\/wp\/v2\/media\/60720"}],"wp:attachment":[{"href":"https:\/\/www.fokussrl.com\/fr\/wp-json\/wp\/v2\/media?parent=61513"}],"wp:term":[{"taxonomy":"product_brand","embeddable":true,"href":"https:\/\/www.fokussrl.com\/fr\/wp-json\/wp\/v2\/product_brand?post=61513"},{"taxonomy":"product_cat","embeddable":true,"href":"https:\/\/www.fokussrl.com\/fr\/wp-json\/wp\/v2\/product_cat?post=61513"},{"taxonomy":"product_tag","embeddable":true,"href":"https:\/\/www.fokussrl.com\/fr\/wp-json\/wp\/v2\/product_tag?post=61513"}],"curies":[{"name":"wp","href":"https:\/\/api.w.org\/{rel}","templated":true}]}}