{"id":61525,"date":"2025-02-04T01:16:58","date_gmt":"2025-02-04T00:16:58","guid":{"rendered":"http:\/\/fokussrl.com\/prodotto\/chariot-panda-6-roues-pour-bois-granules\/"},"modified":"2025-02-04T01:34:19","modified_gmt":"2025-02-04T00:34:19","slug":"chariot-panda-6-roues-pour-bois-granules","status":"publish","type":"product","link":"https:\/\/www.fokussrl.com\/fr\/produit\/chariot-panda-6-roues-pour-bois-granules\/","title":{"rendered":"Chariot PANDA 6 ROUES pour bois-granul\u00e9s"},"content":{"rendered":"","protected":false},"excerpt":{"rendered":"<p>Le partenaire id\u00e9al pour le chargement des po\u00eales \u00e0 granul\u00e9s de bois et des chemin\u00e9es. Un accessoire pratique con\u00e7u pour vous accompagner dans vos gestes quotidiens. Esth\u00e9tiquement con\u00e7u pour d\u00e9corer, techniquement con\u00e7u comme le partenaire id\u00e9al pour le chargement des po\u00eales \u00e0 granul\u00e9s de bois et des chemin\u00e9es. Version \u00e0 6 roues pour faciliter la mont\u00e9e des escaliers.<\/p>\n","protected":false},"featured_media":61081,"template":"","meta":{"_acf_changed":false},"product_brand":[],"product_cat":[4567],"product_tag":[],"class_list":{"0":"post-61525","1":"product","2":"type-product","3":"status-publish","4":"has-post-thumbnail","6":"product_cat-accessoires-pour-poeles-et-cheminees","7":"product_shipping_class-accessori-2-2","8":"pa_colore-argent-metallise","9":"pa_colore-blanc","10":"pa_colore-bordeaux-fr","11":"pa_colore-cuivre","12":"pa_colore-noir","13":"sales-flash-overlay","14":"woocommerce-text-align-center","15":"woocommerce-image-align-center","16":"do-quantity-buttons","18":"first","19":"instock","20":"taxable","21":"shipping-taxable","22":"purchasable","23":"product-type-variable"},"acf":[],"_links":{"self":[{"href":"https:\/\/www.fokussrl.com\/fr\/wp-json\/wp\/v2\/product\/61525","targetHints":{"allow":["GET"]}}],"collection":[{"href":"https:\/\/www.fokussrl.com\/fr\/wp-json\/wp\/v2\/product"}],"about":[{"href":"https:\/\/www.fokussrl.com\/fr\/wp-json\/wp\/v2\/types\/product"}],"wp:featuredmedia":[{"embeddable":true,"href":"https:\/\/www.fokussrl.com\/fr\/wp-json\/wp\/v2\/media\/61081"}],"wp:attachment":[{"href":"https:\/\/www.fokussrl.com\/fr\/wp-json\/wp\/v2\/media?parent=61525"}],"wp:term":[{"taxonomy":"product_brand","embeddable":true,"href":"https:\/\/www.fokussrl.com\/fr\/wp-json\/wp\/v2\/product_brand?post=61525"},{"taxonomy":"product_cat","embeddable":true,"href":"https:\/\/www.fokussrl.com\/fr\/wp-json\/wp\/v2\/product_cat?post=61525"},{"taxonomy":"product_tag","embeddable":true,"href":"https:\/\/www.fokussrl.com\/fr\/wp-json\/wp\/v2\/product_tag?post=61525"}],"curies":[{"name":"wp","href":"https:\/\/api.w.org\/{rel}","templated":true}]}}