{"id":66192,"date":"2025-07-18T15:29:57","date_gmt":"2025-07-18T13:29:57","guid":{"rendered":"https:\/\/www.fokussrl.com\/?post_type=product&#038;p=66192"},"modified":"2025-07-18T15:35:29","modified_gmt":"2025-07-18T13:35:29","slug":"gril-avec-elevateur-frontal-fm-calefaccion-copia","status":"publish","type":"product","link":"https:\/\/www.fokussrl.com\/fr\/produit\/gril-avec-elevateur-frontal-fm-calefaccion-copia\/","title":{"rendered":"Gril avec \u00e9l\u00e9vateur frontal &#8211; FM Calefacci\u00f3n (Copia)"},"content":{"rendered":"","protected":false},"excerpt":{"rendered":"<p>Gril avec \u00e9l\u00e9vateur frontal pour produits Fm list\u00e9s ici : Mod\u00e8les BF-60 \/ BF-70 FUSI\u00d3N 140 \/ FUSI\u00d3N 160<\/p>\n<ul>\n<li>Inclut une grille en acier inoxydable<\/li>\n<li>Peinture \u00e9poxy<\/li>\n<li>Dimensions de la grille : 455 x 560 mm<\/li>\n<li>Dimensions de l&rsquo;\u00e9quipement : 435 x 570 x 570 mm (Hauteur\/Largeur\/Profondeur)<\/li>\n<li>Poids : 15 kg<\/li>\n<li>Fabriqu\u00e9 en acier jusqu&rsquo;\u00e0 3 mm<\/li>\n<\/ul>\n","protected":false},"featured_media":66196,"template":"","meta":{"_acf_changed":false},"product_brand":[4809],"product_cat":[4567],"product_tag":[],"class_list":{"0":"post-66192","1":"product","2":"type-product","3":"status-publish","4":"has-post-thumbnail","6":"product_brand-fm-calefaccion-fr","7":"product_cat-accessoires-pour-poeles-et-cheminees","8":"product_shipping_class-accessori-2-2","9":"sales-flash-overlay","10":"woocommerce-text-align-center","11":"woocommerce-image-align-center","12":"do-quantity-buttons","14":"first","15":"instock","16":"taxable","17":"shipping-taxable","18":"purchasable","19":"product-type-simple"},"acf":[],"_links":{"self":[{"href":"https:\/\/www.fokussrl.com\/fr\/wp-json\/wp\/v2\/product\/66192","targetHints":{"allow":["GET"]}}],"collection":[{"href":"https:\/\/www.fokussrl.com\/fr\/wp-json\/wp\/v2\/product"}],"about":[{"href":"https:\/\/www.fokussrl.com\/fr\/wp-json\/wp\/v2\/types\/product"}],"wp:featuredmedia":[{"embeddable":true,"href":"https:\/\/www.fokussrl.com\/fr\/wp-json\/wp\/v2\/media\/66196"}],"wp:attachment":[{"href":"https:\/\/www.fokussrl.com\/fr\/wp-json\/wp\/v2\/media?parent=66192"}],"wp:term":[{"taxonomy":"product_brand","embeddable":true,"href":"https:\/\/www.fokussrl.com\/fr\/wp-json\/wp\/v2\/product_brand?post=66192"},{"taxonomy":"product_cat","embeddable":true,"href":"https:\/\/www.fokussrl.com\/fr\/wp-json\/wp\/v2\/product_cat?post=66192"},{"taxonomy":"product_tag","embeddable":true,"href":"https:\/\/www.fokussrl.com\/fr\/wp-json\/wp\/v2\/product_tag?post=66192"}],"curies":[{"name":"wp","href":"https:\/\/api.w.org\/{rel}","templated":true}]}}