{"id":66850,"date":"2025-10-02T09:12:42","date_gmt":"2025-10-02T07:12:42","guid":{"rendered":"https:\/\/www.fokussrl.com\/?post_type=product&#038;p=66850"},"modified":"2025-12-04T08:13:47","modified_gmt":"2025-12-04T07:13:47","slug":"cheminee-murale-a-bois-d-8-13-kw-rocal","status":"publish","type":"product","link":"https:\/\/www.fokussrl.com\/fr\/produit\/cheminee-murale-a-bois-d-8-13-kw-rocal\/","title":{"rendered":"Chemin\u00e9e murale \u00e0 bois D-8 13 kW &#8211; Rocal"},"content":{"rendered":"<ul>\n<li>Structure en acier \u00e0 haute \u00e9paisseur peint en noir<\/li>\n<li>Puissance maximale : 13 kW<\/li>\n<li>Puissance nominale : 11,5 kW<\/li>\n<li>Rendement : 87%<\/li>\n<li>\u00c9missions de poussi\u00e8res : CO \u00e0 13 % O2 = 0,063 %<\/li>\n<li>Poids : 180 kg<\/li>\n<li>Prise d&rsquo;air externe<\/li>\n<li>Dimensions : 1030 x 2655 x 423<\/li>\n<li>Certification : UNE-EN 13240<\/li>\n<\/ul>\n","protected":false},"excerpt":{"rendered":"<p>Sa forme particuli\u00e8re en fait une chemin\u00e9e con\u00e7ue pour les salons modernes en qu\u00eate d&rsquo;une touche suppl\u00e9mentaire d&rsquo;originalit\u00e9. Le design plat et les c\u00f4t\u00e9s arrondis permettent de charger davantage de bois.<\/p>\n","protected":false},"featured_media":53274,"template":"","meta":{"_acf_changed":false},"product_brand":[4836],"product_cat":[4582,4585],"product_tag":[],"class_list":{"0":"post-66850","1":"product","2":"type-product","3":"status-publish","4":"has-post-thumbnail","6":"product_brand-rocal-fr","7":"product_cat-cheminees-design","8":"product_cat-cheminees-modernes-au-bois-murales","9":"product_shipping_class-caminetti-di-design-2-2","10":"sales-flash-overlay","11":"woocommerce-text-align-center","12":"woocommerce-image-align-center","13":"do-quantity-buttons","15":"first","16":"instock","17":"taxable","18":"shipping-taxable","19":"product-type-simple"},"acf":[],"_links":{"self":[{"href":"https:\/\/www.fokussrl.com\/fr\/wp-json\/wp\/v2\/product\/66850","targetHints":{"allow":["GET"]}}],"collection":[{"href":"https:\/\/www.fokussrl.com\/fr\/wp-json\/wp\/v2\/product"}],"about":[{"href":"https:\/\/www.fokussrl.com\/fr\/wp-json\/wp\/v2\/types\/product"}],"wp:featuredmedia":[{"embeddable":true,"href":"https:\/\/www.fokussrl.com\/fr\/wp-json\/wp\/v2\/media\/53274"}],"wp:attachment":[{"href":"https:\/\/www.fokussrl.com\/fr\/wp-json\/wp\/v2\/media?parent=66850"}],"wp:term":[{"taxonomy":"product_brand","embeddable":true,"href":"https:\/\/www.fokussrl.com\/fr\/wp-json\/wp\/v2\/product_brand?post=66850"},{"taxonomy":"product_cat","embeddable":true,"href":"https:\/\/www.fokussrl.com\/fr\/wp-json\/wp\/v2\/product_cat?post=66850"},{"taxonomy":"product_tag","embeddable":true,"href":"https:\/\/www.fokussrl.com\/fr\/wp-json\/wp\/v2\/product_tag?post=66850"}],"curies":[{"name":"wp","href":"https:\/\/api.w.org\/{rel}","templated":true}]}}