{"id":67092,"date":"2025-10-21T16:22:28","date_gmt":"2025-10-21T14:22:28","guid":{"rendered":"https:\/\/www.fokussrl.com\/?post_type=product&#038;p=67092"},"modified":"2025-12-03T10:27:00","modified_gmt":"2025-12-03T09:27:00","slug":"poele-a-bois-a-accumulation-v-150-s-la-valmarecchia-copia","status":"publish","type":"product","link":"https:\/\/www.fokussrl.com\/fr\/produit\/poele-a-bois-a-accumulation-v-150-s-la-valmarecchia-copia\/","title":{"rendered":"Po\u00eale \u00e0 bois \u00e0 accumulation FLAT &#8211; Nobis"},"content":{"rendered":"<p data-start=\"40\" data-end=\"281\">CONVECTION NATURELLE<br data-start=\"64\" data-end=\"67\" \/>VITRE AVEC CADRE R\u00c9DUIT POUR UNE MEILLEURE VISION DE LA FLAMME<br data-start=\"133\" data-end=\"136\" \/>CONTR\u00d4LE DE L\u2019AIR PRIMAIRE ET SECONDAIRE<br data-start=\"180\" data-end=\"183\" \/>STOCKAGE DE CHALEUR SUPPL\u00c9MENTAIRE \u00c0 LIB\u00c9RATION LENTE<br data-start=\"240\" data-end=\"243\" \/>VERSION AVEC TIROIR DE RANGEMENT<\/p>\n<p data-start=\"283\" data-end=\"300\">OPTIONNEL :<\/p>\n<ul data-start=\"301\" data-end=\"386\" data-is-last-node=\"\" data-is-only-node=\"\">\n<li data-start=\"301\" data-end=\"336\">\n<p data-start=\"303\" data-end=\"336\">CANALISATION SIMPLE (\u00d860MM)<\/p>\n<\/li>\n<li data-start=\"337\" data-end=\"386\" data-is-last-node=\"\">\n<p data-start=\"339\" data-end=\"386\" data-is-last-node=\"\">VENTILATION FRONTALE AVEC MOTEUR CENTRIFUGE<\/p>\n<\/li>\n<\/ul>\n","protected":false},"excerpt":{"rendered":"<p data-start=\"40\" data-end=\"110\"><strong data-start=\"40\" data-end=\"108\">Po\u00eales \u00e0 bois Nobis : la chaleur qui d\u00e9core et chauffe longtemps<\/strong><\/p>\n<p data-start=\"112\" data-end=\"590\">La nouvelle gamme de po\u00eales \u00e0 bois Nobis red\u00e9couvre le plaisir authentique du feu : le mouvement de la flamme, le parfum du bois et la chaleur naturelle qui enveloppe les pi\u00e8ces. Chaque mod\u00e8le est con\u00e7u pour allier esth\u00e9tique et fonctionnalit\u00e9, avec des finitions personnalisables et des accessoires modulables tels que le tiroir \u00e0 b\u00fbches, le four et un stockage thermique de 75 kg \u00e0 lib\u00e9ration lente, qui conserve la chaleur pendant des heures m\u00eame apr\u00e8s l\u2019extinction du feu.<\/p>\n<p data-start=\"592\" data-end=\"917\" data-is-last-node=\"\" data-is-only-node=\"\">Les po\u00eales sont \u00e9quip\u00e9s d\u2019une chambre de combustion spacieuse (32 x 35 x 45 cm), adapt\u00e9e aux b\u00fbches jusqu\u2019\u00e0 35 cm, et d\u2019une vitre \u00e0 cadre r\u00e9duit qui met en valeur la flamme, en faisant le v\u00e9ritable point central de la pi\u00e8ce. Une solution moderne, \u00e9l\u00e9gante et performante qui transforme chaque pause en un moment de bien-\u00eatre.<\/p>\n<p>Laser Team (fabricant des po\u00eales La Valmarecchia) op\u00e8re conform\u00e9ment aux normes europ\u00e9ennes en vigueur dans le secteur. Les po\u00eales LA VALMARECCHIA sont certifi\u00e9s UNI EN 15250:2007.<\/p>\n","protected":false},"featured_media":67276,"template":"","meta":{"_acf_changed":false},"product_brand":[4831],"product_cat":[4599],"product_tag":[],"class_list":{"0":"post-67092","1":"product","2":"type-product","3":"status-publish","4":"has-post-thumbnail","6":"product_brand-nobis-fr","7":"product_cat-poeles-au-bois","8":"product_shipping_class-stufe-legna-pellet-2-2","9":"pa_colore-blanc","10":"pa_colore-bronze-fr-2","11":"pa_colore-fonce","12":"pa_colore-gris-fr","13":"pa_colore-noir","14":"pa_colore-travertin","15":"pa_modello-flat-300","16":"pa_modello-flat-500","17":"pa_modello-flat-700","18":"pa_potenza-10-kw-fr","19":"pa_potenza-8-kw-fr","20":"sales-flash-overlay","21":"woocommerce-text-align-center","22":"woocommerce-image-align-center","23":"do-quantity-buttons","25":"first","26":"instock","27":"taxable","28":"shipping-taxable","29":"purchasable","30":"product-type-variable","31":"has-default-attributes"},"acf":[],"_links":{"self":[{"href":"https:\/\/www.fokussrl.com\/fr\/wp-json\/wp\/v2\/product\/67092","targetHints":{"allow":["GET"]}}],"collection":[{"href":"https:\/\/www.fokussrl.com\/fr\/wp-json\/wp\/v2\/product"}],"about":[{"href":"https:\/\/www.fokussrl.com\/fr\/wp-json\/wp\/v2\/types\/product"}],"wp:featuredmedia":[{"embeddable":true,"href":"https:\/\/www.fokussrl.com\/fr\/wp-json\/wp\/v2\/media\/67276"}],"wp:attachment":[{"href":"https:\/\/www.fokussrl.com\/fr\/wp-json\/wp\/v2\/media?parent=67092"}],"wp:term":[{"taxonomy":"product_brand","embeddable":true,"href":"https:\/\/www.fokussrl.com\/fr\/wp-json\/wp\/v2\/product_brand?post=67092"},{"taxonomy":"product_cat","embeddable":true,"href":"https:\/\/www.fokussrl.com\/fr\/wp-json\/wp\/v2\/product_cat?post=67092"},{"taxonomy":"product_tag","embeddable":true,"href":"https:\/\/www.fokussrl.com\/fr\/wp-json\/wp\/v2\/product_tag?post=67092"}],"curies":[{"name":"wp","href":"https:\/\/api.w.org\/{rel}","templated":true}]}}