{"id":67941,"date":"2025-11-27T08:48:14","date_gmt":"2025-11-27T07:48:14","guid":{"rendered":"https:\/\/www.fokussrl.com\/?post_type=product&#038;p=67941"},"modified":"2025-12-03T09:15:06","modified_gmt":"2025-12-03T08:15:06","slug":"poele-a-bois-air-wood-avec-four-carinci","status":"publish","type":"product","link":"https:\/\/www.fokussrl.com\/fr\/produit\/poele-a-bois-air-wood-avec-four-carinci\/","title":{"rendered":"Po\u00eale \u00e0 bois AIR WOOD avec four &#8211; Carinci"},"content":{"rendered":"<p data-start=\"38\" data-end=\"178\"><strong data-start=\"38\" data-end=\"69\">Caract\u00e9ristiques techniques<\/strong><br data-start=\"69\" data-end=\"72\" \/>Le po\u00eale <em data-start=\"81\" data-end=\"91\">Air Wood<\/em> de Carinci repr\u00e9sente le summum de la technologie de chauffage \u00e0 air aliment\u00e9 au bois.<\/p>\n<p data-start=\"180\" data-end=\"446\">Ce mod\u00e8le se distingue par la prestigieuse <strong data-start=\"223\" data-end=\"267\">Certification Environnementale 5 \u00c9toiles<\/strong>, qui atteste de sa tr\u00e8s haute efficacit\u00e9 \u00e9nerg\u00e9tique et de ses tr\u00e8s faibles \u00e9missions polluantes, vous garantissant un chauffage \u00e9cologique conforme aux normes les plus strictes.<\/p>\n<p data-start=\"448\" data-end=\"589\"><strong data-start=\"448\" data-end=\"497\">Innovation et fonctionnalit\u00e9s op\u00e9rationnelles<\/strong><br data-start=\"497\" data-end=\"500\" \/>Le po\u00eale est con\u00e7u pour offrir un maximum de confort avec un minimum d\u2019effort quotidien :<\/p>\n<ul data-start=\"591\" data-end=\"1275\">\n<li data-start=\"591\" data-end=\"949\">\n<p data-start=\"593\" data-end=\"949\"><strong data-start=\"593\" data-end=\"632\">Facilit\u00e9 d\u2019utilisation et autonomie<\/strong> : gr\u00e2ce \u00e0 la facilit\u00e9 de chargement et au syst\u00e8me d\u2019allumage par le haut, la pr\u00e9paration est simple et rapide. Avec une seule charge de bois, vous pouvez profiter de 6 \u00e0 8 heures de chauffage, offrant une autonomie qui vous permet de sortir en toute libert\u00e9 et s\u00e9curit\u00e9 sans devoir surveiller constamment le po\u00eale.<\/p>\n<\/li>\n<li data-start=\"950\" data-end=\"1161\">\n<p data-start=\"952\" data-end=\"1161\"><strong data-start=\"952\" data-end=\"982\">Performances de combustion<\/strong> : le m\u00e9canisme garantit un pr\u00e9chauffage du bois et une flamme diffuse qui br\u00fble de mani\u00e8re uniforme, assurant un rendement constant et une exceptionnelle rapidit\u00e9 de chauffage.<\/p>\n<\/li>\n<li data-start=\"1162\" data-end=\"1275\">\n<p data-start=\"1164\" data-end=\"1275\"><strong data-start=\"1164\" data-end=\"1184\">Entretien simple<\/strong> : le nettoyage est pratique et rapide, r\u00e9duisant le temps consacr\u00e9 \u00e0 l\u2019entretien du po\u00eale.<\/p>\n<\/li>\n<\/ul>\n<p data-start=\"1277\" data-end=\"1430\"><strong data-start=\"1277\" data-end=\"1314\">Avantages et b\u00e9n\u00e9fices techniques<\/strong><br data-start=\"1314\" data-end=\"1317\" \/>La combinaison de mat\u00e9riaux de haute qualit\u00e9 et d\u2019une technologie avanc\u00e9e se traduit par des b\u00e9n\u00e9fices durables :<\/p>\n<ul data-start=\"1432\" data-end=\"2033\">\n<li data-start=\"1432\" data-end=\"1614\">\n<p data-start=\"1434\" data-end=\"1614\"><strong data-start=\"1434\" data-end=\"1457\">Efficacit\u00e9 maximale<\/strong> : l\u2019Air Wood offre un rendement de combustion \u00e9lev\u00e9 et permet d\u2019atteindre des temp\u00e9ratures de fonctionnement \u00e9lev\u00e9es, maximisant la performance thermique.<\/p>\n<\/li>\n<li data-start=\"1615\" data-end=\"1859\">\n<p data-start=\"1617\" data-end=\"1859\"><strong data-start=\"1617\" data-end=\"1653\">Longue dur\u00e9e et propret\u00e9 interne<\/strong> : la technologie de la chambre de combustion en mat\u00e9riau r\u00e9fractaire contribue \u00e0 \u00e9liminer les d\u00e9p\u00f4ts de cr\u00e9osote pr\u00e8s des parois, garantissant la long\u00e9vit\u00e9 du produit et maintenant un rendement constant.<\/p>\n<\/li>\n<li data-start=\"1860\" data-end=\"2033\">\n<p data-start=\"1862\" data-end=\"2033\"><strong data-start=\"1862\" data-end=\"1892\">Respect de l\u2019environnement<\/strong> : gr\u00e2ce \u00e0 ses faibles \u00e9missions polluantes (Certification 5 \u00c9toiles), vous chauffez votre maison tout en r\u00e9duisant l\u2019impact environnemental.<\/p>\n<\/li>\n<\/ul>\n<p data-start=\"2035\" data-end=\"2231\"><strong data-start=\"2035\" data-end=\"2075\">Distribution de la chaleur et design<\/strong><br data-start=\"2075\" data-end=\"2078\" \/>Le po\u00eale est \u00e9quip\u00e9 d\u2019un syst\u00e8me d\u2019air chaud ventil\u00e9 avec bouches frontales et arri\u00e8re, et il est pr\u00e9dispos\u00e9 pour des sorties canalis\u00e9es suppl\u00e9mentaires.<\/p>\n<p data-start=\"2233\" data-end=\"2357\">Cela vous permet de distribuer la chaleur de mani\u00e8re flexible. Il comprend \u00e9galement un pratique four chauffe-plats int\u00e9gr\u00e9.<\/p>\n<p data-start=\"2359\" data-end=\"2464\">Le design polyvalent, disponible en plusieurs teintes, s\u2019adapte parfaitement \u00e0 tout type d\u2019environnement.<\/p>\n","protected":false},"excerpt":{"rendered":"<p data-start=\"38\" data-end=\"205\"><strong data-start=\"38\" data-end=\"94\">Po\u00eale \u00e0 Bois Air Wood Carinci : Efficacit\u00e9 5 \u00c9toiles<\/strong><br data-start=\"94\" data-end=\"97\" \/>Le po\u00eale \u00e0 air Air Wood Carinci offre une tr\u00e8s haute efficacit\u00e9 et de faibles \u00e9missions, certifi\u00e9 5 \u00c9toiles.<\/p>\n<p data-start=\"207\" data-end=\"367\">Il est dot\u00e9 d\u2019une chambre de combustion en mat\u00e9riau r\u00e9fractaire, d\u2019un allumage par le haut et d\u2019un syst\u00e8me d\u2019air chaud ventil\u00e9, pr\u00e9dispos\u00e9 pour la canalisation.<\/p>\n<p data-start=\"369\" data-end=\"410\">Il inclut un pratique four chauffe-plats.<\/p>\n<p data-start=\"412\" data-end=\"507\">Un design \u00e9l\u00e9gant et des performances \u00e9lev\u00e9es r\u00e9unis dans un produit de qualit\u00e9 et de s\u00e9curit\u00e9.<\/p>\n","protected":false},"featured_media":68124,"template":"","meta":{"_acf_changed":false},"product_brand":[4802],"product_cat":[4601],"product_tag":[],"class_list":{"0":"post-67941","1":"product","2":"type-product","3":"status-publish","4":"has-post-thumbnail","6":"product_brand-carinci-fr","7":"product_cat-poeles-au-bois-avec-four","8":"product_shipping_class-stufe-legna-pellet-2-2","9":"pa_colore-blanc","10":"pa_colore-bordeaux-fr","11":"pa_colore-noir","12":"pa_potenza-12-kw-fr","13":"pa_potenza-14-kw-fr","14":"pa_potenza-16-kw-fr","15":"pa_potenza-18-kw-fr","16":"pa_potenza-20-kw-fr","17":"pa_potenza-22-kw-fr","18":"pa_versione-2-canalisations","19":"pa_versione-convection-naturelle","20":"pa_versione-ventilation-frontale","21":"sales-flash-overlay","22":"woocommerce-text-align-center","23":"woocommerce-image-align-center","24":"do-quantity-buttons","26":"first","27":"instock","28":"taxable","29":"shipping-taxable","30":"purchasable","31":"product-type-variable"},"acf":[],"_links":{"self":[{"href":"https:\/\/www.fokussrl.com\/fr\/wp-json\/wp\/v2\/product\/67941","targetHints":{"allow":["GET"]}}],"collection":[{"href":"https:\/\/www.fokussrl.com\/fr\/wp-json\/wp\/v2\/product"}],"about":[{"href":"https:\/\/www.fokussrl.com\/fr\/wp-json\/wp\/v2\/types\/product"}],"wp:featuredmedia":[{"embeddable":true,"href":"https:\/\/www.fokussrl.com\/fr\/wp-json\/wp\/v2\/media\/68124"}],"wp:attachment":[{"href":"https:\/\/www.fokussrl.com\/fr\/wp-json\/wp\/v2\/media?parent=67941"}],"wp:term":[{"taxonomy":"product_brand","embeddable":true,"href":"https:\/\/www.fokussrl.com\/fr\/wp-json\/wp\/v2\/product_brand?post=67941"},{"taxonomy":"product_cat","embeddable":true,"href":"https:\/\/www.fokussrl.com\/fr\/wp-json\/wp\/v2\/product_cat?post=67941"},{"taxonomy":"product_tag","embeddable":true,"href":"https:\/\/www.fokussrl.com\/fr\/wp-json\/wp\/v2\/product_tag?post=67941"}],"curies":[{"name":"wp","href":"https:\/\/api.w.org\/{rel}","templated":true}]}}