{"id":68545,"date":"2026-01-15T08:04:40","date_gmt":"2026-01-15T07:04:40","guid":{"rendered":"https:\/\/www.fokussrl.com\/?post_type=product&#038;p=68545"},"modified":"2026-01-15T08:38:51","modified_gmt":"2026-01-15T07:38:51","slug":"cheminee-electrique-solus-220-e-trimline-copia-2","status":"publish","type":"product","link":"https:\/\/www.fokussrl.com\/fr\/produit\/cheminee-electrique-solus-220-e-trimline-copia-2\/","title":{"rendered":"Chemin\u00e9e \u00e9lectrique SOLUS 220 E &#8211; Trimline"},"content":{"rendered":"<ul>\n<li>Dimensions n\u00e9cessaires pour l\u2019encastrement (L x H x P) :223 x 54,8 x 28,1 cm<br data-start=\"120\" data-end=\"123\" \/>Dimensions du conduit visibles apr\u00e8s encastrement (L x H) : 220 x 39,4 cm<br data-start=\"199\" data-end=\"202\" \/>Puissance maximale : 1,8 kW<br data-start=\"233\" data-end=\"236\" \/>Puissance minimale : 0,9 kW<br data-start=\"267\" data-end=\"270\" \/>Poids : 87 kg<br data-start=\"287\" data-end=\"290\" \/>R\u00e9glage de la puissance et de la luminosit\u00e9 : via t\u00e9l\u00e9commande<br data-start=\"356\" data-end=\"359\" \/>R\u00e9glage thermostatique de la puissance : via t\u00e9l\u00e9commande<br data-start=\"420\" data-end=\"423\" \/>Couleurs de la flamme avec diff\u00e9rentes combinaisons ou flamme \u00e9teinte<br data-start=\"496\" data-end=\"499\" \/>Couleurs du lit de combustion avec diff\u00e9rentes combinaisons ou flamme \u00e9teinte<br data-start=\"580\" data-end=\"583\" \/>Couleurs de la lumi\u00e8re sous le lit de combustion avec diff\u00e9rentes combinaisons ou flamme \u00e9teinte<br data-start=\"683\" data-end=\"686\" \/>Six th\u00e8mes lumineux pr\u00e9programm\u00e9s inclus<br data-start=\"730\" data-end=\"733\" \/>Rev\u00eatement au choix \u00e0 la base : b\u00fbches, galets gris et clairs ou effet glace<br data-start=\"813\" data-end=\"816\" \/>Effet sonore cr\u00e9pitement du feu<br data-start=\"851\" data-end=\"854\" \/>\u00c9vacuation des fum\u00e9es : PAS de conduit de chemin\u00e9e n\u00e9cessaire<br data-start=\"919\" data-end=\"922\" \/>Possibilit\u00e9 d\u2019utilisation sans chauffage : oui<br data-start=\"972\" data-end=\"975\" \/>Installation : insert encastrable<br data-start=\"1012\" data-end=\"1015\" \/>Commandable via t\u00e9l\u00e9commande ou application TUYA SMART t\u00e9l\u00e9chargeable sur App Store iOS ou Android<\/li>\n<\/ul>\n","protected":false},"excerpt":{"rendered":"<p data-start=\"39\" data-end=\"289\">Le superbe foyer d\u2019angle <strong>Solus 220E<\/strong> transforme n\u2019importe quel espace en une v\u00e9ritable \u0153uvre d\u2019art.<br data-start=\"140\" data-end=\"143\" \/>D\u2019une simple pression sur un bouton, cet appareil illumine votre quotidien en apportant chaleur, atmosph\u00e8re et une nouvelle vitalit\u00e9 \u00e0 la pi\u00e8ce.<\/p>\n<p data-start=\"298\" data-end=\"599\">Modifier l\u2019apparence de votre chemin\u00e9e afin qu\u2019elle corresponde parfaitement \u00e0 vos envies n\u2019a jamais \u00e9t\u00e9 aussi simple.<br data-start=\"416\" data-end=\"419\" \/>Que vous recherchiez une chemin\u00e9e \u00e9lectrique frontale, un mod\u00e8le avec vue d\u2019angle ou une chemin\u00e9e panoramique, avec le Solus de Trimline Fires, vous faites toujours le bon choix.<\/p>\n<p data-start=\"381\" data-end=\"772\">Elle est \u00e9quip\u00e9e de fonctionnalit\u00e9s pratiques telles qu\u2019un thermostat r\u00e9glable et une t\u00e9l\u00e9commande permettant de g\u00e9rer facilement les param\u00e8tres de chaleur et d\u2019ambiance. Facile \u00e0 installer et efficace sur le plan \u00e9nerg\u00e9tique, le Trimline 80E Solus combine esth\u00e9tique et performance, offrant un \u00e9l\u00e9ment d\u00e9coratif de qualit\u00e9 tout en constituant un r\u00e9el soutien pour le chauffage domestique.<\/p>\n<p data-start=\"774\" data-end=\"789\"><strong data-start=\"774\" data-end=\"787\">OPTIONS :<\/strong><\/p>\n<p data-start=\"791\" data-end=\"1227\">Le <strong data-start=\"794\" data-end=\"818\">Coppice real log set<\/strong> est une am\u00e9lioration premium pour les chemin\u00e9es Solus, con\u00e7ue pour augmenter le r\u00e9alisme de l\u2019effet de flamme. Il s\u2019agit d\u2019un ensemble artisanal r\u00e9alis\u00e9 avec des b\u00fbches naturelles soigneusement s\u00e9lectionn\u00e9es, recr\u00e9ant un v\u00e9ritable lit de combustible sur grille. Le r\u00e9sultat est un aspect extr\u00eamement r\u00e9aliste, avec l\u2019illusion de vraies braises incandescentes, semblables \u00e0 celles d\u2019un feu de bois en for\u00eat.<\/p>\n<p data-start=\"1229\" data-end=\"1624\">L\u2019<strong data-start=\"1231\" data-end=\"1257\">Ambient Lighting Solus<\/strong> permet d\u2019\u00e9tendre l\u2019ambiance de la chemin\u00e9e \u00e0 toute la pi\u00e8ce gr\u00e2ce \u00e0 un kit d\u2019\u00e9clairage suppl\u00e9mentaire. Il offre 15 modes de couleur et permet de cr\u00e9er un environnement encore plus immersif et personnalis\u00e9. L\u2019\u00e9clairage peut \u00eatre contr\u00f4l\u00e9 soit via la t\u00e9l\u00e9commande de la chemin\u00e9e, soit via un dispositif intelligent, ajoutant une dimension interactive \u00e0 l\u2019exp\u00e9rience.<\/p>\n","protected":false},"featured_media":68548,"template":"","meta":{"_acf_changed":false},"product_brand":[],"product_cat":[4583],"product_tag":[],"class_list":{"0":"post-68545","1":"product","2":"type-product","3":"status-publish","4":"has-post-thumbnail","6":"product_cat-cheminees-electriques","7":"product_shipping_class-caminetti-elettrici-2-2","8":"sales-flash-overlay","9":"woocommerce-text-align-center","10":"woocommerce-image-align-center","11":"do-quantity-buttons","13":"first","14":"instock","15":"taxable","16":"shipping-taxable","17":"purchasable","18":"product-type-simple"},"acf":[],"_links":{"self":[{"href":"https:\/\/www.fokussrl.com\/fr\/wp-json\/wp\/v2\/product\/68545","targetHints":{"allow":["GET"]}}],"collection":[{"href":"https:\/\/www.fokussrl.com\/fr\/wp-json\/wp\/v2\/product"}],"about":[{"href":"https:\/\/www.fokussrl.com\/fr\/wp-json\/wp\/v2\/types\/product"}],"wp:featuredmedia":[{"embeddable":true,"href":"https:\/\/www.fokussrl.com\/fr\/wp-json\/wp\/v2\/media\/68548"}],"wp:attachment":[{"href":"https:\/\/www.fokussrl.com\/fr\/wp-json\/wp\/v2\/media?parent=68545"}],"wp:term":[{"taxonomy":"product_brand","embeddable":true,"href":"https:\/\/www.fokussrl.com\/fr\/wp-json\/wp\/v2\/product_brand?post=68545"},{"taxonomy":"product_cat","embeddable":true,"href":"https:\/\/www.fokussrl.com\/fr\/wp-json\/wp\/v2\/product_cat?post=68545"},{"taxonomy":"product_tag","embeddable":true,"href":"https:\/\/www.fokussrl.com\/fr\/wp-json\/wp\/v2\/product_tag?post=68545"}],"curies":[{"name":"wp","href":"https:\/\/api.w.org\/{rel}","templated":true}]}}