{"id":68618,"date":"2026-01-16T15:02:48","date_gmt":"2026-01-16T14:02:48","guid":{"rendered":"https:\/\/www.fokussrl.com\/?post_type=product&#038;p=68618"},"modified":"2026-01-16T15:34:57","modified_gmt":"2026-01-16T14:34:57","slug":"poele-a-bois-en-fonte-lavinia-eos-117-kw-la-nordica-extraflame","status":"publish","type":"product","link":"https:\/\/www.fokussrl.com\/fr\/produit\/poele-a-bois-en-fonte-lavinia-eos-117-kw-la-nordica-extraflame\/","title":{"rendered":"Po\u00eale \u00e0 bois en fonte LAVINIA EOS 11,7 Kw. &#8211; La Nordica &#8211; Extraflame"},"content":{"rendered":"<p data-start=\"42\" data-end=\"150\">Structure enti\u00e8rement en fonte \u00e9maill\u00e9e<br data-start=\"81\" data-end=\"84\" \/>Foyer en fonte et Nordiker<br data-start=\"110\" data-end=\"113\" \/>Filtre catalytique \u00e0 base c\u00e9ramique<\/p>\n<p data-start=\"152\" data-end=\"471\">Thermom\u00e8tre<br data-start=\"163\" data-end=\"166\" \/>Bac \u00ab sauve-cendres \u00bb<br data-start=\"187\" data-end=\"190\" \/>Porte de chargement lat\u00e9rale avec poign\u00e9e escamotable<br data-start=\"243\" data-end=\"246\" \/>Tiroir \u00e0 cendres amovible<br data-start=\"271\" data-end=\"274\" \/>Verre c\u00e9ramique<br data-start=\"289\" data-end=\"292\" \/>Air primaire et secondaire r\u00e9glable pour une meilleure gestion de la combustion<br data-start=\"371\" data-end=\"374\" \/>Syst\u00e8me de post-combustion pour faibles \u00e9missions<br data-start=\"423\" data-end=\"426\" \/>Syst\u00e8me EPS pour la r\u00e9cup\u00e9ration de chaleur<\/p>\n<p data-start=\"473\" data-end=\"523\"><strong data-start=\"473\" data-end=\"501\">Dimensions (L x H x P) :<\/strong> 773 \u00d7 1213 \u00d7 685 mm<\/p>\n<p data-start=\"525\" data-end=\"568\"><strong data-start=\"525\" data-end=\"551\">Consommation horaire :<\/strong> 1,7 \u2013 3,1 kg\/h<\/p>\n<p data-start=\"570\" data-end=\"620\"><strong data-start=\"570\" data-end=\"604\">Puissance thermique nominale :<\/strong> 6,5 \u2013 11,7 kW<\/p>\n<p data-start=\"622\" data-end=\"685\"><strong data-start=\"622\" data-end=\"661\">Diam\u00e8tre de sortie des fum\u00e9es (\u00d8) :<\/strong> 150 mm (haut\/arri\u00e8re)<\/p>\n<p data-start=\"687\" data-end=\"714\"><strong data-start=\"687\" data-end=\"702\">Rendement :<\/strong> 86 \u2013 86 %<\/p>\n<p data-start=\"716\" data-end=\"740\"><strong data-start=\"716\" data-end=\"731\">Poids net :<\/strong> 252 kg<\/p>\n<p data-start=\"742\" data-end=\"798\"><strong data-start=\"742\" data-end=\"778\">Certification environnementale :<\/strong> DM186 \u2013 5 \u00e9toiles<\/p>\n<p data-start=\"800\" data-end=\"829\"><strong data-start=\"800\" data-end=\"824\">Classe \u00e9nerg\u00e9tique :<\/strong> A+<\/p>\n","protected":false},"excerpt":{"rendered":"<p><strong data-start=\"42\" data-end=\"111\">L\u2019\u00e9l\u00e9gance intemporelle qui capte tous les regards : LAVINIA EOS.<\/strong><br data-start=\"111\" data-end=\"114\" \/>R\u00e9alis\u00e9e en fonte \u00e9maill\u00e9e, elle garantit une durabilit\u00e9 quasi illimit\u00e9e et un entretien minimal. Le foyer en Nordiker am\u00e9liore le rendement thermique et met en valeur la flamme, tandis que le syst\u00e8me de post-combustion avec air secondaire et tertiaire r\u00e9duit drastiquement les \u00e9missions.<br data-start=\"402\" data-end=\"405\" \/>Les portes en fonte de haute qualit\u00e9 assurent une \u00e9tanch\u00e9it\u00e9 constante dans le temps et la prise d\u2019air ext\u00e9rieure directe (BBC) optimise la combustion et le confort de l\u2019habitat.<\/p>\n","protected":false},"featured_media":68631,"template":"","meta":{"_acf_changed":false},"product_brand":[4824],"product_cat":[4599],"product_tag":[],"class_list":{"0":"post-68618","1":"product","2":"type-product","3":"status-publish","4":"has-post-thumbnail","6":"product_brand-la-nordica-extraflame-fr","7":"product_cat-poeles-au-bois","8":"product_shipping_class-stufe-a-legna-2-2","9":"pa_versione-avec-couvercle-et-plaque-de-cuisson","10":"pa_versione-chauffage-seul","11":"sales-flash-overlay","12":"woocommerce-text-align-center","13":"woocommerce-image-align-center","14":"do-quantity-buttons","16":"first","17":"instock","18":"taxable","19":"shipping-taxable","20":"purchasable","21":"product-type-simple"},"acf":[],"_links":{"self":[{"href":"https:\/\/www.fokussrl.com\/fr\/wp-json\/wp\/v2\/product\/68618","targetHints":{"allow":["GET"]}}],"collection":[{"href":"https:\/\/www.fokussrl.com\/fr\/wp-json\/wp\/v2\/product"}],"about":[{"href":"https:\/\/www.fokussrl.com\/fr\/wp-json\/wp\/v2\/types\/product"}],"wp:featuredmedia":[{"embeddable":true,"href":"https:\/\/www.fokussrl.com\/fr\/wp-json\/wp\/v2\/media\/68631"}],"wp:attachment":[{"href":"https:\/\/www.fokussrl.com\/fr\/wp-json\/wp\/v2\/media?parent=68618"}],"wp:term":[{"taxonomy":"product_brand","embeddable":true,"href":"https:\/\/www.fokussrl.com\/fr\/wp-json\/wp\/v2\/product_brand?post=68618"},{"taxonomy":"product_cat","embeddable":true,"href":"https:\/\/www.fokussrl.com\/fr\/wp-json\/wp\/v2\/product_cat?post=68618"},{"taxonomy":"product_tag","embeddable":true,"href":"https:\/\/www.fokussrl.com\/fr\/wp-json\/wp\/v2\/product_tag?post=68618"}],"curies":[{"name":"wp","href":"https:\/\/api.w.org\/{rel}","templated":true}]}}