{"id":68671,"date":"2026-01-16T15:46:20","date_gmt":"2026-01-16T14:46:20","guid":{"rendered":"https:\/\/www.fokussrl.com\/?post_type=product&#038;p=68671"},"modified":"2026-01-16T16:02:01","modified_gmt":"2026-01-16T15:02:01","slug":"cuisiniere-thermo-a-bois-sierra-16-la-nordica-extraflame","status":"publish","type":"product","link":"https:\/\/www.fokussrl.com\/fr\/produit\/cuisiniere-thermo-a-bois-sierra-16-la-nordica-extraflame\/","title":{"rendered":"Cuisini\u00e8re thermo \u00e0 bois SIERRA.16 &#8211; La Nordica &#8211; Extraflame"},"content":{"rendered":"<p data-start=\"73\" data-end=\"491\"><strong data-start=\"73\" data-end=\"94\">Couvercle en inox<\/strong><br data-start=\"94\" data-end=\"97\" \/><strong data-start=\"97\" data-end=\"122\">Plaque en fonte polie<\/strong> pour acc\u00e8s aux serpentins et au remplissage d\u2019eau<br data-start=\"172\" data-end=\"175\" \/><strong data-start=\"175\" data-end=\"202\">Flancs en acier \u00e9maill\u00e9<\/strong><br data-start=\"202\" data-end=\"205\" \/>Acc\u00e8s au compartiment technique<br data-start=\"236\" data-end=\"239\" \/>Acc\u00e8s au tiroir \u00e0 cendres<br data-start=\"264\" data-end=\"267\" \/>Tiroir de rangement<br data-start=\"286\" data-end=\"289\" \/>Poign\u00e9es au nouveau design<br data-start=\"315\" data-end=\"318\" \/><strong data-start=\"318\" data-end=\"363\">Fa\u00e7ade, cadre et portes en fonte \u00e9maill\u00e9e<\/strong><br data-start=\"363\" data-end=\"366\" \/>Plaque en fonte polie<br data-start=\"387\" data-end=\"390\" \/><strong data-start=\"390\" data-end=\"413\">Sortie des fum\u00e9es :<\/strong> en haut \u00e0 droite ou arri\u00e8re<br data-start=\"441\" data-end=\"444\" \/><strong data-start=\"444\" data-end=\"461\">\u00c9cran tactile<\/strong> pour le contr\u00f4le du po\u00eale :<\/p>\n<ul data-start=\"492\" data-end=\"842\">\n<li data-start=\"492\" data-end=\"528\">\n<p data-start=\"494\" data-end=\"528\">Niveau d\u2019eau pour \u00ab bain-marie \u00bb<\/p>\n<\/li>\n<li data-start=\"529\" data-end=\"563\">\n<p data-start=\"531\" data-end=\"563\">Commande de la lumi\u00e8re du four<\/p>\n<\/li>\n<li data-start=\"564\" data-end=\"612\">\n<p data-start=\"566\" data-end=\"612\">Temp\u00e9rature de l\u2019eau du circuit de chauffage<\/p>\n<\/li>\n<li data-start=\"613\" data-end=\"660\">\n<p data-start=\"615\" data-end=\"660\">Temp\u00e9rature de l\u2019eau chaude sanitaire (ECS)<\/p>\n<\/li>\n<li data-start=\"661\" data-end=\"708\">\n<p data-start=\"663\" data-end=\"708\">Gestion de la pompe du circuit de chauffage<\/p>\n<\/li>\n<li data-start=\"709\" data-end=\"740\">\n<p data-start=\"711\" data-end=\"740\">Gestion de la vanne 3 voies<\/p>\n<\/li>\n<li data-start=\"741\" data-end=\"775\">\n<p data-start=\"743\" data-end=\"775\">Gestion de la pompe auxiliaire<\/p>\n<\/li>\n<li data-start=\"776\" data-end=\"812\">\n<p data-start=\"778\" data-end=\"812\">Gestion du g\u00e9n\u00e9rateur auxiliaire<\/p>\n<\/li>\n<li data-start=\"813\" data-end=\"842\">\n<p data-start=\"815\" data-end=\"842\">Signal sonore des alarmes<\/p>\n<\/li>\n<\/ul>\n<p data-start=\"844\" data-end=\"885\"><strong data-start=\"844\" data-end=\"883\">\u00c9quipements hydrauliques de s\u00e9rie :<\/strong><\/p>\n<ul data-start=\"886\" data-end=\"1336\">\n<li data-start=\"886\" data-end=\"923\">\n<p data-start=\"888\" data-end=\"923\">Serpentin du circuit de chauffage<\/p>\n<\/li>\n<li data-start=\"924\" data-end=\"958\">\n<p data-start=\"926\" data-end=\"958\">Serpentin du circuit sanitaire<\/p>\n<\/li>\n<li data-start=\"959\" data-end=\"1038\">\n<p data-start=\"961\" data-end=\"1038\">Centrale de contr\u00f4le : Fonction antigel ; Fonction anti-blocage de la pompe<\/p>\n<\/li>\n<li data-start=\"1039\" data-end=\"1114\">\n<p data-start=\"1041\" data-end=\"1114\">Circulateur \u00e9lectronique \u00e0 faible consommation pour le circuit primaire<\/p>\n<\/li>\n<li data-start=\"1115\" data-end=\"1137\">\n<p data-start=\"1117\" data-end=\"1137\">Clapet anti-retour<\/p>\n<\/li>\n<li data-start=\"1138\" data-end=\"1169\">\n<p data-start=\"1140\" data-end=\"1169\">Purge automatique \u00ab Jolly \u00bb<\/p>\n<\/li>\n<li data-start=\"1170\" data-end=\"1202\">\n<p data-start=\"1172\" data-end=\"1202\">D\u00e9tecteur de d\u00e9bit sanitaire<\/p>\n<\/li>\n<li data-start=\"1203\" data-end=\"1219\">\n<p data-start=\"1205\" data-end=\"1219\">Niveau d\u2019eau<\/p>\n<\/li>\n<li data-start=\"1220\" data-end=\"1256\">\n<p data-start=\"1222\" data-end=\"1256\">Anode sacrificielle en magn\u00e9sium<\/p>\n<\/li>\n<li data-start=\"1257\" data-end=\"1301\">\n<p data-start=\"1259\" data-end=\"1301\">Sonde de temp\u00e9rature du circuit primaire<\/p>\n<\/li>\n<li data-start=\"1302\" data-end=\"1336\">\n<p data-start=\"1304\" data-end=\"1336\">Robinet de remplissage\/vidange<\/p>\n<\/li>\n<\/ul>\n<p data-start=\"1338\" data-end=\"1666\"><strong data-start=\"1338\" data-end=\"1366\">Dimensions (L x H x P) :<\/strong> 1252 \u00d7 858 \u00d7 665 mm<br data-start=\"1386\" data-end=\"1389\" \/><strong data-start=\"1389\" data-end=\"1415\">Consommation horaire :<\/strong> 4,1 kg\/h<br data-start=\"1424\" data-end=\"1427\" \/><strong data-start=\"1427\" data-end=\"1459\">Diam\u00e8tre sortie fum\u00e9es (\u00d8) :<\/strong> 150 mm (haut\/arri\u00e8re)<br data-start=\"1481\" data-end=\"1484\" \/><strong data-start=\"1484\" data-end=\"1499\">Rendement :<\/strong> 86 %<br data-start=\"1504\" data-end=\"1507\" \/><strong data-start=\"1507\" data-end=\"1540\">Puissance restitu\u00e9e \u00e0 l\u2019eau :<\/strong> 10,2 kW-H\u2082O<br data-start=\"1552\" data-end=\"1555\" data-is-only-node=\"\" \/><strong data-start=\"1555\" data-end=\"1570\">Poids net :<\/strong> 310 kg<br data-start=\"1577\" data-end=\"1580\" \/><strong data-start=\"1580\" data-end=\"1616\">Certification environnementale :<\/strong> DM186 \u2013 5 \u00e9toiles<br data-start=\"1634\" data-end=\"1637\" \/><strong data-start=\"1637\" data-end=\"1661\">Classe \u00e9nerg\u00e9tique :<\/strong> A+<\/p>\n<p data-start=\"1668\" data-end=\"1852\"><strong data-start=\"1668\" data-end=\"1702\">Puissance thermique nominale :<\/strong> 15,4 kW<br data-start=\"1710\" data-end=\"1713\" \/><strong data-start=\"1713\" data-end=\"1736\">Volume chauffable :<\/strong> 442 m\u00b3 (<em data-start=\"1745\" data-end=\"1790\">)<br data-start=\"1747\" data-end=\"1750\" \/>Produit certifi\u00e9 selon EN 16510-2-1<br data-start=\"1785\" data-end=\"1788\" \/>(<\/em>) Donn\u00e9e indicative, bas\u00e9e sur un besoin de 30 kcal\/h par m\u00b3<\/p>\n","protected":false},"excerpt":{"rendered":"<p data-start=\"72\" data-end=\"350\"><strong data-start=\"72\" data-end=\"121\">Timeless elegance that captures every glance.<\/strong><br data-start=\"121\" data-end=\"124\" \/>Thanks to the innovative post-combustion system developed by La Nordica-Extraflame, which uses secondary and tertiary air, emissions are drastically reduced, ensuring a more efficient and environmentally friendly combustion.<\/p>\n<p data-start=\"352\" data-end=\"596\">High-quality cast iron doors, resistant over time, guarantee a constant and reliable seal. The glass cleaning system, through a preheated air pathway, effectively prevents deposits from forming, always maintaining a perfect view of the flame.<\/p>\n<p data-start=\"598\" data-end=\"752\">The direct external air intake (BBC) channels fresh air directly into the combustion registers, improving the appliance\u2019s efficiency and living comfort.<\/p>\n","protected":false},"featured_media":68690,"template":"","meta":{"_acf_changed":false},"product_brand":[4824],"product_cat":[4613],"product_tag":[],"class_list":{"0":"post-68671","1":"product","2":"type-product","3":"status-publish","4":"has-post-thumbnail","6":"product_brand-la-nordica-extraflame-fr","7":"product_cat-cuisinieres-hydro-au-bois","8":"product_shipping_class-termocucine-a-legna-2","9":"pa_colore-beige-fr","10":"pa_colore-blanc-antique","11":"pa_colore-bordeaux-fr","12":"pa_colore-cuir","13":"pa_colore-rouge-cardinal","14":"pa_colore-tabac","15":"pa_colore-terre-des-lessini","16":"pa_colore-vert-des-berici","17":"pa_versione-avec-eau-chaude-sanitaire","18":"pa_versione-sans-eau-chaude-sanitaire","19":"sales-flash-overlay","20":"woocommerce-text-align-center","21":"woocommerce-image-align-center","22":"do-quantity-buttons","24":"first","25":"instock","26":"taxable","27":"shipping-taxable","28":"purchasable","29":"product-type-simple"},"acf":[],"_links":{"self":[{"href":"https:\/\/www.fokussrl.com\/fr\/wp-json\/wp\/v2\/product\/68671","targetHints":{"allow":["GET"]}}],"collection":[{"href":"https:\/\/www.fokussrl.com\/fr\/wp-json\/wp\/v2\/product"}],"about":[{"href":"https:\/\/www.fokussrl.com\/fr\/wp-json\/wp\/v2\/types\/product"}],"wp:featuredmedia":[{"embeddable":true,"href":"https:\/\/www.fokussrl.com\/fr\/wp-json\/wp\/v2\/media\/68690"}],"wp:attachment":[{"href":"https:\/\/www.fokussrl.com\/fr\/wp-json\/wp\/v2\/media?parent=68671"}],"wp:term":[{"taxonomy":"product_brand","embeddable":true,"href":"https:\/\/www.fokussrl.com\/fr\/wp-json\/wp\/v2\/product_brand?post=68671"},{"taxonomy":"product_cat","embeddable":true,"href":"https:\/\/www.fokussrl.com\/fr\/wp-json\/wp\/v2\/product_cat?post=68671"},{"taxonomy":"product_tag","embeddable":true,"href":"https:\/\/www.fokussrl.com\/fr\/wp-json\/wp\/v2\/product_tag?post=68671"}],"curies":[{"name":"wp","href":"https:\/\/api.w.org\/{rel}","templated":true}]}}