{"id":68911,"date":"2026-01-26T16:47:39","date_gmt":"2026-01-26T15:47:39","guid":{"rendered":"https:\/\/www.fokussrl.com\/?post_type=product&#038;p=68911"},"modified":"2026-01-26T17:02:40","modified_gmt":"2026-01-26T16:02:40","slug":"cheminee-a-pellets-canalisable-wave-110-klover","status":"publish","type":"product","link":"https:\/\/www.fokussrl.com\/fr\/produit\/cheminee-a-pellets-canalisable-wave-110-klover\/","title":{"rendered":"Chemin\u00e9e \u00e0 pellets canalisable WAVE 110 &#8211; Klover"},"content":{"rendered":"<ul>\n<li>Puissance thermique nominale (pellets) : 10,7 kW<\/li>\n<li>Puissance thermique nominale : 10,1 kW<\/li>\n<li>Rendement : 94,3 %<\/li>\n<li>Diam\u00e8tre de sortie des fum\u00e9es : 80 mm<\/li>\n<li>Surface chauff\u00e9e : 90 m\u00b2<\/li>\n<li>Poids : 170 kg<\/li>\n<li>T\u00e9l\u00e9commande tactile<\/li>\n<li>Allumage ultra-rapide au quartz<\/li>\n<li>Brasier autonettoyant \u00e0 gaz<\/li>\n<li>Ventilation centrifuge Cyclone<\/li>\n<li>Syst\u00e8me brevet\u00e9 Pellet Cruise Control<\/li>\n<li>Syst\u00e8me de chargement Chrome Protected<\/li>\n<li>Wi-Fi int\u00e9gr\u00e9 avec Klover Home<\/li>\n<li>C\u00e2blage en fibre de verre<\/li>\n<\/ul>\n<p>OPTION : socle avec pieds r\u00e9glables<\/p>\n","protected":false},"excerpt":{"rendered":"<p>WAVE 110 WOOD r\u00e9interpr\u00e8te la chemin\u00e9e \u00e0 pellets comme un \u00e9l\u00e9ment architectural essentiel, sublim\u00e9 par une fa\u00e7ade en bois naturel (Ch\u00eane ou Blanc) qui apporte chaleur et richesse mat\u00e9rielle.<br \/>\nLa structure en acier permet une installation affleurante au mur, tandis que le rev\u00eatement cr\u00e9e un \u00e9quilibre visuel id\u00e9al pour des int\u00e9rieurs contemporains, nordiques ou minimalistes.<\/p>\n<p>\u00c9quip\u00e9 d\u2019un br\u00fbleur autonettoyant, du syst\u00e8me Pellet Cruise Control pour une consommation optimis\u00e9e, d\u2019une ventilation Cyclone modulable et d\u2019une commande tactile avec chronothermostat int\u00e9gr\u00e9, il associe technologie avanc\u00e9e et mat\u00e9riaux naturels.<br \/>\nDisponible \u00e9galement en version Multi-Air pour la distribution d\u2019air canalis\u00e9e.<\/p>\n<p>Une solution au design lin\u00e9aire qui conjugue esth\u00e9tique, efficacit\u00e9 et authentique Made in Italy.<\/p>\n","protected":false},"featured_media":68767,"template":"","meta":{"_acf_changed":false},"product_brand":[4820],"product_cat":[4580],"product_tag":[],"class_list":{"0":"post-68911","1":"product","2":"type-product","3":"status-publish","4":"has-post-thumbnail","6":"product_brand-klover-fr","7":"product_cat-cheminees-a-granules","8":"pa_colore-blanc-fr-dc","9":"pa_colore-bronze-fr","10":"pa_colore-chene-fr","11":"pa_colore-noir-mat-plat","12":"pa_versione-avec-kit-de-canalisation","13":"pa_versione-sans-canalisation","14":"sales-flash-overlay","15":"woocommerce-text-align-center","16":"woocommerce-image-align-center","17":"do-quantity-buttons","19":"first","20":"instock","21":"taxable","22":"shipping-taxable","23":"purchasable","24":"product-type-variable"},"acf":[],"_links":{"self":[{"href":"https:\/\/www.fokussrl.com\/fr\/wp-json\/wp\/v2\/product\/68911","targetHints":{"allow":["GET"]}}],"collection":[{"href":"https:\/\/www.fokussrl.com\/fr\/wp-json\/wp\/v2\/product"}],"about":[{"href":"https:\/\/www.fokussrl.com\/fr\/wp-json\/wp\/v2\/types\/product"}],"wp:featuredmedia":[{"embeddable":true,"href":"https:\/\/www.fokussrl.com\/fr\/wp-json\/wp\/v2\/media\/68767"}],"wp:attachment":[{"href":"https:\/\/www.fokussrl.com\/fr\/wp-json\/wp\/v2\/media?parent=68911"}],"wp:term":[{"taxonomy":"product_brand","embeddable":true,"href":"https:\/\/www.fokussrl.com\/fr\/wp-json\/wp\/v2\/product_brand?post=68911"},{"taxonomy":"product_cat","embeddable":true,"href":"https:\/\/www.fokussrl.com\/fr\/wp-json\/wp\/v2\/product_cat?post=68911"},{"taxonomy":"product_tag","embeddable":true,"href":"https:\/\/www.fokussrl.com\/fr\/wp-json\/wp\/v2\/product_tag?post=68911"}],"curies":[{"name":"wp","href":"https:\/\/api.w.org\/{rel}","templated":true}]}}