{"id":69109,"date":"2026-01-28T08:53:59","date_gmt":"2026-01-28T07:53:59","guid":{"rendered":"https:\/\/www.fokussrl.com\/?post_type=product&#038;p=69109"},"modified":"2026-01-28T09:12:39","modified_gmt":"2026-01-28T08:12:39","slug":"poele-a-pellets-etanche-krono-80-s-carbon-klover","status":"publish","type":"product","link":"https:\/\/www.fokussrl.com\/fr\/produit\/poele-a-pellets-etanche-krono-80-s-carbon-klover\/","title":{"rendered":"Po\u00eale \u00e0 pellets \u00e9tanche KRONO 80 S Carbon \u2013 Klover"},"content":{"rendered":"<p data-start=\"167\" data-end=\"393\"><strong data-start=\"167\" data-end=\"211\">Puissance thermique nominale (pellets) :<\/strong> 8,2 kW<br data-start=\"218\" data-end=\"221\" \/><strong data-start=\"221\" data-end=\"261\">Puissance thermique nominale utile :<\/strong> 7,8 kW<br data-start=\"268\" data-end=\"271\" \/><strong data-start=\"271\" data-end=\"286\">Rendement :<\/strong> 95,4 %<br data-start=\"293\" data-end=\"296\" \/><strong data-start=\"296\" data-end=\"331\">Diam\u00e8tre de sortie des fum\u00e9es :<\/strong> 80 mm<br data-start=\"337\" data-end=\"340\" \/><strong data-start=\"340\" data-end=\"364\">Surface chauffable :<\/strong> 70 m\u00b2<br data-start=\"370\" data-end=\"373\" \/><strong data-start=\"373\" data-end=\"384\" data-is-only-node=\"\">Poids :<\/strong> 120 kg<\/p>\n<p data-start=\"395\" data-end=\"819\"><strong data-start=\"395\" data-end=\"415\">Brasier en fonte<\/strong><br data-start=\"415\" data-end=\"418\" \/><strong data-start=\"418\" data-end=\"451\">Syst\u00e8me Pellet Cruise Control<\/strong> pour une combustion stable<br data-start=\"478\" data-end=\"481\" \/><strong data-start=\"481\" data-end=\"513\">T\u00e9l\u00e9commande \u00e0 \u00e9cran tactile<\/strong> avec chronothermostat int\u00e9gr\u00e9<br data-start=\"543\" data-end=\"546\" \/><strong data-start=\"546\" data-end=\"580\">Syst\u00e8me de ventilation Cyclone<\/strong> \u00e0 5 niveaux pour une diffusion puissante et homog\u00e8ne de la chaleur<br data-start=\"647\" data-end=\"650\" \/><strong data-start=\"650\" data-end=\"675\">Syst\u00e8me Frontal Clean<\/strong> pour un nettoyage quotidien simplifi\u00e9<br data-start=\"713\" data-end=\"716\" \/><strong data-start=\"716\" data-end=\"763\">Contr\u00f4le automatique de l\u2019air de combustion<\/strong><br data-start=\"763\" data-end=\"766\" data-is-only-node=\"\" \/><strong data-start=\"766\" data-end=\"794\">Structure en acier peint<\/strong>, r\u00e9sistante et moderne<\/p>\n<p data-start=\"395\" data-end=\"819\">Verre cannel\u00e9 Carbon au caract\u00e8re distinctif<\/p>\n","protected":false},"excerpt":{"rendered":"<p data-start=\"95\" data-end=\"633\">KRONO 80s Carbon interpr\u00e8te le chauffage domestique comme une expression de technologie \u00e9l\u00e9gante, o\u00f9 performances avanc\u00e9es et identit\u00e9 esth\u00e9tique se conjuguent dans le verre cannel\u00e9 Carbon, offrant profondeur visuelle et touche architecturale contemporaine. Le syst\u00e8me Pellet Cruise Control garantit une combustion constante et efficace, tandis que la ventilation r\u00e9glable diffuse la chaleur rapidement, uniform\u00e9ment et imm\u00e9diatement. La t\u00e9l\u00e9commande \u00e0 \u00e9cran tactile avec chronothermostat int\u00e9gr\u00e9 rend l\u2019utilisation simple et intuitive.<\/p>\n<p data-start=\"635\" data-end=\"1259\" data-is-last-node=\"\" data-is-only-node=\"\">Cette combinaison harmonieuse de fonctionnalit\u00e9s refl\u00e8te la vision de Klover, o\u00f9 l\u2019ing\u00e9nierie italienne, le respect de l\u2019environnement et une exp\u00e9rience utilisateur de qualit\u00e9 coexistent naturellement. Les finitions Avorio, Bronze et Matt Black s\u2019int\u00e8grent parfaitement dans des int\u00e9rieurs minimalistes, contemporains ou plus chaleureux et textur\u00e9s, offrant aux designers d\u2019int\u00e9rieur une grande libert\u00e9 cr\u00e9ative. KRONO 80s incarne une synth\u00e8se \u00e9quilibr\u00e9e d\u2019efficacit\u00e9, de durabilit\u00e9, de design et d\u2019authentique savoir-faire Made in Italy, transformant le confort quotidien en une exp\u00e9rience fiable et parfaitement ma\u00eetris\u00e9e.<\/p>\n","protected":false},"featured_media":69118,"template":"","meta":{"_acf_changed":false},"product_brand":[4820],"product_cat":[4605],"product_tag":[5148],"class_list":{"0":"post-69109","1":"product","2":"type-product","3":"status-publish","4":"has-post-thumbnail","6":"product_brand-klover-fr","7":"product_cat-poeles-a-granules-hermetiques","8":"product_tag-poeles-a-granules-etanches-laminox-idro","9":"product_shipping_class-stufe-a-pellet-ermetiche-2","10":"pa_colore-bronze-fr","11":"pa_colore-ivoire","12":"pa_colore-noir-mat-plat","13":"pa_versione-evacuation-arriere","14":"pa_versione-evacuation-coaxiale-superieure","15":"sales-flash-overlay","16":"woocommerce-text-align-center","17":"woocommerce-image-align-center","18":"do-quantity-buttons","20":"first","21":"instock","22":"taxable","23":"shipping-taxable","24":"purchasable","25":"product-type-variable"},"acf":[],"_links":{"self":[{"href":"https:\/\/www.fokussrl.com\/fr\/wp-json\/wp\/v2\/product\/69109","targetHints":{"allow":["GET"]}}],"collection":[{"href":"https:\/\/www.fokussrl.com\/fr\/wp-json\/wp\/v2\/product"}],"about":[{"href":"https:\/\/www.fokussrl.com\/fr\/wp-json\/wp\/v2\/types\/product"}],"wp:featuredmedia":[{"embeddable":true,"href":"https:\/\/www.fokussrl.com\/fr\/wp-json\/wp\/v2\/media\/69118"}],"wp:attachment":[{"href":"https:\/\/www.fokussrl.com\/fr\/wp-json\/wp\/v2\/media?parent=69109"}],"wp:term":[{"taxonomy":"product_brand","embeddable":true,"href":"https:\/\/www.fokussrl.com\/fr\/wp-json\/wp\/v2\/product_brand?post=69109"},{"taxonomy":"product_cat","embeddable":true,"href":"https:\/\/www.fokussrl.com\/fr\/wp-json\/wp\/v2\/product_cat?post=69109"},{"taxonomy":"product_tag","embeddable":true,"href":"https:\/\/www.fokussrl.com\/fr\/wp-json\/wp\/v2\/product_tag?post=69109"}],"curies":[{"name":"wp","href":"https:\/\/api.w.org\/{rel}","templated":true}]}}