{"id":69313,"date":"2026-02-03T09:55:06","date_gmt":"2026-02-03T08:55:06","guid":{"rendered":"https:\/\/www.fokussrl.com\/?post_type=product&#038;p=69313"},"modified":"2026-02-04T10:48:56","modified_gmt":"2026-02-04T09:48:56","slug":"insert-a-bois-iz-100-k-145-kw-fm-calefaccion","status":"publish","type":"product","link":"https:\/\/www.fokussrl.com\/fr\/produit\/insert-a-bois-iz-100-k-145-kw-fm-calefaccion\/","title":{"rendered":"Insert \u00e0 bois IZ-100 K 14,5 kW \u2013 FM Calefacci\u00f3n"},"content":{"rendered":"<p>Puissance thermique : 17,9 kW<br data-start=\"72\" data-end=\"75\" data-is-only-node=\"\" \/>Puissance thermique nominale : 14,5 kW<br data-start=\"117\" data-end=\"120\" \/>Rendement : 81 %<br data-start=\"140\" data-end=\"143\" \/>\u00c9missions de CO : 0,10 %<br data-start=\"171\" data-end=\"174\" \/>Consommation : 3,98 kg\/h<br data-start=\"202\" data-end=\"205\" \/>Chambre de combustion interne en vermiculite<br data-start=\"253\" data-end=\"256\" \/>Cendrier amovible<br data-start=\"277\" data-end=\"280\" \/>Structure en acier de 5 mm<br data-start=\"310\" data-end=\"313\" \/>Peinture anticalorique : 800 \u00b0C<br data-start=\"348\" data-end=\"351\" \/>Verre c\u00e9ramique : 750 \u00b0C<br data-start=\"379\" data-end=\"382\" \/>Sortie de fum\u00e9es sup\u00e9rieure : \u00d8 200 mm<br data-start=\"424\" data-end=\"427\" \/>R\u00e9glage de l\u2019air primaire<br data-start=\"456\" data-end=\"459\" \/>Syst\u00e8me Crystal-Clean<br data-start=\"484\" data-end=\"487\" \/>Syst\u00e8me \u00e0 double et triple combustion<\/p>\n","protected":false},"excerpt":{"rendered":"<p data-start=\"0\" data-end=\"324\">Insert \u00e0 bois panoramique<br data-start=\"29\" data-end=\"32\" \/>Triple combustion et verre s\u00e9rigraphi\u00e9<br data-start=\"74\" data-end=\"77\" \/>Appareil fabriqu\u00e9 en acier jusqu\u2019\u00e0 5 mm d\u2019\u00e9paisseur<br data-start=\"132\" data-end=\"135\" \/>Appareil avec porte et grille en fonte<br data-start=\"177\" data-end=\"180\" \/>Sortie de fum\u00e9es m\u00e2le en fonte<br data-start=\"214\" data-end=\"217\" \/>Syst\u00e8me vitre propre<br data-start=\"241\" data-end=\"244\" \/>Cendrier amovible<br data-start=\"265\" data-end=\"268\" \/>Double chambre<br data-start=\"286\" data-end=\"289\" \/>Option de canalisation de l\u2019air<\/p>\n<p data-start=\"326\" data-end=\"356\">Accessoires et compl\u00e9ments<\/p>\n<p data-start=\"358\" data-end=\"540\">A\u00e9rosol de peinture anticalorique 800 \u00b0C, 375 ml (couleur noire)<br data-start=\"426\" data-end=\"429\" \/>Manchon anti-condensation vitrifi\u00e9 noir<br data-start=\"472\" data-end=\"475\" \/>Kit de 2 buses \u00d8 80 mm pour la canalisation de l\u2019air primaire<\/p>\n<p data-start=\"542\" data-end=\"566\">Versions disponibles<\/p>\n<p data-start=\"568\" data-end=\"664\" data-is-last-node=\"\" data-is-only-node=\"\">IZ-100 FKT (turbine tangentielle)<br data-start=\"605\" data-end=\"608\" \/>IZ-100 FKC (turbine centrifuge) pour la canalisation<\/p>\n","protected":false},"featured_media":69343,"template":"","meta":{"_acf_changed":false},"product_brand":[4809],"product_cat":[4591],"product_tag":[],"class_list":{"0":"post-69313","1":"product","2":"type-product","3":"status-publish","4":"has-post-thumbnail","6":"product_brand-fm-calefaccion-fr","7":"product_cat-inserts-au-bois","8":"product_shipping_class-inserti-a-legna-2-2","9":"pa_versione-convection-naturelle","10":"pa_versione-pieds-ventilateur-centrifuge","11":"pa_versione-pieds-ventilateur-tangentiel","12":"sales-flash-overlay","13":"woocommerce-text-align-center","14":"woocommerce-image-align-center","15":"do-quantity-buttons","17":"first","18":"instock","19":"taxable","20":"shipping-taxable","21":"purchasable","22":"product-type-variable"},"acf":[],"_links":{"self":[{"href":"https:\/\/www.fokussrl.com\/fr\/wp-json\/wp\/v2\/product\/69313","targetHints":{"allow":["GET"]}}],"collection":[{"href":"https:\/\/www.fokussrl.com\/fr\/wp-json\/wp\/v2\/product"}],"about":[{"href":"https:\/\/www.fokussrl.com\/fr\/wp-json\/wp\/v2\/types\/product"}],"wp:featuredmedia":[{"embeddable":true,"href":"https:\/\/www.fokussrl.com\/fr\/wp-json\/wp\/v2\/media\/69343"}],"wp:attachment":[{"href":"https:\/\/www.fokussrl.com\/fr\/wp-json\/wp\/v2\/media?parent=69313"}],"wp:term":[{"taxonomy":"product_brand","embeddable":true,"href":"https:\/\/www.fokussrl.com\/fr\/wp-json\/wp\/v2\/product_brand?post=69313"},{"taxonomy":"product_cat","embeddable":true,"href":"https:\/\/www.fokussrl.com\/fr\/wp-json\/wp\/v2\/product_cat?post=69313"},{"taxonomy":"product_tag","embeddable":true,"href":"https:\/\/www.fokussrl.com\/fr\/wp-json\/wp\/v2\/product_tag?post=69313"}],"curies":[{"name":"wp","href":"https:\/\/api.w.org\/{rel}","templated":true}]}}