{"id":69475,"date":"2026-02-06T10:21:49","date_gmt":"2026-02-06T09:21:49","guid":{"rendered":"https:\/\/www.fokussrl.com\/?post_type=product&#038;p=69475"},"modified":"2026-02-06T10:33:25","modified_gmt":"2026-02-06T09:33:25","slug":"cuisiniere-a-bois-penelope-eva-calor","status":"publish","type":"product","link":"https:\/\/www.fokussrl.com\/fr\/produit\/cuisiniere-a-bois-penelope-eva-calor\/","title":{"rendered":"Cuisini\u00e8re \u00e0 bois PENELOPE &#8211; Eva Calor"},"content":{"rendered":"<p><strong data-start=\"121\" data-end=\"143\">Puissance br\u00fbl\u00e9e :<\/strong> 7,7 kW<br data-start=\"150\" data-end=\"153\" \/><strong data-start=\"153\" data-end=\"191\">Puissance restitu\u00e9e en chauffage :<\/strong> 6,6 kW<br data-start=\"198\" data-end=\"201\" \/><strong data-start=\"201\" data-end=\"238\" data-is-only-node=\"\">Classe d\u2019efficacit\u00e9 \u00e9nerg\u00e9tique :<\/strong> A+<br data-start=\"241\" data-end=\"244\" \/><strong data-start=\"244\" data-end=\"259\">Rendement :<\/strong> 85,6 %<br data-start=\"266\" data-end=\"269\" \/><strong data-start=\"269\" data-end=\"299\">Teneur en CO \u00e0 13 % d\u2019O\u2082 :<\/strong> 0,076 %<br data-start=\"307\" data-end=\"310\" \/><strong data-start=\"310\" data-end=\"344\">Consommation horaire de bois :<\/strong> 2,0 kg\/h<br data-start=\"353\" data-end=\"356\" \/><strong data-start=\"356\" data-end=\"381\">Longueur des b\u00fbches :<\/strong> 330 mm<br data-start=\"388\" data-end=\"391\" \/><strong data-start=\"391\" data-end=\"414\">Volume chauffable :<\/strong> 120 \u2013 180 m\u00b3<br data-start=\"427\" data-end=\"430\" \/><strong data-start=\"430\" data-end=\"491\">Distances minimales par rapport aux parois inflammables :<\/strong> c\u00f4t\u00e9 : 40 cm \u2013 arri\u00e8re : 32 cm \u2013 avant : 80 cm<br data-start=\"538\" data-end=\"541\" \/><strong data-start=\"541\" data-end=\"557\">Dimensions :<\/strong> L 90,0 \u00d7 P 60,0 \u00d7 H 85,0 cm<br data-start=\"585\" data-end=\"588\" \/><strong data-start=\"588\" data-end=\"599\">Poids :<\/strong> 145 kg<br data-start=\"606\" data-end=\"609\" \/><strong data-start=\"609\" data-end=\"636\">Chambre de combustion :<\/strong> pierre r\u00e9fractaire<br data-start=\"655\" data-end=\"658\" \/><strong data-start=\"658\" data-end=\"682\">Dimensions du four :<\/strong> L 46,0 \u00d7 P 44,0 \u00d7 H 26,0 cm<br data-start=\"710\" data-end=\"713\" \/><strong data-start=\"713\" data-end=\"757\">Dimensions de la chambre de combustion :<\/strong> L 19,0 \u00d7 P 39,0 \u00d7 H 24,0 cm<br data-start=\"785\" data-end=\"788\" \/><strong data-start=\"788\" data-end=\"820\">Tirage du conduit de fum\u00e9e :<\/strong> 8 Pa<br data-start=\"825\" data-end=\"828\" \/><strong data-start=\"828\" data-end=\"851\">Sortie des fum\u00e9es :<\/strong> \u00d8 120 mm<br data-start=\"860\" data-end=\"863\" \/><strong data-start=\"863\" data-end=\"890\">Conformit\u00e9 aux normes :<\/strong> EN 13240<br data-start=\"899\" data-end=\"902\" \/><strong data-start=\"902\" data-end=\"924\">Tiroir \u00e0 cendres :<\/strong> amovible pour la r\u00e9cup\u00e9ration des cendres dans un compartiment s\u00e9par\u00e9<br data-start=\"994\" data-end=\"997\" \/><strong data-start=\"997\" data-end=\"1024\">\u00c9vacuation des fum\u00e9es :<\/strong> sup\u00e9rieure \u2013 lat\u00e9rale \u2013 arri\u00e8re<\/p>\n","protected":false},"excerpt":{"rendered":"<p data-start=\"138\" data-end=\"430\"><strong data-start=\"138\" data-end=\"150\">Penelope<\/strong> est une <strong data-start=\"159\" data-end=\"190\">cuisini\u00e8re \u00e0 bois avec four<\/strong> con\u00e7ue pour offrir fonctionnalit\u00e9, robustesse et une utilisation facile.<br data-start=\"263\" data-end=\"266\" \/>Le <strong data-start=\"269\" data-end=\"297\">plan de cuisson en acier<\/strong>, enti\u00e8rement d\u00e9di\u00e9 \u00e0 la cuisson, garantit une r\u00e9sistance aux hautes temp\u00e9ratures et une gestion optimale de toutes les pr\u00e9parations.<\/p>\n<p data-start=\"432\" data-end=\"658\">Le <strong data-start=\"435\" data-end=\"451\">four int\u00e9gr\u00e9<\/strong>, \u00e9quip\u00e9 d\u2019une <strong data-start=\"466\" data-end=\"492\">porte \u00e0 double vitrage<\/strong> et d\u2019un <strong data-start=\"501\" data-end=\"516\">thermom\u00e8tre<\/strong>, permet un contr\u00f4le pr\u00e9cis de la temp\u00e9rature et une cuisson uniforme. La <strong data-start=\"590\" data-end=\"619\">plaque de cuisson fournie<\/strong> rend l\u2019utilisation simple et pratique.<\/p>\n<p data-start=\"660\" data-end=\"905\">La <strong data-start=\"663\" data-end=\"710\">chambre de combustion en pierre r\u00e9fractaire<\/strong> assure une excellente capacit\u00e9 d\u2019accumulation de chaleur et des performances efficaces dans le temps.<br data-start=\"812\" data-end=\"815\" \/>Le <strong data-start=\"818\" data-end=\"852\">r\u00e9glage de l\u2019air de combustion<\/strong> permet de moduler avec pr\u00e9cision l\u2019intensit\u00e9 du feu.<\/p>\n<p data-start=\"907\" data-end=\"1211\">L\u2019\u00e9quipement est compl\u00e9t\u00e9 par un <strong data-start=\"940\" data-end=\"969\">tiroir \u00e0 cendres amovible<\/strong>, plac\u00e9 dans un <strong data-start=\"985\" data-end=\"1008\">compartiment s\u00e9par\u00e9<\/strong> pour une r\u00e9cup\u00e9ration propre et ordonn\u00e9e des cendres, ainsi que par les diff\u00e9rentes <strong data-start=\"1093\" data-end=\"1128\">options d\u2019\u00e9vacuation des fum\u00e9es<\/strong> \u2014 sup\u00e9rieure, lat\u00e9rale ou arri\u00e8re \u2014 offrant une grande flexibilit\u00e9 d\u2019installation.<\/p>\n","protected":false},"featured_media":69501,"template":"","meta":{"_acf_changed":false},"product_brand":[4807],"product_cat":[4588],"product_tag":[],"class_list":{"0":"post-69475","1":"product","2":"type-product","3":"status-publish","4":"has-post-thumbnail","6":"product_brand-eva-calor-fr","7":"product_cat-cuisinieres-au-bois","8":"product_shipping_class-cucine-a-legna-2-2","9":"pa_colore-creme","10":"pa_colore-noir","11":"pa_colore-rouge","12":"sales-flash-overlay","13":"woocommerce-text-align-center","14":"woocommerce-image-align-center","15":"do-quantity-buttons","17":"first","18":"instock","19":"taxable","20":"shipping-taxable","21":"purchasable","22":"product-type-variable"},"acf":[],"_links":{"self":[{"href":"https:\/\/www.fokussrl.com\/fr\/wp-json\/wp\/v2\/product\/69475","targetHints":{"allow":["GET"]}}],"collection":[{"href":"https:\/\/www.fokussrl.com\/fr\/wp-json\/wp\/v2\/product"}],"about":[{"href":"https:\/\/www.fokussrl.com\/fr\/wp-json\/wp\/v2\/types\/product"}],"wp:featuredmedia":[{"embeddable":true,"href":"https:\/\/www.fokussrl.com\/fr\/wp-json\/wp\/v2\/media\/69501"}],"wp:attachment":[{"href":"https:\/\/www.fokussrl.com\/fr\/wp-json\/wp\/v2\/media?parent=69475"}],"wp:term":[{"taxonomy":"product_brand","embeddable":true,"href":"https:\/\/www.fokussrl.com\/fr\/wp-json\/wp\/v2\/product_brand?post=69475"},{"taxonomy":"product_cat","embeddable":true,"href":"https:\/\/www.fokussrl.com\/fr\/wp-json\/wp\/v2\/product_cat?post=69475"},{"taxonomy":"product_tag","embeddable":true,"href":"https:\/\/www.fokussrl.com\/fr\/wp-json\/wp\/v2\/product_tag?post=69475"}],"curies":[{"name":"wp","href":"https:\/\/api.w.org\/{rel}","templated":true}]}}