{"id":69548,"date":"2026-02-09T08:36:19","date_gmt":"2026-02-09T07:36:19","guid":{"rendered":"https:\/\/www.fokussrl.com\/?post_type=product&#038;p=69548"},"modified":"2026-02-09T09:24:16","modified_gmt":"2026-02-09T08:24:16","slug":"poele-a-bois-avec-four-hilton-c-bronpi","status":"publish","type":"product","link":"https:\/\/www.fokussrl.com\/fr\/produit\/poele-a-bois-avec-four-hilton-c-bronpi\/","title":{"rendered":"Po\u00eale \u00e0 bois avec four HILTON C &#8211; Bronpi"},"content":{"rendered":"<ul>\n<li>\n<p data-start=\"0\" data-end=\"33\">Puissance max \/ min : 16\u20135,5 kW<\/p>\n<p data-start=\"35\" data-end=\"63\">Puissance nominale : 14 kW<\/p>\n<p data-start=\"65\" data-end=\"95\">Volume chauffable (m\u00b3) : 350<\/p>\n<p data-start=\"97\" data-end=\"117\">Rendement (%) : 85<\/p>\n<p data-start=\"119\" data-end=\"146\">Consommation (kg\/h) : 3,9<\/p>\n<p data-start=\"148\" data-end=\"189\">Diam\u00e8tre de sortie des fum\u00e9es (cm) : 15<\/p>\n<p data-start=\"191\" data-end=\"209\">Poids (kg) : 160<\/p>\n<p data-start=\"211\" data-end=\"251\">Longueur maximale des b\u00fbches (cm) : 60<\/p>\n<p data-start=\"253\" data-end=\"304\">Dimensions de l\u2019ouverture utile : 400 \u00d7 205 \u00d7 335<\/p>\n<p data-start=\"306\" data-end=\"365\">Dimensions de l\u2019ouverture utile du four : 415 \u00d7 215 \u00d7 280<\/p>\n<p data-start=\"367\" data-end=\"404\">Mat\u00e9riau ext\u00e9rieur : acier et fonte<\/p>\n<p data-start=\"406\" data-end=\"458\">Mat\u00e9riau de la chambre de combustion : vermiculite<\/p>\n<p data-start=\"460\" data-end=\"489\">Syst\u00e8me de four enveloppant<\/p>\n<p data-start=\"491\" data-end=\"521\">Syst\u00e8me de triple combustion<\/p>\n<p data-start=\"523\" data-end=\"545\">Syst\u00e8me vitre propre<\/p>\n<\/li>\n<\/ul>\n","protected":false},"excerpt":{"rendered":"<p>Po\u00eale \u00e0 bois en fonte avec int\u00e9rieur en vermiculite, \u00e9quip\u00e9 d\u2019un four avec sole en brique r\u00e9fractaire et d\u2019un thermom\u00e8tre jusqu\u2019\u00e0 400 \u00b0C. Il est dot\u00e9 de grilles r\u00e9glables, d\u2019un syst\u00e8me de four enveloppant et d\u2019un syst\u00e8me de triple combustion avec r\u00e9glage de l\u2019air primaire et secondaire. Finition avec poign\u00e9es en bois naturel, livr\u00e9 avec accessoires et pr\u00e9vu pour des kits optionnels de prise d\u2019air ext\u00e9rieur et de rev\u00eatement du four en acier inoxydable.<\/p>\n","protected":false},"featured_media":69551,"template":"","meta":{"_acf_changed":false},"product_brand":[4798],"product_cat":[4601],"product_tag":[],"class_list":{"0":"post-69548","1":"product","2":"type-product","3":"status-publish","4":"has-post-thumbnail","6":"product_brand-bronpi-fr","7":"product_cat-poeles-au-bois-avec-four","8":"product_shipping_class-stufe-a-legna-con-forno-2-2","9":"sales-flash-overlay","10":"woocommerce-text-align-center","11":"woocommerce-image-align-center","12":"do-quantity-buttons","14":"first","15":"instock","16":"taxable","17":"shipping-taxable","18":"purchasable","19":"product-type-simple"},"acf":[],"_links":{"self":[{"href":"https:\/\/www.fokussrl.com\/fr\/wp-json\/wp\/v2\/product\/69548","targetHints":{"allow":["GET"]}}],"collection":[{"href":"https:\/\/www.fokussrl.com\/fr\/wp-json\/wp\/v2\/product"}],"about":[{"href":"https:\/\/www.fokussrl.com\/fr\/wp-json\/wp\/v2\/types\/product"}],"wp:featuredmedia":[{"embeddable":true,"href":"https:\/\/www.fokussrl.com\/fr\/wp-json\/wp\/v2\/media\/69551"}],"wp:attachment":[{"href":"https:\/\/www.fokussrl.com\/fr\/wp-json\/wp\/v2\/media?parent=69548"}],"wp:term":[{"taxonomy":"product_brand","embeddable":true,"href":"https:\/\/www.fokussrl.com\/fr\/wp-json\/wp\/v2\/product_brand?post=69548"},{"taxonomy":"product_cat","embeddable":true,"href":"https:\/\/www.fokussrl.com\/fr\/wp-json\/wp\/v2\/product_cat?post=69548"},{"taxonomy":"product_tag","embeddable":true,"href":"https:\/\/www.fokussrl.com\/fr\/wp-json\/wp\/v2\/product_tag?post=69548"}],"curies":[{"name":"wp","href":"https:\/\/api.w.org\/{rel}","templated":true}]}}