{"id":69676,"date":"2026-02-12T09:46:59","date_gmt":"2026-02-12T08:46:59","guid":{"rendered":"https:\/\/www.fokussrl.com\/?post_type=product&#038;p=69676"},"modified":"2026-02-12T10:10:32","modified_gmt":"2026-02-12T09:10:32","slug":"nules-avec-four-noa-forno-115-kw-bronpi","status":"publish","type":"product","link":"https:\/\/www.fokussrl.com\/fr\/produit\/nules-avec-four-noa-forno-115-kw-bronpi\/","title":{"rendered":"Po\u00eale \u00e0 granul\u00e9s avec four NOA FORNO 11,5 kW &#8211; Bronpi"},"content":{"rendered":"<p data-start=\"0\" data-end=\"33\">Puissance Max\u2013Min : 11,5 \u2013 5 kW<\/p>\n<p data-start=\"35\" data-end=\"63\">Puissance nominale : 10 kW<\/p>\n<p data-start=\"65\" data-end=\"95\">Volume chauffable (m\u00b3) : 250<\/p>\n<p data-start=\"97\" data-end=\"122\">Rendement (%) : 89 \u2013 89<\/p>\n<p data-start=\"124\" data-end=\"157\">Consommation (kg\/h) : 2,4 \u2013 1,2<\/p>\n<p data-start=\"159\" data-end=\"183\">Autonomie (h) : 6 \u2013 14<\/p>\n<p data-start=\"185\" data-end=\"218\">Capacit\u00e9 du r\u00e9servoir (kg) : 15<\/p>\n<p data-start=\"220\" data-end=\"257\">Puissance \u00e9lectrique (W) : 70 \u2013 300<\/p>\n<p data-start=\"259\" data-end=\"299\">Diam\u00e8tre de sortie des fum\u00e9es (cm) : 8<\/p>\n<p data-start=\"301\" data-end=\"335\">Diam\u00e8tre d\u2019entr\u00e9e d\u2019air (cm) : 5<\/p>\n<p data-start=\"337\" data-end=\"374\">Ventilation forc\u00e9e (m\u00b3\/h) : 1 \u00d7 430<\/p>\n<p data-start=\"376\" data-end=\"394\">Poids (kg) : 159<\/p>\n<p data-start=\"396\" data-end=\"441\">Dimensions utiles du four : 487 | 270 | 388<\/p>\n<p data-start=\"443\" data-end=\"460\">Br\u00fbleur : Fonte<\/p>\n<p data-start=\"462\" data-end=\"490\">Mat\u00e9riau ext\u00e9rieur : Acier<\/p>\n<p data-start=\"492\" data-end=\"544\">Mat\u00e9riau de la chambre de combustion : Vermiculite<\/p>\n<p data-start=\"546\" data-end=\"560\">Programmable<\/p>\n<p data-start=\"562\" data-end=\"585\">Syst\u00e8me de modulation<\/p>\n<p data-start=\"587\" data-end=\"615\">Syst\u00e8me Oasys \/ Oasys Plus<\/p>\n<p data-start=\"617\" data-end=\"677\">Connectivit\u00e9 totale \u2013 Mod\u00e8les compatibles avec le kit WiFi<\/p>\n<p data-start=\"679\" data-end=\"706\">Fonctionnement silencieux<\/p>\n<p data-start=\"708\" data-end=\"734\">Syst\u00e8me \u00e0 double chambre<\/p>\n<p data-start=\"736\" data-end=\"756\" data-is-last-node=\"\" data-is-only-node=\"\">Syst\u00e8me vitre propre<\/p>\n","protected":false},"excerpt":{"rendered":"<p data-start=\"0\" data-end=\"306\">Po\u00eale \u00e0 granul\u00e9s avec four int\u00e9gr\u00e9, id\u00e9al pour chauffer et cuisiner en une seule solution. \u00c9quip\u00e9 de la <strong data-start=\"104\" data-end=\"130\">technologie Oasys Plus<\/strong>, il garantit s\u00e9curit\u00e9 et contr\u00f4le optimal de la combustion. Il fonctionne silencieusement et permet la d\u00e9sactivation compl\u00e8te de la turbine pour un confort acoustique maximal.<\/p>\n<p data-start=\"308\" data-end=\"446\">Programmable sur base journali\u00e8re, hebdomadaire et week-end, il comprend une t\u00e9l\u00e9commande avec \u00e9cran pour une gestion simple et intuitive.<\/p>\n<p data-start=\"448\" data-end=\"661\">R\u00e9alis\u00e9 avec un int\u00e9rieur en vermiculite et un br\u00fbleur en fonte pour des performances \u00e9lev\u00e9es et une grande durabilit\u00e9. Le four en acier inoxydable comprend un plateau de 480\u00d7400\u00d760 mm et une grille de 470\u00d7380 mm.<\/p>\n<p data-start=\"663\" data-end=\"849\">Canalisable jusqu\u2019\u00e0 5 m\u00e8tres avec le kit optionnel (KIT-C-12H) et \u00e9quip\u00e9 du Syst\u00e8me Ind\u00e9pendant de Canalisation (SIC), permettant de g\u00e9rer la turbine de canalisation de mani\u00e8re autonome.<\/p>\n<p data-start=\"851\" data-end=\"1033\" data-is-last-node=\"\" data-is-only-node=\"\">Inclus : t\u00e9l\u00e9commande, gant et raccord en \u00ab T \u00bb inox.<br data-start=\"904\" data-end=\"907\" \/>En option : KIT WIFI 2 pour le contr\u00f4le \u00e0 distance et KIT-C-12H pour la canalisation d\u2019air (sortie \u00d8 80 mm, turbine 130 m\u00b3\/h).<\/p>\n","protected":false},"featured_media":69679,"template":"","meta":{"_acf_changed":false},"product_brand":[4798],"product_cat":[4603,4604],"product_tag":[],"class_list":{"0":"post-69676","1":"product","2":"type-product","3":"status-publish","4":"has-post-thumbnail","6":"product_brand-bronpi-fr","7":"product_cat-poeles-a-granules","8":"product_cat-poeles-a-granules-ventiles","9":"product_shipping_class-stufe-a-pellet-2-2","10":"pa_colore-blanc","11":"pa_colore-noir","12":"pa_versione-avec-kit-de-canalisation","13":"pa_versione-sans-canalisation","14":"sales-flash-overlay","15":"woocommerce-text-align-center","16":"woocommerce-image-align-center","17":"do-quantity-buttons","19":"first","20":"instock","21":"taxable","22":"shipping-taxable","23":"purchasable","24":"product-type-variable"},"acf":[],"_links":{"self":[{"href":"https:\/\/www.fokussrl.com\/fr\/wp-json\/wp\/v2\/product\/69676","targetHints":{"allow":["GET"]}}],"collection":[{"href":"https:\/\/www.fokussrl.com\/fr\/wp-json\/wp\/v2\/product"}],"about":[{"href":"https:\/\/www.fokussrl.com\/fr\/wp-json\/wp\/v2\/types\/product"}],"wp:featuredmedia":[{"embeddable":true,"href":"https:\/\/www.fokussrl.com\/fr\/wp-json\/wp\/v2\/media\/69679"}],"wp:attachment":[{"href":"https:\/\/www.fokussrl.com\/fr\/wp-json\/wp\/v2\/media?parent=69676"}],"wp:term":[{"taxonomy":"product_brand","embeddable":true,"href":"https:\/\/www.fokussrl.com\/fr\/wp-json\/wp\/v2\/product_brand?post=69676"},{"taxonomy":"product_cat","embeddable":true,"href":"https:\/\/www.fokussrl.com\/fr\/wp-json\/wp\/v2\/product_cat?post=69676"},{"taxonomy":"product_tag","embeddable":true,"href":"https:\/\/www.fokussrl.com\/fr\/wp-json\/wp\/v2\/product_tag?post=69676"}],"curies":[{"name":"wp","href":"https:\/\/api.w.org\/{rel}","templated":true}]}}