{"id":69787,"date":"2026-02-14T17:14:41","date_gmt":"2026-02-14T16:14:41","guid":{"rendered":"https:\/\/www.fokussrl.com\/?post_type=product&#038;p=69787"},"modified":"2026-02-15T13:51:50","modified_gmt":"2026-02-15T12:51:50","slug":"poele-thermo-a-granules-quadra-idro-kalor-copia","status":"publish","type":"product","link":"https:\/\/www.fokussrl.com\/fr\/produit\/poele-thermo-a-granules-quadra-idro-kalor-copia\/","title":{"rendered":"Thermo-po\u00eale \u00e0 granul\u00e9s KRYSTAL &#8211; Age Stufe"},"content":{"rendered":"<h3>Caract\u00e9ristiques techniques de la thermo-po\u00eale \u00e0 granul\u00e9s Krystal 18 kW<\/h3>\n<ul>\n<li>Puissance absorb\u00e9e : 18,08 kW<\/li>\n<li>Puissance nominale : 16,37 kW<\/li>\n<li>Sortie des fum\u00e9es : \u00d8 80 mm<\/li>\n<li>Volume chauffable : 430 m\u00b3<\/li>\n<li>Capacit\u00e9 du r\u00e9servoir : 30 kg<\/li>\n<li>Dimensions : l. 1005 x p. 375 x h. 1150<\/li>\n<li>Poids : 170 kg<\/li>\n<li><strong>Certification environnementale 4 \u00e9toiles<\/strong><\/li>\n<\/ul>\n<h3>Caract\u00e9ristiques techniques de la thermo-po\u00eale \u00e0 granul\u00e9s Krystal 23 kW<\/h3>\n<ul>\n<li>Puissance absorb\u00e9e : 21,4 kW<\/li>\n<li>Puissance nominale : 19,7 kW<\/li>\n<li>Sortie des fum\u00e9es : \u00d8 80 mm<\/li>\n<li>Volume chauffable : 520 m\u00b3<\/li>\n<li>Capacit\u00e9 du r\u00e9servoir : 30 kg<\/li>\n<li>Dimensions : l. 1045 x p. 385 x h. 1170<\/li>\n<li>Poids : 190 kg<\/li>\n<li><strong>Certification environnementale 5 \u00e9toiles<\/strong><\/li>\n<\/ul>\n","protected":false},"excerpt":{"rendered":"<p>Krystal a \u00e9t\u00e9 con\u00e7ue pour offrir un v\u00e9ritable confort \u00e0 la maison tout en occupant peu d\u2019espace. <strong>Elle r\u00e9unit les performances d\u2019un thermo-po\u00eale et la compacit\u00e9 d\u2019un mod\u00e8le slim<\/strong>, avec un design \u00e9pur\u00e9 sublim\u00e9 par une fa\u00e7ade avant en verre sombre.<\/p>\n<p>S\u00fbre, intuitive et autonome dans sa gestion, elle vous permet de programmer le fonctionnement, de la nettoyer facilement et de profiter d\u2019une chaleur constante et fiable.<\/p>\n<p>Disponible en <strong>versions 18 et 23 kW<\/strong> et dans les finitions <strong>blanc, bordeaux, noir et effet bois<\/strong>.<\/p>\n","protected":false},"featured_media":69793,"template":"","meta":{"_acf_changed":false},"product_brand":[],"product_cat":[4617],"product_tag":[],"class_list":{"0":"post-69787","1":"product","2":"type-product","3":"status-publish","4":"has-post-thumbnail","6":"product_cat-poeles-hydro-a-granules","7":"product_shipping_class-termostufe-a-pellet-2","8":"pa_colore-blanc","9":"pa_colore-bordeaux-fr","10":"pa_colore-effet-bois","11":"pa_colore-noir","12":"pa_potenza-18-kw-fr","13":"pa_potenza-23-kw-fr","14":"sales-flash-overlay","15":"woocommerce-text-align-center","16":"woocommerce-image-align-center","17":"do-quantity-buttons","19":"first","20":"outofstock","21":"taxable","22":"shipping-taxable","23":"purchasable","24":"product-type-variable"},"acf":[],"_links":{"self":[{"href":"https:\/\/www.fokussrl.com\/fr\/wp-json\/wp\/v2\/product\/69787","targetHints":{"allow":["GET"]}}],"collection":[{"href":"https:\/\/www.fokussrl.com\/fr\/wp-json\/wp\/v2\/product"}],"about":[{"href":"https:\/\/www.fokussrl.com\/fr\/wp-json\/wp\/v2\/types\/product"}],"wp:featuredmedia":[{"embeddable":true,"href":"https:\/\/www.fokussrl.com\/fr\/wp-json\/wp\/v2\/media\/69793"}],"wp:attachment":[{"href":"https:\/\/www.fokussrl.com\/fr\/wp-json\/wp\/v2\/media?parent=69787"}],"wp:term":[{"taxonomy":"product_brand","embeddable":true,"href":"https:\/\/www.fokussrl.com\/fr\/wp-json\/wp\/v2\/product_brand?post=69787"},{"taxonomy":"product_cat","embeddable":true,"href":"https:\/\/www.fokussrl.com\/fr\/wp-json\/wp\/v2\/product_cat?post=69787"},{"taxonomy":"product_tag","embeddable":true,"href":"https:\/\/www.fokussrl.com\/fr\/wp-json\/wp\/v2\/product_tag?post=69787"}],"curies":[{"name":"wp","href":"https:\/\/api.w.org\/{rel}","templated":true}]}}