{"id":69892,"date":"2026-02-16T14:18:21","date_gmt":"2026-02-16T13:18:21","guid":{"rendered":"https:\/\/www.fokussrl.com\/?post_type=product&#038;p=69892"},"modified":"2026-02-17T08:00:08","modified_gmt":"2026-02-17T07:00:08","slug":"poele-a-granules-avec-four-vanity-135-kw-age-stufe","status":"publish","type":"product","link":"https:\/\/www.fokussrl.com\/fr\/produit\/poele-a-granules-avec-four-vanity-135-kw-age-stufe\/","title":{"rendered":"Po\u00eale \u00e0 granul\u00e9s avec four VANITY 13,5 kW &#8211; Age Stufe"},"content":{"rendered":"<p data-start=\"0\" data-end=\"32\">Puissance introduite : 13,5 kW<\/p>\n<p data-start=\"34\" data-end=\"64\">Puissance nominale : 12,4 kW<\/p>\n<p data-start=\"66\" data-end=\"102\">Sortie des fum\u00e9es : diam\u00e8tre 80 mm<\/p>\n<p data-start=\"104\" data-end=\"142\">Volume chauffable : 290 m\u00e8tres cubes<\/p>\n<p data-start=\"144\" data-end=\"175\">Capacit\u00e9 du r\u00e9servoir : 22 kg<\/p>\n<p data-start=\"177\" data-end=\"217\" data-is-last-node=\"\" data-is-only-node=\"\">Certification environnementale 5 \u00e9toiles<\/p>\n","protected":false},"excerpt":{"rendered":"<p>Le <strong data-start=\"3\" data-end=\"25\">po\u00eale \u00e0 air Vanity<\/strong> d\u00e9livre jusqu\u2019\u00e0 12,4 kW de puissance utile, garantissant un \u00e9change thermique \u00e9lev\u00e9 par rayonnement et convection naturelle, avec une utilisation minimale du ventilateur et donc un silence maximal. La chambre de combustion de 3 mm assure fiabilit\u00e9 et s\u00e9curit\u00e9, tandis que la programmation autonome de l\u2019allumage et de l\u2019extinction ainsi que la facilit\u00e9 de nettoyage en compl\u00e8tent la praticit\u00e9. Son design original en fait \u00e9galement un \u00e9l\u00e9gant \u00e9l\u00e9ment d\u2019ameublement.<\/p>\n","protected":false},"featured_media":69903,"template":"","meta":{"_acf_changed":false},"product_brand":[],"product_cat":[4603,4604],"product_tag":[],"class_list":{"0":"post-69892","1":"product","2":"type-product","3":"status-publish","4":"has-post-thumbnail","6":"product_cat-poeles-a-granules","7":"product_cat-poeles-a-granules-ventiles","8":"product_shipping_class-stufe-a-pellet-2-2","9":"pa_colore-beige-fr","10":"pa_colore-bordeaux-fr","11":"pa_versione-avec-kit-de-canalisation","12":"pa_versione-sans-canalisation","13":"sales-flash-overlay","14":"woocommerce-text-align-center","15":"woocommerce-image-align-center","16":"do-quantity-buttons","18":"first","19":"outofstock","20":"taxable","21":"shipping-taxable","22":"purchasable","23":"product-type-variable"},"acf":[],"_links":{"self":[{"href":"https:\/\/www.fokussrl.com\/fr\/wp-json\/wp\/v2\/product\/69892","targetHints":{"allow":["GET"]}}],"collection":[{"href":"https:\/\/www.fokussrl.com\/fr\/wp-json\/wp\/v2\/product"}],"about":[{"href":"https:\/\/www.fokussrl.com\/fr\/wp-json\/wp\/v2\/types\/product"}],"wp:featuredmedia":[{"embeddable":true,"href":"https:\/\/www.fokussrl.com\/fr\/wp-json\/wp\/v2\/media\/69903"}],"wp:attachment":[{"href":"https:\/\/www.fokussrl.com\/fr\/wp-json\/wp\/v2\/media?parent=69892"}],"wp:term":[{"taxonomy":"product_brand","embeddable":true,"href":"https:\/\/www.fokussrl.com\/fr\/wp-json\/wp\/v2\/product_brand?post=69892"},{"taxonomy":"product_cat","embeddable":true,"href":"https:\/\/www.fokussrl.com\/fr\/wp-json\/wp\/v2\/product_cat?post=69892"},{"taxonomy":"product_tag","embeddable":true,"href":"https:\/\/www.fokussrl.com\/fr\/wp-json\/wp\/v2\/product_tag?post=69892"}],"curies":[{"name":"wp","href":"https:\/\/api.w.org\/{rel}","templated":true}]}}