{"id":69951,"date":"2026-02-20T08:01:18","date_gmt":"2026-02-20T07:01:18","guid":{"rendered":"https:\/\/www.fokussrl.com\/?post_type=product&#038;p=69951"},"modified":"2026-02-20T08:26:51","modified_gmt":"2026-02-20T07:26:51","slug":"poele-thermo-a-bois-hydronova-plus-bronpi","status":"publish","type":"product","link":"https:\/\/www.fokussrl.com\/fr\/produit\/poele-thermo-a-bois-hydronova-plus-bronpi\/","title":{"rendered":"Po\u00eale thermo \u00e0 bois HYDRONOVA PLUS &#8211; Bronpi"},"content":{"rendered":"<p data-start=\"0\" data-end=\"45\">Puissance \u00e0 l\u2019air Max.\u2013Min. : 15 \u2013 5 kW<\/p>\n<p data-start=\"47\" data-end=\"81\">Puissance nominale : 12,7 kW<\/p>\n<p data-start=\"83\" data-end=\"132\">Puissance \u00e0 l\u2019eau Max.\u2013Min. : 10,6 \u2013 2,1 kW<\/p>\n<p data-start=\"134\" data-end=\"168\">Volume chauffable (m\u00b3) : 318<\/p>\n<p data-start=\"170\" data-end=\"194\">Rendement (%) : 84<\/p>\n<p data-start=\"196\" data-end=\"227\">Consommation (kg\/h) : 3,6<\/p>\n<p data-start=\"229\" data-end=\"274\">Diam\u00e8tre de sortie des fum\u00e9es (cm) : 15<\/p>\n<p data-start=\"276\" data-end=\"334\">Surface chauffable par plancher chauffant (m\u00b2) : 110<\/p>\n<p data-start=\"336\" data-end=\"377\">Nombre d\u2019\u00e9l\u00e9ments de radiateur : 76<\/p>\n<p data-start=\"379\" data-end=\"416\">Pression de service (bar) : 1,5<\/p>\n<p data-start=\"418\" data-end=\"464\">Pression maximale de service (bar) : 2,4<\/p>\n<p data-start=\"466\" data-end=\"488\">Poids (kg) : 183<\/p>\n<p data-start=\"490\" data-end=\"534\">Longueur maximale des b\u00fbches (cm) : 50<\/p>\n<p data-start=\"536\" data-end=\"606\">Dimensions utiles de l\u2019ouverture du foyer (mm) : 500 | 300 | 285<\/p>\n<p data-start=\"608\" data-end=\"649\">Mat\u00e9riau ext\u00e9rieur : Acier et fonte<\/p>\n<p data-start=\"651\" data-end=\"707\">Mat\u00e9riau de la chambre de combustion : Vermiculite<\/p>\n","protected":false},"excerpt":{"rendered":"<p data-start=\"0\" data-end=\"348\">Po\u00eale bouilleur \u00e0 bois solide et performant, con\u00e7u pour offrir un chauffage puissant et homog\u00e8ne dans toute la maison. La structure avec porte et grille en fonte garantit robustesse et long\u00e9vit\u00e9, tandis que l\u2019int\u00e9rieur en vermiculite am\u00e9liore l\u2019isolation de la chambre de combustion, augmentant le rendement et optimisant la consommation de bois.<\/p>\n<p data-start=\"350\" data-end=\"573\">Gr\u00e2ce au r\u00e9glage de l\u2019air primaire, secondaire et tertiaire ainsi qu\u2019au Syst\u00e8me de Triple Combustion, il assure une combustion plus compl\u00e8te et plus propre, avec un rendement thermique sup\u00e9rieur et des \u00e9missions r\u00e9duites.<\/p>\n<p data-start=\"575\" data-end=\"815\">Le r\u00e9servoir de 35 litres et la pression de service de 1,5 bar (maximum 2,5 bar) le rendent compatible avec les installations existantes. Il est \u00e9quip\u00e9 d\u2019une soupape de s\u00e9curit\u00e9 contre la surpression de 3 bar pour une protection maximale.<\/p>\n<p data-start=\"817\" data-end=\"999\">Il peut chauffer jusqu\u2019\u00e0 110 m\u00b2 avec un plancher chauffant ou jusqu\u2019\u00e0 76 \u00e9l\u00e9ments de radiateurs, ce qui en fait une solution id\u00e9ale comme syst\u00e8me principal de chauffage domestique.<\/p>\n<p data-start=\"1001\" data-end=\"1067\">Inclus : gant de protection et bombe de peinture pour retouches.<\/p>\n<p data-start=\"1069\" data-end=\"1160\">Accessoires optionnels disponibles pour une personnalisation compl\u00e8te de l\u2019installation :<\/p>\n<ul data-start=\"1162\" data-end=\"1300\">\n<li data-start=\"1162\" data-end=\"1229\">\n<p data-start=\"1164\" data-end=\"1229\">Kit de prise d\u2019air ext\u00e9rieur pour conversion en version \u00e9tanche<\/p>\n<\/li>\n<li data-start=\"1230\" data-end=\"1273\">\n<p data-start=\"1232\" data-end=\"1273\">Vanne thermostatique de refroidissement<\/p>\n<\/li>\n<li data-start=\"1274\" data-end=\"1300\">\n<p data-start=\"1276\" data-end=\"1300\">Vanne anticondensation<\/p>\n<\/li>\n<\/ul>\n<p data-start=\"1302\" data-end=\"1476\" data-is-last-node=\"\" data-is-only-node=\"\">Une solution fiable, \u00e9cologique et \u00e9conomique pour ceux qui recherchent le confort de la chaleur au bois alli\u00e9 aux performances d\u2019un syst\u00e8me de chauffage hydraulique moderne.<\/p>\n","protected":false},"featured_media":69961,"template":"","meta":{"_acf_changed":false},"product_brand":[4798],"product_cat":[4616],"product_tag":[],"class_list":{"0":"post-69951","1":"product","2":"type-product","3":"status-publish","4":"has-post-thumbnail","6":"product_brand-bronpi-fr","7":"product_cat-poeles-hydro-au-bois","8":"product_shipping_class-termostufe-a-legna-2-2","9":"pa_colore-beige-brillant","10":"pa_colore-blanc-brillant","11":"pa_colore-bordeaux-brillant","12":"pa_colore-bronze-fr","13":"pa_colore-cuivre-martele","14":"pa_colore-gris","15":"pa_colore-noir-brillant","16":"sales-flash-overlay","17":"woocommerce-text-align-center","18":"woocommerce-image-align-center","19":"do-quantity-buttons","21":"first","22":"instock","23":"taxable","24":"shipping-taxable","25":"purchasable","26":"product-type-simple"},"acf":[],"_links":{"self":[{"href":"https:\/\/www.fokussrl.com\/fr\/wp-json\/wp\/v2\/product\/69951","targetHints":{"allow":["GET"]}}],"collection":[{"href":"https:\/\/www.fokussrl.com\/fr\/wp-json\/wp\/v2\/product"}],"about":[{"href":"https:\/\/www.fokussrl.com\/fr\/wp-json\/wp\/v2\/types\/product"}],"wp:featuredmedia":[{"embeddable":true,"href":"https:\/\/www.fokussrl.com\/fr\/wp-json\/wp\/v2\/media\/69961"}],"wp:attachment":[{"href":"https:\/\/www.fokussrl.com\/fr\/wp-json\/wp\/v2\/media?parent=69951"}],"wp:term":[{"taxonomy":"product_brand","embeddable":true,"href":"https:\/\/www.fokussrl.com\/fr\/wp-json\/wp\/v2\/product_brand?post=69951"},{"taxonomy":"product_cat","embeddable":true,"href":"https:\/\/www.fokussrl.com\/fr\/wp-json\/wp\/v2\/product_cat?post=69951"},{"taxonomy":"product_tag","embeddable":true,"href":"https:\/\/www.fokussrl.com\/fr\/wp-json\/wp\/v2\/product_tag?post=69951"}],"curies":[{"name":"wp","href":"https:\/\/api.w.org\/{rel}","templated":true}]}}