{"id":69986,"date":"2026-02-21T08:56:52","date_gmt":"2026-02-21T07:56:52","guid":{"rendered":"https:\/\/www.fokussrl.com\/?post_type=product&#038;p=69986"},"modified":"2026-02-21T09:13:42","modified_gmt":"2026-02-21T08:13:42","slug":"cheminee-hydro-a-granules-ory-ip-800-3f-lartistico","status":"publish","type":"product","link":"https:\/\/www.fokussrl.com\/fr\/produit\/cheminee-hydro-a-granules-ory-ip-800-3f-lartistico\/","title":{"rendered":"Chemin\u00e9e hydro \u00e0 granul\u00e9s ORY IP 800 3F &#8211; L&rsquo;artistico"},"content":{"rendered":"<p data-start=\"0\" data-end=\"37\"><strong data-start=\"0\" data-end=\"37\">Produit en cours de certification<\/strong><\/p>\n<p data-start=\"39\" data-end=\"87\"><strong data-start=\"39\" data-end=\"53\">Dimensions<\/strong><br data-start=\"53\" data-end=\"56\" \/>L 800 mm, l 719 mm, H 1403 mm<\/p>\n<p data-start=\"89\" data-end=\"315\" data-is-last-node=\"\" data-is-only-node=\"\"><strong data-start=\"89\" data-end=\"112\">\u00c9quipement de s\u00e9rie<\/strong><br data-start=\"112\" data-end=\"115\" \/>\u2013 Comflux : flux d\u2019air comburant contr\u00f4l\u00e9<br data-start=\"156\" data-end=\"159\" data-is-only-node=\"\" \/>\u2013 Nettoyage automatique du brasier<br data-start=\"193\" data-end=\"196\" \/>\u2013 T\u00e9 d\u2019inspection int\u00e9gr\u00e9<br data-start=\"221\" data-end=\"224\" \/>\u2013 Sortie des fum\u00e9es sup\u00e9rieure \u00d8 100 mm, c\u00f4t\u00e9 arri\u00e8re droit<br data-start=\"283\" data-end=\"286\" \/>\u2013 Cadre de compensation 30 mm<\/p>\n","protected":false},"excerpt":{"rendered":"<p data-start=\"0\" data-end=\"89\">Vue panoramique de la flamme \u00e0 180\u00b0, avec chambre de combustion de forme rectangulaire.<\/p>\n<p data-start=\"91\" data-end=\"432\">Le syst\u00e8me est \u00e9quip\u00e9 de trois ventilations ind\u00e9pendantes : une ventilation centrifuge centrale orientable, pouvant diriger le flux d\u2019air vers le haut par canalisation ou le diffuser horizontalement dans la pi\u00e8ce, ainsi que deux ventilateurs centrifuges sup\u00e9rieurs destin\u00e9s \u00e0 la distribution de l\u2019air dans la hotte ou vers d\u2019autres pi\u00e8ces.<\/p>\n<p data-start=\"434\" data-end=\"507\">Un syst\u00e8me \u00e9lectrom\u00e9canique assure le nettoyage automatique du brasier.<\/p>\n<p data-start=\"509\" data-end=\"622\">Les compartiments de r\u00e9cup\u00e9ration des cendres sont facilement accessibles pour un entretien rapide et pratique.<\/p>\n<p data-start=\"624\" data-end=\"658\">Sortie des fum\u00e9es par le dessus.<\/p>\n<p data-start=\"660\" data-end=\"839\" data-is-last-node=\"\" data-is-only-node=\"\">Le r\u00e9servoir \u00e0 granul\u00e9s, le groupe \u00e9lectronique et la sortie des fum\u00e9es peuvent \u00eatre configur\u00e9s sur le c\u00f4t\u00e9 droit ou gauche afin de garantir une grande flexibilit\u00e9 d\u2019installation.<\/p>\n","protected":false},"featured_media":69992,"template":"","meta":{"_acf_changed":false},"product_brand":[4822],"product_cat":[4610],"product_tag":[],"class_list":{"0":"post-69986","1":"product","2":"type-product","3":"status-publish","4":"has-post-thumbnail","6":"product_brand-l-artistico-fr","7":"product_cat-cheminees-hydro-a-granules","8":"product_shipping_class-termocamini-a-pellet-2-2","9":"pa_versione-eau-chaude-uniquement-pour-le-chauffage","10":"pa_versione-ecs-eau-chaude-sanitaire","11":"sales-flash-overlay","12":"woocommerce-text-align-center","13":"woocommerce-image-align-center","14":"do-quantity-buttons","16":"first","17":"instock","18":"taxable","19":"shipping-taxable","20":"purchasable","21":"product-type-simple"},"acf":[],"_links":{"self":[{"href":"https:\/\/www.fokussrl.com\/fr\/wp-json\/wp\/v2\/product\/69986","targetHints":{"allow":["GET"]}}],"collection":[{"href":"https:\/\/www.fokussrl.com\/fr\/wp-json\/wp\/v2\/product"}],"about":[{"href":"https:\/\/www.fokussrl.com\/fr\/wp-json\/wp\/v2\/types\/product"}],"wp:featuredmedia":[{"embeddable":true,"href":"https:\/\/www.fokussrl.com\/fr\/wp-json\/wp\/v2\/media\/69992"}],"wp:attachment":[{"href":"https:\/\/www.fokussrl.com\/fr\/wp-json\/wp\/v2\/media?parent=69986"}],"wp:term":[{"taxonomy":"product_brand","embeddable":true,"href":"https:\/\/www.fokussrl.com\/fr\/wp-json\/wp\/v2\/product_brand?post=69986"},{"taxonomy":"product_cat","embeddable":true,"href":"https:\/\/www.fokussrl.com\/fr\/wp-json\/wp\/v2\/product_cat?post=69986"},{"taxonomy":"product_tag","embeddable":true,"href":"https:\/\/www.fokussrl.com\/fr\/wp-json\/wp\/v2\/product_tag?post=69986"}],"curies":[{"name":"wp","href":"https:\/\/api.w.org\/{rel}","templated":true}]}}