{"id":70011,"date":"2026-01-21T09:26:24","date_gmt":"2026-01-21T08:26:24","guid":{"rendered":"https:\/\/www.fokussrl.com\/?post_type=product&#038;p=70011"},"modified":"2026-02-21T09:34:14","modified_gmt":"2026-02-21T08:34:14","slug":"cheminee-a-granules-ventilee-et-canalisable-ory-ap-800-2f-153-kw-lartistico-5-etoiles","status":"publish","type":"product","link":"https:\/\/www.fokussrl.com\/fr\/produit\/cheminee-a-granules-ventilee-et-canalisable-ory-ap-800-2f-153-kw-lartistico-5-etoiles\/","title":{"rendered":"Chemin\u00e9e \u00e0 granul\u00e9s ventil\u00e9e et canalisable ORY AP 800 2F 15,3 kW &#8211; L&rsquo;artistico 5 \u00e9toiles"},"content":{"rendered":"<p data-start=\"0\" data-end=\"413\"><strong data-start=\"0\" data-end=\"34\">Puissance thermique nominale :<\/strong> max. 15,3 kW \/ min. 6,9 kW<br data-start=\"61\" data-end=\"64\" \/><strong data-start=\"64\" data-end=\"79\" data-is-only-node=\"\">Rendement :<\/strong> max. 90,8 % \/ min. 93,7 %<br data-start=\"105\" data-end=\"108\" \/><strong data-start=\"108\" data-end=\"146\">Consommation horaire de granul\u00e9s :<\/strong> max. 3,6 kg\/h \/ min. 1,6 kg\/h<br data-start=\"176\" data-end=\"179\" \/><strong data-start=\"179\" data-end=\"194\">Autonomie :<\/strong> max. 13 h \/ min. 31 h<br data-start=\"216\" data-end=\"219\" \/><strong data-start=\"219\" data-end=\"246\">Capacit\u00e9 du r\u00e9servoir :<\/strong> 50 kg<br data-start=\"252\" data-end=\"255\" \/><strong data-start=\"255\" data-end=\"302\">Consommation \u00e9lectrique en fonctionnement :<\/strong> 95\u2013215 W\/h<br data-start=\"313\" data-end=\"316\" \/><strong data-start=\"316\" data-end=\"339\">Ventilateur d\u2019air :<\/strong> 2 lat\u00e9raux 160 m\u00b3\/h chacun (320 m\u00b3\/h au total)<br data-start=\"386\" data-end=\"389\" \/><strong data-start=\"389\" data-end=\"404\">Poids net :<\/strong> 174 kg<\/p>\n<h3 data-start=\"415\" data-end=\"444\">INFORMATIONS TECHNIQUES<\/h3>\n<p data-start=\"445\" data-end=\"634\" data-is-last-node=\"\" data-is-only-node=\"\"><strong data-start=\"445\" data-end=\"461\">Dimensions :<\/strong> L 81 x P 63 x H 137 cm<br data-start=\"484\" data-end=\"487\" \/><strong data-start=\"487\" data-end=\"511\" data-is-only-node=\"\">Classe \u00e9nerg\u00e9tique :<\/strong> A+<br data-start=\"514\" data-end=\"517\" \/><strong data-start=\"517\" data-end=\"545\">Efficacit\u00e9 \u00e9nerg\u00e9tique :<\/strong> 117<br data-start=\"549\" data-end=\"552\" \/><strong data-start=\"552\" data-end=\"570\">Code couleur :<\/strong> 50041<\/p>\n<p data-start=\"445\" data-end=\"634\" data-is-last-node=\"\" data-is-only-node=\"\"><strong>DCS \u2013 Double combustion des fum\u00e9es<\/strong><br data-start=\"576\" data-end=\"579\" \/><strong data-start=\"579\" data-end=\"615\">Certification environnementale :<\/strong> DM 186 \u2013 5 \u00e9toiles<\/p>\n","protected":false},"excerpt":{"rendered":"<p>C&rsquo;est une chemin\u00e9e unique, con\u00e7ue pour une installation sur des murs d&rsquo;angle. Les grandes dimensions rendent le ORY AP 800 2F impressionnant sans \u00eatre envahissant : la flamme est la v\u00e9ritable vedette et peut \u00eatre admir\u00e9e sous deux perspectives, cr\u00e9ant un spectacle dynamique et captivant. La puissance thermique de cette chemin\u00e9e \u00e0 pellets la rend adapt\u00e9e au chauffage de grands espaces, et la chaleur peut \u00e9galement \u00eatre distribu\u00e9e \u00e0 d&rsquo;autres pi\u00e8ces gr\u00e2ce \u00e0 une canalisation allant jusqu&rsquo;\u00e0 7 m\u00e8tres. La programmation des horaires d&rsquo;allumage et d&rsquo;arr\u00eat s&rsquo;adapte \u00e0 votre routine quotidienne, \u00e9vitant ainsi le gaspillage. ORY AP 800 2F fera de votre maison un espace chaleureux et \u00e9l\u00e9gant, parfait pour les moments de convivialit\u00e9 ou de d\u00e9tente.<\/p>\n","protected":false},"featured_media":59956,"template":"","meta":{"_acf_changed":false},"product_brand":[4822],"product_cat":[4580],"product_tag":[],"class_list":{"0":"post-70011","1":"product","2":"type-product","3":"status-publish","4":"has-post-thumbnail","6":"product_brand-l-artistico-fr","7":"product_cat-cheminees-a-granules","8":"product_shipping_class-caminetti-a-pellet-2-2","9":"pa_versione-droite-3","10":"pa_versione-gauche-fr","11":"sales-flash-overlay","12":"woocommerce-text-align-center","13":"woocommerce-image-align-center","14":"do-quantity-buttons","16":"first","17":"instock","18":"taxable","19":"shipping-taxable","20":"purchasable","21":"product-type-variable"},"acf":[],"_links":{"self":[{"href":"https:\/\/www.fokussrl.com\/fr\/wp-json\/wp\/v2\/product\/70011","targetHints":{"allow":["GET"]}}],"collection":[{"href":"https:\/\/www.fokussrl.com\/fr\/wp-json\/wp\/v2\/product"}],"about":[{"href":"https:\/\/www.fokussrl.com\/fr\/wp-json\/wp\/v2\/types\/product"}],"wp:featuredmedia":[{"embeddable":true,"href":"https:\/\/www.fokussrl.com\/fr\/wp-json\/wp\/v2\/media\/59956"}],"wp:attachment":[{"href":"https:\/\/www.fokussrl.com\/fr\/wp-json\/wp\/v2\/media?parent=70011"}],"wp:term":[{"taxonomy":"product_brand","embeddable":true,"href":"https:\/\/www.fokussrl.com\/fr\/wp-json\/wp\/v2\/product_brand?post=70011"},{"taxonomy":"product_cat","embeddable":true,"href":"https:\/\/www.fokussrl.com\/fr\/wp-json\/wp\/v2\/product_cat?post=70011"},{"taxonomy":"product_tag","embeddable":true,"href":"https:\/\/www.fokussrl.com\/fr\/wp-json\/wp\/v2\/product_tag?post=70011"}],"curies":[{"name":"wp","href":"https:\/\/api.w.org\/{rel}","templated":true}]}}