{"id":70025,"date":"2026-01-21T10:15:59","date_gmt":"2026-01-21T09:15:59","guid":{"rendered":"https:\/\/www.fokussrl.com\/?post_type=product&#038;p=70025"},"modified":"2026-02-21T10:21:50","modified_gmt":"2026-02-21T09:21:50","slug":"cheminee-a-granules-ventilee-et-canalisable-ory-ap-1000-153-kw-lartistico-5-etoiles","status":"publish","type":"product","link":"https:\/\/www.fokussrl.com\/fr\/produit\/cheminee-a-granules-ventilee-et-canalisable-ory-ap-1000-153-kw-lartistico-5-etoiles\/","title":{"rendered":"Chemin\u00e9e \u00e0 granul\u00e9s ventil\u00e9e et canalisable ORY AP 1000 15,3 kW &#8211; L&rsquo;artistico 5 \u00e9toiles"},"content":{"rendered":"<ul>\n<li>Puissance thermique nominale : max. 15,3 kW \/ min. 6,9 kW<\/li>\n<li>Rendement : max. 90,8 % \/ min. 93,7 %<\/li>\n<li>Consommation horaire de pellets : max. 3,6 kg\/h. \/ min. 1,6 kg\/h.<\/li>\n<li>Autonomie : max. 16 h. \/ min. 37 h.<\/li>\n<li>Capacit\u00e9 du r\u00e9servoir : 60 kg<\/li>\n<li>Absorption \u00e9lectrique en r\u00e9gime : 95 &#8211; 150 W\/h.<\/li>\n<li>Ventilateur d&rsquo;air : 260 m3\/h + lat\u00e9ral 160 m3\/h.<\/li>\n<li>Poids net : 185 kg<\/li>\n<\/ul>\n<h2>INFORMATIONS TECHNIQUES<\/h2>\n<ul>\n<li>Dimensions L 101 x P 58.8 x H 129 cm<\/li>\n<li>Classe \u00e9nerg\u00e9tique A+<\/li>\n<li>Efficacit\u00e9 \u00e9nerg\u00e9tique 117<\/li>\n<li>Code couleur 51400<\/li>\n<li>DCS \u2013 Double combustion des fum\u00e9es<\/li>\n<li>Certification environnementale DM186 5 \u00e9toiles.<\/li>\n<\/ul>\n","protected":false},"excerpt":{"rendered":"<p>APOLLO M16 est une chemin\u00e9e \u00e0 granul\u00e9s frontale de grande taille qui embrasse toute la pi\u00e8ce, devenant un protagoniste discret de votre quotidien. Son foyer au design contemporain offre d&rsquo;excellentes performances, rendant cette chemin\u00e9e adapt\u00e9e aux grands espaces et au chauffage de plusieurs pi\u00e8ces. La flamme enveloppante des granul\u00e9s, encadr\u00e9e par un verre noir s\u00e9rigraphi\u00e9, captive le regard du spectateur, insufflant calme et relaxation avec ses jeux de lumi\u00e8re vivants. Cette chemin\u00e9e permet de programmer les cycles de chauffage, de r\u00e9gler la temp\u00e9rature et l&rsquo;intensit\u00e9 de la ventilation, et son rendement \u00e9lev\u00e9 garantit des \u00e9conomies d&rsquo;\u00e9nergie sans gaspillage. APOLLO M16 est une chemin\u00e9e \u00e0 granul\u00e9s au fort impact visuel, un authentique c\u0153ur battant au centre de votre maison.<\/p>\n","protected":false},"featured_media":53077,"template":"","meta":{"_acf_changed":false},"product_brand":[4822],"product_cat":[4580],"product_tag":[],"class_list":{"0":"post-70025","1":"product","2":"type-product","3":"status-publish","4":"has-post-thumbnail","6":"product_brand-l-artistico-fr","7":"product_cat-cheminees-a-granules","8":"product_shipping_class-caminetti-a-pellet-2-2","9":"sales-flash-overlay","10":"woocommerce-text-align-center","11":"woocommerce-image-align-center","12":"do-quantity-buttons","14":"first","15":"instock","16":"taxable","17":"shipping-taxable","18":"purchasable","19":"product-type-simple"},"acf":[],"_links":{"self":[{"href":"https:\/\/www.fokussrl.com\/fr\/wp-json\/wp\/v2\/product\/70025","targetHints":{"allow":["GET"]}}],"collection":[{"href":"https:\/\/www.fokussrl.com\/fr\/wp-json\/wp\/v2\/product"}],"about":[{"href":"https:\/\/www.fokussrl.com\/fr\/wp-json\/wp\/v2\/types\/product"}],"wp:featuredmedia":[{"embeddable":true,"href":"https:\/\/www.fokussrl.com\/fr\/wp-json\/wp\/v2\/media\/53077"}],"wp:attachment":[{"href":"https:\/\/www.fokussrl.com\/fr\/wp-json\/wp\/v2\/media?parent=70025"}],"wp:term":[{"taxonomy":"product_brand","embeddable":true,"href":"https:\/\/www.fokussrl.com\/fr\/wp-json\/wp\/v2\/product_brand?post=70025"},{"taxonomy":"product_cat","embeddable":true,"href":"https:\/\/www.fokussrl.com\/fr\/wp-json\/wp\/v2\/product_cat?post=70025"},{"taxonomy":"product_tag","embeddable":true,"href":"https:\/\/www.fokussrl.com\/fr\/wp-json\/wp\/v2\/product_tag?post=70025"}],"curies":[{"name":"wp","href":"https:\/\/api.w.org\/{rel}","templated":true}]}}