{"id":70029,"date":"2026-01-21T10:28:30","date_gmt":"2026-01-21T09:28:30","guid":{"rendered":"https:\/\/www.fokussrl.com\/?post_type=product&#038;p=70029"},"modified":"2026-02-21T10:32:58","modified_gmt":"2026-02-21T09:32:58","slug":"cheminee-a-granules-ventilee-et-canalisable-ory-ap-800-3f-153-kw-lartistico-5-etoiles","status":"publish","type":"product","link":"https:\/\/www.fokussrl.com\/fr\/produit\/cheminee-a-granules-ventilee-et-canalisable-ory-ap-800-3f-153-kw-lartistico-5-etoiles\/","title":{"rendered":"Chemin\u00e9e \u00e0 granul\u00e9s ventil\u00e9e et canalisable ORY AP 800 3F 15,3 kW &#8211; L&rsquo;artistico 5 \u00e9toiles"},"content":{"rendered":"<ul>\n<li>Puissance thermique nominale: max. 15,3 kW \/ min. 6,9 kW<\/li>\n<li>Efficacit\u00e9: max. 90,8% \/ min. 93,7%<\/li>\n<li>Consommation horaire de granul\u00e9s: max. 3,6 kg\/h. \/ min. 1,6 kg\/h.<\/li>\n<li>Autonomie: max. 13 h \/ min. 31 h.<\/li>\n<li>Capacit\u00e9 du r\u00e9servoir: 50 kg<\/li>\n<li>Consommation \u00e9lectrique en r\u00e9gime: 95 &#8211; 215 W\/h.<\/li>\n<li>Ventilateur d&rsquo;air: 2 lat\u00e9raux 160 m3\/h = 320 m3\/h.<\/li>\n<li>Poids net: 168 kg<\/li>\n<\/ul>\n<h2>INFORMATIONS TECHNIQUES<\/h2>\n<ul>\n<li>Dimensions L 81 x P 63 x H 137 cm<\/li>\n<li>Classe \u00e9nerg\u00e9tique A+<\/li>\n<li>Efficacit\u00e9 \u00e9nerg\u00e9tique 117<\/li>\n<li>Code couleur 51304<\/li>\n<li>DCS \u2013 Double combustion des fum\u00e9es<\/li>\n<li>Certification environnementale DM186 5 \u00e9toiles<\/li>\n<\/ul>\n","protected":false},"excerpt":{"rendered":"<p>FRATAC V M16 est une chemin\u00e9e \u00e0 granul\u00e9s dot\u00e9e d&rsquo;une large vitre tri-facettes permettant d&rsquo;admirer la flamme sous trois angles diff\u00e9rents. Ses dimensions et sa puissance thermique le rendent adapt\u00e9 au chauffage de grands espaces, avec la possibilit\u00e9 de diffuser la chaleur dans d&rsquo;autres pi\u00e8ces. FRATAC V M16 est un syst\u00e8me de chauffage innovant qui, gr\u00e2ce \u00e0 la programmation des allumages et extinctions, vous offre un maximum de confort sans gaspillage. C&rsquo;est une chemin\u00e9e au design unique qui deviendra le c\u0153ur battant de votre maison, le centre de la vie domestique et une touche de style parfaite pour les occasions sp\u00e9ciales et de convivialit\u00e9.<\/p>\n","protected":false},"featured_media":53073,"template":"","meta":{"_acf_changed":false},"product_brand":[4822],"product_cat":[4580],"product_tag":[],"class_list":{"0":"post-70029","1":"product","2":"type-product","3":"status-publish","4":"has-post-thumbnail","6":"product_brand-l-artistico-fr","7":"product_cat-cheminees-a-granules","8":"product_shipping_class-caminetti-a-pellet-2-2","9":"sales-flash-overlay","10":"woocommerce-text-align-center","11":"woocommerce-image-align-center","12":"do-quantity-buttons","14":"first","15":"instock","16":"taxable","17":"shipping-taxable","18":"purchasable","19":"product-type-simple"},"acf":[],"_links":{"self":[{"href":"https:\/\/www.fokussrl.com\/fr\/wp-json\/wp\/v2\/product\/70029","targetHints":{"allow":["GET"]}}],"collection":[{"href":"https:\/\/www.fokussrl.com\/fr\/wp-json\/wp\/v2\/product"}],"about":[{"href":"https:\/\/www.fokussrl.com\/fr\/wp-json\/wp\/v2\/types\/product"}],"wp:featuredmedia":[{"embeddable":true,"href":"https:\/\/www.fokussrl.com\/fr\/wp-json\/wp\/v2\/media\/53073"}],"wp:attachment":[{"href":"https:\/\/www.fokussrl.com\/fr\/wp-json\/wp\/v2\/media?parent=70029"}],"wp:term":[{"taxonomy":"product_brand","embeddable":true,"href":"https:\/\/www.fokussrl.com\/fr\/wp-json\/wp\/v2\/product_brand?post=70029"},{"taxonomy":"product_cat","embeddable":true,"href":"https:\/\/www.fokussrl.com\/fr\/wp-json\/wp\/v2\/product_cat?post=70029"},{"taxonomy":"product_tag","embeddable":true,"href":"https:\/\/www.fokussrl.com\/fr\/wp-json\/wp\/v2\/product_tag?post=70029"}],"curies":[{"name":"wp","href":"https:\/\/api.w.org\/{rel}","templated":true}]}}