{"id":70032,"date":"2026-01-21T10:40:18","date_gmt":"2026-01-21T09:40:18","guid":{"rendered":"https:\/\/www.fokussrl.com\/?post_type=product&#038;p=70032"},"modified":"2026-02-21T10:44:05","modified_gmt":"2026-02-21T09:44:05","slug":"cheminee-a-granules-ventilee-et-canalisable-ory-ap-800-13-kw-lartistico-5-etoiles","status":"publish","type":"product","link":"https:\/\/www.fokussrl.com\/fr\/produit\/cheminee-a-granules-ventilee-et-canalisable-ory-ap-800-13-kw-lartistico-5-etoiles\/","title":{"rendered":"Chemin\u00e9e \u00e0 granul\u00e9s ventil\u00e9e et canalisable ORY AP 800 13 kW &#8211; L&rsquo;artistico 5 \u00e9toiles"},"content":{"rendered":"<ul>\n<li>Puissance thermique nominale: max. 13 kW \/ min. 6,4 kW<\/li>\n<li>Rendement: max. 90,4 % \/ min. 92,5 %<\/li>\n<li>Consommation horaire de granul\u00e9s: max. 3,0 kg\/h. \/ min. 1,5 kg\/h.<\/li>\n<li>Autonomie: max. 20 h \/ min. 40 h.<\/li>\n<li>Capacit\u00e0 du r\u00e9servoir: 60 kg<\/li>\n<li>Consommation \u00e9lectrique \u00e0 r\u00e9gime: 95 &#8211; 150 W\/h.<\/li>\n<li>Ventilateur d&rsquo;air: 260 m3\/h + lat\u00e9ral 160 m3\/h.<\/li>\n<li>Poids net: 160 kg<\/li>\n<\/ul>\n<h2>INFORMATIONS TECHNIQUES<\/h2>\n<ul>\n<li>Dimensions L 86 x P 58,5 x H 129 cm<\/li>\n<li>Classe \u00e9nerg\u00e9tique A+<\/li>\n<li>Efficacit\u00e9 \u00e9nerg\u00e9tique 116<\/li>\n<li>Code couleur 51402<\/li>\n<li>DCS \u2013 Double combustion des fum\u00e9es<\/li>\n<li>Certification environnementale DM186 5 \u00c9toiles<\/li>\n<\/ul>\n","protected":false},"excerpt":{"rendered":"<p>La chemin\u00e9e \u00e0 granul\u00e9s frontale ORY AP 800, avec ses 13 kW de puissance thermique et ses 80 cm de largeur, se distingue par son excellent rapport entre rendement et dimensions, en faisant un syst\u00e8me de chauffage adapt\u00e9 aux nouvelles installations dans de grands espaces et pour diffuser la chaleur dans d&rsquo;autres pi\u00e8ces. Le design minimaliste de la chemin\u00e9e, d\u00e9fini par un verre c\u00e9ramique noir s\u00e9rigraphi\u00e9 encadrant la flamme, met en valeur ses performances remarquables. La possibilit\u00e9 de programmer les allumages et pauses tout au long de la journ\u00e9e en fait un syst\u00e8me de chauffage intelligent, \u00e9vitant ainsi un gaspillage inutile de ressources. Le double brasero en fonte produit une flamme enveloppante et majestueuse, semblable \u00e0 celle du bois, mais avec la commodit\u00e9 des granul\u00e9s. ORY AP 800 est une chemin\u00e9e thermo-indispensable pour ceux qui souhaitent profiter de la chaleur de leur maison tout en respectant l&rsquo;efficacit\u00e9 \u00e9nerg\u00e9tique.<\/p>\n","protected":false},"featured_media":53058,"template":"","meta":{"_acf_changed":false},"product_brand":[4822],"product_cat":[4580],"product_tag":[],"class_list":{"0":"post-70032","1":"product","2":"type-product","3":"status-publish","4":"has-post-thumbnail","6":"product_brand-l-artistico-fr","7":"product_cat-cheminees-a-granules","8":"product_shipping_class-caminetti-a-pellet-2-2","9":"sales-flash-overlay","10":"woocommerce-text-align-center","11":"woocommerce-image-align-center","12":"do-quantity-buttons","14":"first","15":"instock","16":"taxable","17":"shipping-taxable","18":"purchasable","19":"product-type-simple"},"acf":[],"_links":{"self":[{"href":"https:\/\/www.fokussrl.com\/fr\/wp-json\/wp\/v2\/product\/70032","targetHints":{"allow":["GET"]}}],"collection":[{"href":"https:\/\/www.fokussrl.com\/fr\/wp-json\/wp\/v2\/product"}],"about":[{"href":"https:\/\/www.fokussrl.com\/fr\/wp-json\/wp\/v2\/types\/product"}],"wp:featuredmedia":[{"embeddable":true,"href":"https:\/\/www.fokussrl.com\/fr\/wp-json\/wp\/v2\/media\/53058"}],"wp:attachment":[{"href":"https:\/\/www.fokussrl.com\/fr\/wp-json\/wp\/v2\/media?parent=70032"}],"wp:term":[{"taxonomy":"product_brand","embeddable":true,"href":"https:\/\/www.fokussrl.com\/fr\/wp-json\/wp\/v2\/product_brand?post=70032"},{"taxonomy":"product_cat","embeddable":true,"href":"https:\/\/www.fokussrl.com\/fr\/wp-json\/wp\/v2\/product_cat?post=70032"},{"taxonomy":"product_tag","embeddable":true,"href":"https:\/\/www.fokussrl.com\/fr\/wp-json\/wp\/v2\/product_tag?post=70032"}],"curies":[{"name":"wp","href":"https:\/\/api.w.org\/{rel}","templated":true}]}}