{"id":70049,"date":"2026-02-22T09:01:10","date_gmt":"2026-02-22T08:01:10","guid":{"rendered":"https:\/\/www.fokussrl.com\/?post_type=product&#038;p=70049"},"modified":"2026-02-22T09:12:17","modified_gmt":"2026-02-22T08:12:17","slug":"cheminee-hydro-a-granules-ory-ip-800-lartistico-5-etoiles","status":"publish","type":"product","link":"https:\/\/www.fokussrl.com\/fr\/produit\/cheminee-hydro-a-granules-ory-ip-800-lartistico-5-etoiles\/","title":{"rendered":"Chemin\u00e9e hydro \u00e0 granul\u00e9s ORY IP 800  &#8211; L&rsquo;artistico 5 \u00e9toiles"},"content":{"rendered":"<p data-start=\"82\" data-end=\"149\"><strong data-start=\"438\" data-end=\"464\">Certification en cours<\/strong><\/p>\n<p data-start=\"82\" data-end=\"149\"><strong data-start=\"82\" data-end=\"105\">Dimensions et poids<\/strong><br data-start=\"105\" data-end=\"108\" \/>L 891 mm, W 766,5 mm, H 1403 mm, kg 000<\/p>\n<p data-start=\"151\" data-end=\"436\"><strong data-start=\"151\" data-end=\"174\">\u00c9quipement de s\u00e9rie<\/strong><br data-start=\"174\" data-end=\"177\" \/>\u2013 Comflux : flux d\u2019air comburant contr\u00f4l\u00e9<br data-start=\"218\" data-end=\"221\" \/>\u2013 Moteur d\u2019alimentation en pellets brushless<br data-start=\"265\" data-end=\"268\" \/>\u2013 Syst\u00e8me de nettoyage automatique du brasier<br data-start=\"313\" data-end=\"316\" \/>\u2013 T\u00e9 d\u2019inspection int\u00e9gr\u00e9<br data-start=\"341\" data-end=\"344\" \/>\u2013 Sortie des fum\u00e9es sup\u00e9rieure \u00d8 100 mm, c\u00f4t\u00e9 arri\u00e8re droit<br data-start=\"403\" data-end=\"406\" \/>\u2013 Cadre de finition : inclus<\/p>\n<p data-start=\"438\" data-end=\"466\">\n","protected":false},"excerpt":{"rendered":"<p data-start=\"87\" data-end=\"345\">Monobloc \u00e0 pellets con\u00e7u pour le chauffage hydraulique des espaces, garantissant confort et efficacit\u00e9 thermique dans toute l\u2019habitation. La large vitre horizontale met en valeur la vision de la flamme, alliant esth\u00e9tique et hautes performances de chauffage.<\/p>\n<p data-start=\"347\" data-end=\"708\">Le syst\u00e8me de triple ventilation ind\u00e9pendante assure une distribution optimale de la chaleur : un ventilateur centrifuge central orientable, avec sortie d\u2019air sup\u00e9rieure canalisable ou sortie frontale horizontale dans la pi\u00e8ce d\u2019installation, ainsi que deux ventilateurs centrifuges sup\u00e9rieurs destin\u00e9s \u00e0 la canalisation en contre-hotte ou vers d\u2019autres pi\u00e8ces.<\/p>\n<p data-start=\"710\" data-end=\"1129\">\u00c9quip\u00e9 d\u2019un syst\u00e8me \u00e9lectrom\u00e9canique de nettoyage automatique du brasier, il simplifie l\u2019entretien quotidien. L\u2019acc\u00e8s rapide aux compartiments de collecte des cendres am\u00e9liore encore la praticit\u00e9. La sortie des fum\u00e9es sup\u00e9rieure et la configuration flexible \u2014 avec acc\u00e8s au r\u00e9servoir \u00e0 pellets, au groupe \u00e9lectronique et \u00e0 la sortie des fum\u00e9es disponibles \u00e0 droite ou \u00e0 gauche \u2014 permettent une installation polyvalente.<\/p>\n","protected":false},"featured_media":70054,"template":"","meta":{"_acf_changed":false},"product_brand":[4822],"product_cat":[4610],"product_tag":[],"class_list":{"0":"post-70049","1":"product","2":"type-product","3":"status-publish","4":"has-post-thumbnail","6":"product_brand-l-artistico-fr","7":"product_cat-cheminees-hydro-a-granules","8":"product_shipping_class-termocamini-a-pellet-2-2","9":"pa_versione-eau-chaude-uniquement-pour-le-chauffage","10":"pa_versione-ecs-eau-chaude-sanitaire","11":"sales-flash-overlay","12":"woocommerce-text-align-center","13":"woocommerce-image-align-center","14":"do-quantity-buttons","16":"first","17":"instock","18":"taxable","19":"shipping-taxable","20":"purchasable","21":"product-type-variable"},"acf":[],"_links":{"self":[{"href":"https:\/\/www.fokussrl.com\/fr\/wp-json\/wp\/v2\/product\/70049","targetHints":{"allow":["GET"]}}],"collection":[{"href":"https:\/\/www.fokussrl.com\/fr\/wp-json\/wp\/v2\/product"}],"about":[{"href":"https:\/\/www.fokussrl.com\/fr\/wp-json\/wp\/v2\/types\/product"}],"wp:featuredmedia":[{"embeddable":true,"href":"https:\/\/www.fokussrl.com\/fr\/wp-json\/wp\/v2\/media\/70054"}],"wp:attachment":[{"href":"https:\/\/www.fokussrl.com\/fr\/wp-json\/wp\/v2\/media?parent=70049"}],"wp:term":[{"taxonomy":"product_brand","embeddable":true,"href":"https:\/\/www.fokussrl.com\/fr\/wp-json\/wp\/v2\/product_brand?post=70049"},{"taxonomy":"product_cat","embeddable":true,"href":"https:\/\/www.fokussrl.com\/fr\/wp-json\/wp\/v2\/product_cat?post=70049"},{"taxonomy":"product_tag","embeddable":true,"href":"https:\/\/www.fokussrl.com\/fr\/wp-json\/wp\/v2\/product_tag?post=70049"}],"curies":[{"name":"wp","href":"https:\/\/api.w.org\/{rel}","templated":true}]}}