{"id":70066,"date":"2026-02-22T09:13:39","date_gmt":"2026-02-22T08:13:39","guid":{"rendered":"https:\/\/www.fokussrl.com\/?post_type=product&#038;p=70066"},"modified":"2026-02-22T09:22:54","modified_gmt":"2026-02-22T08:22:54","slug":"cheminee-hydro-a-granules-ory-ip-800-2f-lartistico","status":"publish","type":"product","link":"https:\/\/www.fokussrl.com\/fr\/produit\/cheminee-hydro-a-granules-ory-ip-800-2f-lartistico\/","title":{"rendered":"Chemin\u00e9e hydro \u00e0 granul\u00e9s ORY IP 800 2F &#8211; L&rsquo;artistico"},"content":{"rendered":"<p data-start=\"0\" data-end=\"37\"><strong data-start=\"0\" data-end=\"37\">Produit en cours de certification<\/strong><\/p>\n<p data-start=\"39\" data-end=\"87\"><strong data-start=\"39\" data-end=\"53\">Dimensions<\/strong><br data-start=\"53\" data-end=\"56\" \/>L 800 mm, l 719 mm, H 1403 mm<\/p>\n<p data-start=\"89\" data-end=\"315\" data-is-last-node=\"\" data-is-only-node=\"\"><strong data-start=\"89\" data-end=\"112\">\u00c9quipement de s\u00e9rie<\/strong><br data-start=\"112\" data-end=\"115\" \/>\u2013 Comflux : flux d\u2019air comburant contr\u00f4l\u00e9<br data-start=\"156\" data-end=\"159\" data-is-only-node=\"\" \/>\u2013 Nettoyage automatique du brasier<br data-start=\"193\" data-end=\"196\" \/>\u2013 T\u00e9 d\u2019inspection int\u00e9gr\u00e9<br data-start=\"221\" data-end=\"224\" \/>\u2013 Sortie des fum\u00e9es sup\u00e9rieure \u00d8 100 mm, c\u00f4t\u00e9 arri\u00e8re droit<br data-start=\"283\" data-end=\"286\" \/>\u2013 Cadre de compensation 30 mm<\/p>\n","protected":false},"excerpt":{"rendered":"<p data-start=\"49\" data-end=\"460\">Monobloc \u00e0 pellets pour le chauffage hydraulique des espaces, con\u00e7u pour offrir des performances thermiques \u00e9lev\u00e9es et une int\u00e9gration architecturale harmonieuse. La grande vitre d\u2019angle valorise la vision de la flamme et, gr\u00e2ce au foyer de forme rectangulaire, cr\u00e9e un effet panoramique saisissant. Disponible avec vitre \u00e0 droite ou \u00e0 gauche, il s\u2019adapte facilement \u00e0 diff\u00e9rentes configurations d\u2019installation.<\/p>\n<p data-start=\"462\" data-end=\"832\">Le syst\u00e8me de triple ventilation ind\u00e9pendante assure une distribution efficace et modulable de la chaleur : un ventilateur centrifuge central orientable avec sortie sup\u00e9rieure canalisable ou sortie frontale horizontale dans la pi\u00e8ce d\u2019installation, compl\u00e9t\u00e9 par deux ventilateurs centrifuges sup\u00e9rieurs destin\u00e9s \u00e0 la canalisation en contre-hotte ou vers d\u2019autres pi\u00e8ces.<\/p>\n<p data-start=\"834\" data-end=\"1199\">Le syst\u00e8me \u00e9lectrom\u00e9canique de nettoyage automatique du brasier garantit simplicit\u00e9 d\u2019utilisation et continuit\u00e9 de fonctionnement, tandis que l\u2019acc\u00e8s rapide aux compartiments de collecte des cendres facilite les op\u00e9rations d\u2019entretien. La sortie des fum\u00e9es sup\u00e9rieure compl\u00e8te une configuration \u00e9tudi\u00e9e pour offrir polyvalence d\u2019installation et efficacit\u00e9 maximale.<\/p>\n","protected":false},"featured_media":70069,"template":"","meta":{"_acf_changed":false},"product_brand":[4822],"product_cat":[4610],"product_tag":[],"class_list":{"0":"post-70066","1":"product","2":"type-product","3":"status-publish","4":"has-post-thumbnail","6":"product_brand-l-artistico-fr","7":"product_cat-cheminees-hydro-a-granules","8":"product_shipping_class-termocamini-a-pellet-2-2","9":"pa_versione-droite","10":"pa_versione-gauche","11":"sales-flash-overlay","12":"woocommerce-text-align-center","13":"woocommerce-image-align-center","14":"do-quantity-buttons","16":"first","17":"instock","18":"taxable","19":"shipping-taxable","20":"purchasable","21":"product-type-variable"},"acf":[],"_links":{"self":[{"href":"https:\/\/www.fokussrl.com\/fr\/wp-json\/wp\/v2\/product\/70066","targetHints":{"allow":["GET"]}}],"collection":[{"href":"https:\/\/www.fokussrl.com\/fr\/wp-json\/wp\/v2\/product"}],"about":[{"href":"https:\/\/www.fokussrl.com\/fr\/wp-json\/wp\/v2\/types\/product"}],"wp:featuredmedia":[{"embeddable":true,"href":"https:\/\/www.fokussrl.com\/fr\/wp-json\/wp\/v2\/media\/70069"}],"wp:attachment":[{"href":"https:\/\/www.fokussrl.com\/fr\/wp-json\/wp\/v2\/media?parent=70066"}],"wp:term":[{"taxonomy":"product_brand","embeddable":true,"href":"https:\/\/www.fokussrl.com\/fr\/wp-json\/wp\/v2\/product_brand?post=70066"},{"taxonomy":"product_cat","embeddable":true,"href":"https:\/\/www.fokussrl.com\/fr\/wp-json\/wp\/v2\/product_cat?post=70066"},{"taxonomy":"product_tag","embeddable":true,"href":"https:\/\/www.fokussrl.com\/fr\/wp-json\/wp\/v2\/product_tag?post=70066"}],"curies":[{"name":"wp","href":"https:\/\/api.w.org\/{rel}","templated":true}]}}