{"id":70102,"date":"2026-02-27T15:32:48","date_gmt":"2026-02-27T14:32:48","guid":{"rendered":"https:\/\/www.fokussrl.com\/?post_type=product&#038;p=70102"},"modified":"2026-02-27T15:43:51","modified_gmt":"2026-02-27T14:43:51","slug":"cheminee-a-granules-ventilee-et-canalisable-mini-verty-ap-600-lartistico","status":"publish","type":"product","link":"https:\/\/www.fokussrl.com\/fr\/produit\/cheminee-a-granules-ventilee-et-canalisable-mini-verty-ap-600-lartistico\/","title":{"rendered":"Chemin\u00e9e \u00e0 granul\u00e9s ventil\u00e9e et canalisable MINI VERTY AP 600 &#8211; L&rsquo;artistico"},"content":{"rendered":"<p data-start=\"38\" data-end=\"112\"><strong data-start=\"38\" data-end=\"61\">Dimensions et poids<\/strong><br data-start=\"61\" data-end=\"64\" \/>L 494 mm, l 487 mm, H 1301 mm<br data-start=\"93\" data-end=\"96\" \/>Poids : 100 kg<\/p>\n<p data-start=\"114\" data-end=\"497\"><strong data-start=\"114\" data-end=\"137\">\u00c9quipement de s\u00e9rie<\/strong><br data-start=\"137\" data-end=\"140\" \/>\u2013 Comflux : flux d\u2019air comburant contr\u00f4l\u00e9<br data-start=\"181\" data-end=\"184\" \/>\u2013 Soft Mode : mode de fonctionnement silencieux<br data-start=\"231\" data-end=\"234\" \/>\u2013 Moteur d\u2019alimentation en granul\u00e9s brushless<br data-start=\"279\" data-end=\"282\" data-is-only-node=\"\" \/>\u2013 Nettoyage automatique du brasier<br data-start=\"316\" data-end=\"319\" \/>\u2013 Deux ventilateurs frontaux de diffusion, ventilateur inf\u00e9rieur canalisable<br data-start=\"395\" data-end=\"398\" \/>\u2013 T\u00e9 d\u2019inspection int\u00e9gr\u00e9<br data-start=\"423\" data-end=\"426\" \/>\u2013 Sortie des fum\u00e9es sup\u00e9rieure ou arri\u00e8re \u00d8 80 mm, c\u00f4t\u00e9 arri\u00e8re droit<\/p>\n","protected":false},"excerpt":{"rendered":"<p data-start=\"73\" data-end=\"289\">Monobloc \u00e0 granul\u00e9s con\u00e7u pour le chauffage \u00e0 air des espaces, garantissant confort et haute efficacit\u00e9.<br data-start=\"177\" data-end=\"180\" \/>La grande vitre verticale met en valeur la vision de la flamme, cr\u00e9ant un effet visuel \u00e9l\u00e9gant et chaleureux.<\/p>\n<p data-start=\"291\" data-end=\"491\">\u00c9quip\u00e9 d\u2019un syst\u00e8me de double ventilation ind\u00e9pendante : deux ventilateurs frontaux pour la diffusion directe de la chaleur et un ventilateur inf\u00e9rieur pr\u00e9vu pour la canalisation vers d\u2019autres pi\u00e8ces.<\/p>\n<p data-start=\"493\" data-end=\"875\">L\u2019entretien est simplifi\u00e9 gr\u00e2ce au syst\u00e8me de nettoyage automatique du brasier et \u00e0 l\u2019acc\u00e8s rapide aux compartiments de collecte des cendres.<br data-start=\"634\" data-end=\"637\" \/>Sortie des fum\u00e9es disponible en configuration sup\u00e9rieure ou arri\u00e8re \u00d8 80 mm.<br data-start=\"713\" data-end=\"716\" \/>Acc\u00e8s au r\u00e9servoir \u00e0 granul\u00e9s, au groupe \u00e9lectronique et \u00e0 la sortie des fum\u00e9es positionn\u00e9s sur le c\u00f4t\u00e9 gauche pour une installation pratique et fonctionnelle.<\/p>\n","protected":false},"featured_media":70105,"template":"","meta":{"_acf_changed":false},"product_brand":[4822],"product_cat":[4580],"product_tag":[],"class_list":{"0":"post-70102","1":"product","2":"type-product","3":"status-publish","4":"has-post-thumbnail","6":"product_brand-l-artistico-fr","7":"product_cat-cheminees-a-granules","8":"product_shipping_class-caminetti-a-pellet-2-2","9":"sales-flash-overlay","10":"woocommerce-text-align-center","11":"woocommerce-image-align-center","12":"do-quantity-buttons","14":"first","15":"instock","16":"taxable","17":"shipping-taxable","18":"purchasable","19":"product-type-simple"},"acf":[],"_links":{"self":[{"href":"https:\/\/www.fokussrl.com\/fr\/wp-json\/wp\/v2\/product\/70102","targetHints":{"allow":["GET"]}}],"collection":[{"href":"https:\/\/www.fokussrl.com\/fr\/wp-json\/wp\/v2\/product"}],"about":[{"href":"https:\/\/www.fokussrl.com\/fr\/wp-json\/wp\/v2\/types\/product"}],"wp:featuredmedia":[{"embeddable":true,"href":"https:\/\/www.fokussrl.com\/fr\/wp-json\/wp\/v2\/media\/70105"}],"wp:attachment":[{"href":"https:\/\/www.fokussrl.com\/fr\/wp-json\/wp\/v2\/media?parent=70102"}],"wp:term":[{"taxonomy":"product_brand","embeddable":true,"href":"https:\/\/www.fokussrl.com\/fr\/wp-json\/wp\/v2\/product_brand?post=70102"},{"taxonomy":"product_cat","embeddable":true,"href":"https:\/\/www.fokussrl.com\/fr\/wp-json\/wp\/v2\/product_cat?post=70102"},{"taxonomy":"product_tag","embeddable":true,"href":"https:\/\/www.fokussrl.com\/fr\/wp-json\/wp\/v2\/product_tag?post=70102"}],"curies":[{"name":"wp","href":"https:\/\/api.w.org\/{rel}","templated":true}]}}