{"id":70257,"date":"2026-03-13T15:21:32","date_gmt":"2026-03-13T14:21:32","guid":{"rendered":"https:\/\/www.fokussrl.com\/?post_type=product&#038;p=70257"},"modified":"2026-03-13T15:45:58","modified_gmt":"2026-03-13T14:45:58","slug":"poele-a-granules-avec-four-sphera-11-age-stufe","status":"publish","type":"product","link":"https:\/\/www.fokussrl.com\/fr\/produit\/poele-a-granules-avec-four-sphera-11-age-stufe\/","title":{"rendered":"Po\u00eale \u00e0 granul\u00e9s avec four  SPHERA 11 &#8211; Age Stufe"},"content":{"rendered":"<p data-start=\"90\" data-end=\"283\"><strong data-start=\"90\" data-end=\"116\">Puissance introduite :<\/strong> 10,6 kW<br data-start=\"124\" data-end=\"127\" \/><strong data-start=\"127\" data-end=\"151\">Puissance nominale :<\/strong> 9,7 kW<br data-start=\"158\" data-end=\"161\" \/><strong data-start=\"161\" data-end=\"184\">Sortie des fum\u00e9es :<\/strong> \u00d8 80 mm<br data-start=\"192\" data-end=\"195\" \/><strong data-start=\"195\" data-end=\"218\">Volume chauffable :<\/strong> 190 m\u00b3<br data-start=\"225\" data-end=\"228\" data-is-only-node=\"\" \/><strong data-start=\"228\" data-end=\"255\">Capacit\u00e9 du r\u00e9servoir :<\/strong> 20 kg<br data-start=\"261\" data-end=\"264\" \/><strong data-start=\"264\" data-end=\"275\">Poids :<\/strong> 90 kg<\/p>\n<p data-start=\"285\" data-end=\"345\"><strong data-start=\"285\" data-end=\"311\">Consommation horaire :<\/strong><br data-start=\"311\" data-end=\"314\" \/>Min. 0,7 kg\/h \u2013 Max. 2,2 kg\/h<\/p>\n<p data-start=\"347\" data-end=\"416\"><strong data-start=\"347\" data-end=\"362\">Rendement :<\/strong><br data-start=\"362\" data-end=\"365\" \/>Puissance min. : 95,2 %<br data-start=\"388\" data-end=\"391\" \/>Puissance max. : 91,8 %<\/p>\n<p data-start=\"418\" data-end=\"464\"><strong data-start=\"418\" data-end=\"454\">Certification environnementale :<\/strong> 5 \u00e9toiles<\/p>\n","protected":false},"excerpt":{"rendered":"<p data-start=\"904\" data-end=\"1232\">\n<p data-start=\"78\" data-end=\"251\">Le <strong data-start=\"81\" data-end=\"107\">mod\u00e8le de po\u00eale SPHERA<\/strong> est disponible dans la <strong data-start=\"131\" data-end=\"148\">version 11 kW<\/strong>. Il se distingue par sa <strong data-start=\"173\" data-end=\"200\">forme ronde et compacte<\/strong>, qui s\u2019int\u00e8gre parfaitement dans tous les espaces.<\/p>\n<p data-start=\"253\" data-end=\"433\">Son <strong data-start=\"257\" data-end=\"288\">design \u00e9pur\u00e9 et minimaliste<\/strong> en fait un \u00e9l\u00e9ment de d\u00e9coration \u00e9l\u00e9gant, capable de mettre en valeur aussi bien les int\u00e9rieurs modernes que les environnements plus classiques.<\/p>\n<p data-start=\"435\" data-end=\"729\">De plus, il offre la possibilit\u00e9 d\u2019une <strong data-start=\"474\" data-end=\"517\">sortie des fum\u00e9es arri\u00e8re ou sup\u00e9rieure<\/strong>, garantissant une plus grande flexibilit\u00e9 d\u2019installation. Cette caract\u00e9ristique permet d\u2019adapter facilement le po\u00eale aux diff\u00e9rentes configurations des pi\u00e8ces et de faciliter le raccordement au conduit de fum\u00e9e.<\/p>\n<p data-start=\"731\" data-end=\"992\"><strong data-start=\"731\" data-end=\"741\">SPHERA<\/strong> est con\u00e7u avec <strong data-start=\"757\" data-end=\"780\">technologie \u00e9tanche<\/strong> et est \u00e9quip\u00e9 d\u2019un <strong data-start=\"800\" data-end=\"825\">brasier autonettoyant<\/strong>. Gr\u00e2ce \u00e0 ce syst\u00e8me qui se nettoie automatiquement, le po\u00eale maintient toujours <strong data-start=\"906\" data-end=\"934\">des performances \u00e9lev\u00e9es<\/strong>, tout en r\u00e9duisant les temps et les efforts de nettoyage.<\/p>\n","protected":false},"featured_media":70266,"template":"","meta":{"_acf_changed":false},"product_brand":[],"product_cat":[4605],"product_tag":[],"class_list":{"0":"post-70257","1":"product","2":"type-product","3":"status-publish","4":"has-post-thumbnail","6":"product_cat-poeles-a-granules-hermetiques","7":"product_shipping_class-stufe-a-pellet-2-2","8":"pa_colore-anthracite-fr","9":"pa_colore-blanc","10":"pa_colore-noir","11":"sales-flash-overlay","12":"woocommerce-text-align-center","13":"woocommerce-image-align-center","14":"do-quantity-buttons","16":"first","17":"instock","18":"taxable","19":"shipping-taxable","20":"purchasable","21":"product-type-variable"},"acf":[],"_links":{"self":[{"href":"https:\/\/www.fokussrl.com\/fr\/wp-json\/wp\/v2\/product\/70257","targetHints":{"allow":["GET"]}}],"collection":[{"href":"https:\/\/www.fokussrl.com\/fr\/wp-json\/wp\/v2\/product"}],"about":[{"href":"https:\/\/www.fokussrl.com\/fr\/wp-json\/wp\/v2\/types\/product"}],"wp:featuredmedia":[{"embeddable":true,"href":"https:\/\/www.fokussrl.com\/fr\/wp-json\/wp\/v2\/media\/70266"}],"wp:attachment":[{"href":"https:\/\/www.fokussrl.com\/fr\/wp-json\/wp\/v2\/media?parent=70257"}],"wp:term":[{"taxonomy":"product_brand","embeddable":true,"href":"https:\/\/www.fokussrl.com\/fr\/wp-json\/wp\/v2\/product_brand?post=70257"},{"taxonomy":"product_cat","embeddable":true,"href":"https:\/\/www.fokussrl.com\/fr\/wp-json\/wp\/v2\/product_cat?post=70257"},{"taxonomy":"product_tag","embeddable":true,"href":"https:\/\/www.fokussrl.com\/fr\/wp-json\/wp\/v2\/product_tag?post=70257"}],"curies":[{"name":"wp","href":"https:\/\/api.w.org\/{rel}","templated":true}]}}