{"id":70323,"date":"2026-03-19T09:46:02","date_gmt":"2026-03-19T08:46:02","guid":{"rendered":"https:\/\/www.fokussrl.com\/?post_type=product&#038;p=70323"},"modified":"2026-03-19T15:34:05","modified_gmt":"2026-03-19T14:34:05","slug":"monobloc-dangle-a-bois-frame-80-girolami","status":"publish","type":"product","link":"https:\/\/www.fokussrl.com\/fr\/produit\/monobloc-dangle-a-bois-frame-80-girolami\/","title":{"rendered":"Monobloc d\u2019angle \u00e0 bois FRAME 80 &#8211; Girolami"},"content":{"rendered":"<p data-start=\"0\" data-end=\"252\">Caract\u00e9ristiques techniques<br data-start=\"27\" data-end=\"30\" \/>Ouverture de porte \u00e0 guillotine<br data-start=\"61\" data-end=\"64\" data-is-only-node=\"\" \/>Ouverture basculante pour le nettoyage de la vitre<br data-start=\"114\" data-end=\"117\" \/>Int\u00e9rieur en r\u00e9fractaire blanc Keraltek<br data-start=\"156\" data-end=\"159\" \/>Large vision de la flamme<br data-start=\"184\" data-end=\"187\" \/>Technologie de combustion F.O.R.<br data-start=\"219\" data-end=\"222\" \/>Classe \u00e9nerg\u00e9tique 5 \u00e9toiles<\/p>\n<p data-start=\"254\" data-end=\"357\">Caract\u00e9ristiques FRAME 80<br data-start=\"279\" data-end=\"282\" \/>BOIS<br data-start=\"286\" data-end=\"289\" data-is-only-node=\"\" \/>LARGE VISION DE LA FLAMME<br data-start=\"314\" data-end=\"317\" \/>NOMBRE DE CANALISATIONS : 2 (\u00d8 140 mm)<\/p>\n<p data-start=\"359\" data-end=\"552\" data-is-last-node=\"\" data-is-only-node=\"\">Donn\u00e9es techniques FRAME 80<br data-start=\"386\" data-end=\"389\" \/>POIDS : 300 kg<br data-start=\"403\" data-end=\"406\" data-is-only-node=\"\" \/>SORTIE DES FUM\u00c9ES : 200 mm<br data-start=\"432\" data-end=\"435\" \/>RENDEMENT MAX : 85,1 %<br data-start=\"457\" data-end=\"460\" \/>VOLUME CHAUFFABLE : 356 m\u00b3 (~131 m\u00b2)<br data-start=\"496\" data-end=\"499\" \/>\u00c9CONOMIES AVEC LE \u00ab CONTO TERMICO \u00bb : jusqu\u2019\u00e0 1 931 \u20ac<\/p>\n","protected":false},"excerpt":{"rendered":"<p data-start=\"0\" data-end=\"151\">La gamme de monoblocs \u00e0 air <strong data-start=\"28\" data-end=\"37\">FRAME<\/strong> repr\u00e9sente la solution parfaite et la plus technologiquement avanc\u00e9e pour le chauffage des espaces par air chaud.<\/p>\n<p data-start=\"153\" data-end=\"520\">Il est possible de choisir entre la version frontale ou les mod\u00e8les avec vitre d\u2019angle dans les variantes 80, 100 et 120. Le mod\u00e8le le plus compact de la gamme est le <strong data-start=\"320\" data-end=\"332\">Frame 80<\/strong>.<br data-start=\"333\" data-end=\"336\" \/>Le cadre en verre minimaliste et l\u2019int\u00e9rieur en r\u00e9fractaire blanc Keraltek offrent une vue spectaculaire de la flamme, permettant d\u2019en appr\u00e9cier la beaut\u00e9 m\u00eame lorsqu\u2019elle est \u00e9teinte.<\/p>\n<p data-start=\"522\" data-end=\"670\" data-is-last-node=\"\" data-is-only-node=\"\">Disponible en version \u00e0 convection naturelle (sans ventilation forc\u00e9e) ainsi qu\u2019en version avec deux sorties canalisables (avec ventilation forc\u00e9e).<\/p>\n","protected":false},"featured_media":70345,"template":"","meta":{"_acf_changed":false},"product_brand":[4814],"product_cat":[4586],"product_tag":[],"class_list":{"0":"post-70323","1":"product","2":"type-product","3":"status-publish","4":"has-post-thumbnail","6":"product_brand-girolami-fr","7":"product_cat-monoblocs-au-bois","8":"product_shipping_class-monoblocchi-a-legna-2-2","9":"pa_modello-frame-80-droite","10":"pa_modello-frame-80-gauche","11":"pa_versione-convection-naturelle","12":"pa_versione-ventilation-forcee","13":"sales-flash-overlay","14":"woocommerce-text-align-center","15":"woocommerce-image-align-center","16":"do-quantity-buttons","18":"first","19":"instock","20":"taxable","21":"shipping-taxable","22":"purchasable","23":"product-type-variable"},"acf":[],"_links":{"self":[{"href":"https:\/\/www.fokussrl.com\/fr\/wp-json\/wp\/v2\/product\/70323","targetHints":{"allow":["GET"]}}],"collection":[{"href":"https:\/\/www.fokussrl.com\/fr\/wp-json\/wp\/v2\/product"}],"about":[{"href":"https:\/\/www.fokussrl.com\/fr\/wp-json\/wp\/v2\/types\/product"}],"wp:featuredmedia":[{"embeddable":true,"href":"https:\/\/www.fokussrl.com\/fr\/wp-json\/wp\/v2\/media\/70345"}],"wp:attachment":[{"href":"https:\/\/www.fokussrl.com\/fr\/wp-json\/wp\/v2\/media?parent=70323"}],"wp:term":[{"taxonomy":"product_brand","embeddable":true,"href":"https:\/\/www.fokussrl.com\/fr\/wp-json\/wp\/v2\/product_brand?post=70323"},{"taxonomy":"product_cat","embeddable":true,"href":"https:\/\/www.fokussrl.com\/fr\/wp-json\/wp\/v2\/product_cat?post=70323"},{"taxonomy":"product_tag","embeddable":true,"href":"https:\/\/www.fokussrl.com\/fr\/wp-json\/wp\/v2\/product_tag?post=70323"}],"curies":[{"name":"wp","href":"https:\/\/api.w.org\/{rel}","templated":true}]}}