{"id":70501,"date":"2026-03-26T09:38:44","date_gmt":"2026-03-26T08:38:44","guid":{"rendered":"https:\/\/www.fokussrl.com\/?post_type=product&#038;p=70501"},"modified":"2026-03-26T10:36:42","modified_gmt":"2026-03-26T09:36:42","slug":"poele-a-granules-et-polycombustible-maya-145-kw-pasian","status":"publish","type":"product","link":"https:\/\/www.fokussrl.com\/fr\/produit\/poele-a-granules-et-polycombustible-maya-145-kw-pasian\/","title":{"rendered":"Po\u00eale \u00e0 granul\u00e9s et polycombustible MAYA 14,5 Kw. &#8211; Pasian"},"content":{"rendered":"<p data-start=\"0\" data-end=\"359\"><strong data-start=\"0\" data-end=\"10\">MOD\u00c8LE<\/strong> Maya et Maya canalis\u00e9e<br data-start=\"41\" data-end=\"44\" \/><strong data-start=\"44\" data-end=\"57\" data-is-only-node=\"\">PUISSANCE<\/strong> 14,5 kW<br data-start=\"65\" data-end=\"68\" \/><strong data-start=\"68\" data-end=\"99\">CONSOMMATION MIN\/MAX (Kg\/h)<\/strong> 1 \u2013 2,9<br data-start=\"107\" data-end=\"110\" \/><strong data-start=\"110\" data-end=\"141\">DIMENSIONS (LxPxH) ET POIDS<\/strong> 62\u00d760\u00d7125 cm \u2013 130 kg<br data-start=\"163\" data-end=\"166\" \/><strong data-start=\"166\" data-end=\"196\">CAPACIT\u00c9 DU R\u00c9SERVOIR (Kg)<\/strong> ~21<br data-start=\"200\" data-end=\"203\" \/><strong data-start=\"203\" data-end=\"238\">CLASSIFICATION ENVIRONNEMENTALE<\/strong> 5 \u00e9toiles<br data-start=\"248\" data-end=\"251\" \/><strong data-start=\"251\" data-end=\"273\">CLASSE \u00c9NERG\u00c9TIQUE<\/strong> A+<br data-start=\"276\" data-end=\"279\" \/><strong data-start=\"279\" data-end=\"309\">VOLUME MAX CHAUFFABLE (m\u00b3)<\/strong><br data-start=\"309\" data-end=\"312\" \/>30 W\/m\u00b3 : 410<br data-start=\"325\" data-end=\"328\" \/>40 W\/m\u00b3 : 360<br data-start=\"341\" data-end=\"344\" \/>50 W\/m\u00b3 : 320<\/p>\n<p data-start=\"361\" data-end=\"438\">Le po\u00eale Maya canalis\u00e9 dispose de 2 sorties de canalisation \u00e0 l\u2019arri\u00e8re<\/p>\n<p data-start=\"440\" data-end=\"1533\" data-is-last-node=\"\" data-is-only-node=\"\"><strong data-start=\"440\" data-end=\"487\">Diam\u00e8tre conduit de fum\u00e9e et canalisation :<\/strong> 8 cm<br data-start=\"492\" data-end=\"495\" \/><strong data-start=\"495\" data-end=\"511\" data-is-only-node=\"\">Rev\u00eatement :<\/strong> acier peint par poudrage<br data-start=\"536\" data-end=\"539\" \/><strong data-start=\"539\" data-end=\"551\">Fa\u00e7ade :<\/strong> fonte peinte gris ou noir mat (autres couleurs sur demande)<br data-start=\"611\" data-end=\"614\" \/><strong data-start=\"614\" data-end=\"629\">Int\u00e9rieur :<\/strong> monobloc en acier<br data-start=\"647\" data-end=\"650\" \/><strong data-start=\"650\" data-end=\"663\">Brasier :<\/strong> en acier thermor\u00e9sistant amovible (autres combustibles) \/ en fonte (pour granul\u00e9s)<br data-start=\"746\" data-end=\"749\" \/><strong data-start=\"749\" data-end=\"760\">Porte :<\/strong> en fonte avec vitre c\u00e9ramique r\u00e9sistante jusqu\u2019\u00e0 750\u00b0C<br data-start=\"815\" data-end=\"818\" \/><strong data-start=\"818\" data-end=\"831\">Poign\u00e9e :<\/strong> acier peint<br data-start=\"843\" data-end=\"846\" \/><strong data-start=\"846\" data-end=\"871\">Syst\u00e8me de contr\u00f4le :<\/strong> t\u00e9l\u00e9commande et panneau de commande sur le po\u00eale<br data-start=\"920\" data-end=\"923\" \/><strong data-start=\"923\" data-end=\"945\">Chronothermostat :<\/strong> de s\u00e9rie, avec programmation journali\u00e8re et hebdomadaire (deux plages horaires)<br data-start=\"1025\" data-end=\"1028\" \/><strong data-start=\"1028\" data-end=\"1054\">R\u00e9glage de puissance :<\/strong> cinq niveaux<br data-start=\"1067\" data-end=\"1070\" \/><strong data-start=\"1070\" data-end=\"1092\">Tiroir \u00e0 cendres :<\/strong> grande capacit\u00e9, amovible<br data-start=\"1118\" data-end=\"1121\" \/><strong data-start=\"1121\" data-end=\"1138\">Combustible :<\/strong> polycombustible : granul\u00e9s, noyaux d\u2019olive, ma\u00efs m\u00e9lang\u00e9, coques d\u2019amandes, noisettes et biomasse broy\u00e9e (avec brasier sp\u00e9cifique)<br data-start=\"1269\" data-end=\"1272\" \/><strong data-start=\"1272\" data-end=\"1296\">Combustion optimis\u00e9e<\/strong> avec air primaire et secondaire<br data-start=\"1328\" data-end=\"1331\" \/><strong data-start=\"1331\" data-end=\"1346\">Chauffage :<\/strong> cinq niveaux de puissance ; possibilit\u00e9 de fonctionnement avec r\u00e9glage de la temp\u00e9rature ambiante ; ventilateur frontal \u00e0 haut d\u00e9bit (capable de diffuser la chaleur sur plusieurs m\u00e8tres)<\/p>\n","protected":false},"excerpt":{"rendered":"<p data-start=\"0\" data-end=\"105\">Maya est le nouveau po\u00eale polycombustible de la gamme Pasian, con\u00e7u pour allier efficacit\u00e9 et design.<\/p>\n<p data-start=\"107\" data-end=\"289\">La grande porte vitr\u00e9e met en valeur la vision de la flamme, tandis que le ventilateur int\u00e9gr\u00e9 assure une diffusion uniforme de la chaleur, le rendant adapt\u00e9 m\u00eame aux grands espaces.<\/p>\n<p data-start=\"291\" data-end=\"445\">Son style \u00e9l\u00e9gant et ses lignes douces en font un v\u00e9ritable \u00e9l\u00e9ment de d\u00e9coration, capable de valoriser aussi bien les int\u00e9rieurs classiques que modernes.<\/p>\n<p data-start=\"447\" data-end=\"632\">Polyvalent dans son utilisation, il fonctionne de mani\u00e8re optimale avec des granul\u00e9s, des noyaux d\u2019olive, des coques d\u2019amandes et de noisettes, ainsi qu\u2019avec divers combustibles broy\u00e9s.<\/p>\n<p data-start=\"634\" data-end=\"819\" data-is-last-node=\"\" data-is-only-node=\"\">Class\u00e9 5 \u00e9toiles environnementales, Maya repr\u00e9sente une solution puissante et compacte, adapt\u00e9e \u00e0 tous les types d\u2019habitations et d\u00e9j\u00e0 pr\u00eate pour le dispositif Compte Thermique 3.0.<\/p>\n","protected":false},"featured_media":70548,"template":"","meta":{"_acf_changed":false},"product_brand":[],"product_cat":[5376],"product_tag":[],"class_list":{"0":"post-70501","1":"product","2":"type-product","3":"status-publish","4":"has-post-thumbnail","6":"product_cat-poeles-polycombustibles","7":"product_shipping_class-stufe-legna-pellet-2-2","8":"pa_colore-blanc","9":"pa_colore-bordeaux-fr","10":"pa_colore-gris-tourterelle","11":"pa_colore-noir","12":"pa_colore-rouille","13":"pa_colore-sable","14":"pa_versione-2-canalisations","15":"sales-flash-overlay","16":"woocommerce-text-align-center","17":"woocommerce-image-align-center","18":"do-quantity-buttons","20":"first","21":"instock","22":"taxable","23":"shipping-taxable","24":"purchasable","25":"product-type-variable"},"acf":[],"_links":{"self":[{"href":"https:\/\/www.fokussrl.com\/fr\/wp-json\/wp\/v2\/product\/70501","targetHints":{"allow":["GET"]}}],"collection":[{"href":"https:\/\/www.fokussrl.com\/fr\/wp-json\/wp\/v2\/product"}],"about":[{"href":"https:\/\/www.fokussrl.com\/fr\/wp-json\/wp\/v2\/types\/product"}],"wp:featuredmedia":[{"embeddable":true,"href":"https:\/\/www.fokussrl.com\/fr\/wp-json\/wp\/v2\/media\/70548"}],"wp:attachment":[{"href":"https:\/\/www.fokussrl.com\/fr\/wp-json\/wp\/v2\/media?parent=70501"}],"wp:term":[{"taxonomy":"product_brand","embeddable":true,"href":"https:\/\/www.fokussrl.com\/fr\/wp-json\/wp\/v2\/product_brand?post=70501"},{"taxonomy":"product_cat","embeddable":true,"href":"https:\/\/www.fokussrl.com\/fr\/wp-json\/wp\/v2\/product_cat?post=70501"},{"taxonomy":"product_tag","embeddable":true,"href":"https:\/\/www.fokussrl.com\/fr\/wp-json\/wp\/v2\/product_tag?post=70501"}],"curies":[{"name":"wp","href":"https:\/\/api.w.org\/{rel}","templated":true}]}}