{"id":70583,"date":"2026-03-26T10:21:33","date_gmt":"2026-03-26T09:21:33","guid":{"rendered":"https:\/\/www.fokussrl.com\/?post_type=product&#038;p=70583"},"modified":"2026-03-26T10:47:38","modified_gmt":"2026-03-26T09:47:38","slug":"thermopoele-a-granules-et-polycombustible-lucrezia-30-kw-pasian","status":"publish","type":"product","link":"https:\/\/www.fokussrl.com\/fr\/produit\/thermopoele-a-granules-et-polycombustible-lucrezia-30-kw-pasian\/","title":{"rendered":"Thermopo\u00eale \u00e0 granul\u00e9s et polycombustible LUCREZIA 30 kW \u2013 Pasian"},"content":{"rendered":"<p data-start=\"0\" data-end=\"547\"><strong data-start=\"0\" data-end=\"12\">Mod\u00e8le :<\/strong> Lucrezia<br data-start=\"21\" data-end=\"24\" \/><strong data-start=\"24\" data-end=\"44\" data-is-only-node=\"\">Puissance (kW) :<\/strong> 29,3\u201312,9<br data-start=\"54\" data-end=\"57\" \/><strong data-start=\"57\" data-end=\"95\">Puissance nominale (max\/min, kW) :<\/strong> 27,3\u201312,1<br data-start=\"105\" data-end=\"108\" \/><strong data-start=\"108\" data-end=\"145\">Puissance \u00e0 l\u2019eau (max\/min, kW) :<\/strong> 22,9\u20139,9<br data-start=\"154\" data-end=\"157\" \/><strong data-start=\"157\" data-end=\"209\">Puissance pour chauffage ambiant (max\/min, kW) :<\/strong> 4,4\u20132,2<br data-start=\"217\" data-end=\"220\" \/><strong data-start=\"220\" data-end=\"254\">Consommation (min\/max, Kg\/h) :<\/strong> 2,7\u20136,22<br data-start=\"263\" data-end=\"266\" \/><strong data-start=\"266\" data-end=\"285\">Rendement (%) :<\/strong> 92,9\u201394,2<br data-start=\"295\" data-end=\"298\" \/><strong data-start=\"298\" data-end=\"330\">Classement environnemental :<\/strong> 5 \u00e9toiles<br data-start=\"340\" data-end=\"343\" \/><strong data-start=\"343\" data-end=\"367\">Classe \u00e9nerg\u00e9tique :<\/strong> A+<br data-start=\"370\" data-end=\"373\" \/><strong data-start=\"373\" data-end=\"406\">Dimensions (LxPxH) et poids :<\/strong> 66\u00d768\u00d7136 cm<br data-start=\"419\" data-end=\"422\" \/><strong data-start=\"422\" data-end=\"454\">Capacit\u00e9 du r\u00e9servoir (Kg) :<\/strong> ~35<br data-start=\"458\" data-end=\"461\" \/><strong data-start=\"461\" data-end=\"497\">Volume maximum chauffable (m\u00b3) :<\/strong><br data-start=\"497\" data-end=\"500\" \/>30 W\/m\u00b3 : 720<br data-start=\"513\" data-end=\"516\" \/>40 W\/m\u00b3 : 680<br data-start=\"529\" data-end=\"532\" \/>50 W\/m\u00b3 : 600<\/p>\n<p data-start=\"549\" data-end=\"898\"><strong data-start=\"549\" data-end=\"583\">Diam\u00e8tre du conduit de fum\u00e9e :<\/strong> 10 cm<br data-start=\"589\" data-end=\"592\" \/><strong data-start=\"592\" data-end=\"617\" data-is-only-node=\"\">Rendement thermique :<\/strong> plus de 93 %<br data-start=\"630\" data-end=\"633\" \/><strong data-start=\"633\" data-end=\"667\">Puissance thermique nominale :<\/strong> min. 12,1 kW \u2013 max. 27,3 kW<br data-start=\"695\" data-end=\"698\" \/><strong data-start=\"698\" data-end=\"727\">Alimentation \u00e9lectrique :<\/strong> 230 V \u2013 50 Hz<br data-start=\"741\" data-end=\"744\" \/><strong data-start=\"744\" data-end=\"784\">Consommation maximale \u00e0 l\u2019allumage :<\/strong> 330 W<br data-start=\"790\" data-end=\"793\" \/><strong data-start=\"793\" data-end=\"838\">Consommation maximale en fonctionnement :<\/strong> 90 W<br data-start=\"843\" data-end=\"846\" \/><strong data-start=\"846\" data-end=\"891\">Consommation minimale en fonctionnement :<\/strong> 70 W<\/p>\n<p data-start=\"900\" data-end=\"1858\" data-is-last-node=\"\" data-is-only-node=\"\"><strong data-start=\"900\" data-end=\"916\">Rev\u00eatement :<\/strong> t\u00f4le \u00e9lectro-laqu\u00e9e<br data-start=\"936\" data-end=\"939\" \/><strong data-start=\"939\" data-end=\"951\" data-is-only-node=\"\">Fa\u00e7ade :<\/strong> fonte peinte gris ou noir mat (autres couleurs sur demande)<br data-start=\"1011\" data-end=\"1014\" \/><strong data-start=\"1014\" data-end=\"1029\">Int\u00e9rieur :<\/strong> monobloc en acier<br data-start=\"1047\" data-end=\"1050\" \/><strong data-start=\"1050\" data-end=\"1063\">Brasier :<\/strong> acier thermor\u00e9sistant amovible \/ fonte avec perforations optimis\u00e9es pour diff\u00e9rents combustibles<br data-start=\"1160\" data-end=\"1163\" \/><strong data-start=\"1163\" data-end=\"1174\">Porte :<\/strong> fonte avec verre c\u00e9ramique r\u00e9sistant jusqu\u2019\u00e0 750\u00b0C<br data-start=\"1225\" data-end=\"1228\" \/><strong data-start=\"1228\" data-end=\"1241\">Poign\u00e9e :<\/strong> acier peint<br data-start=\"1253\" data-end=\"1256\" \/><strong data-start=\"1256\" data-end=\"1281\">Syst\u00e8me de contr\u00f4le :<\/strong> t\u00e9l\u00e9commande et panneau de commande int\u00e9gr\u00e9 au po\u00eale<br data-start=\"1334\" data-end=\"1337\" \/><strong data-start=\"1337\" data-end=\"1359\">Chronothermostat :<\/strong> de s\u00e9rie, avec programmation journali\u00e8re et hebdomadaire (deux plages horaires)<br data-start=\"1439\" data-end=\"1442\" \/><strong data-start=\"1442\" data-end=\"1468\">R\u00e9glage de puissance :<\/strong> cinq niveaux<br data-start=\"1481\" data-end=\"1484\" \/><strong data-start=\"1484\" data-end=\"1506\">Tiroir \u00e0 cendres :<\/strong> grand et amovible<br data-start=\"1524\" data-end=\"1527\" \/><strong data-start=\"1527\" data-end=\"1544\">Combustible :<\/strong> polycombustible : granul\u00e9s, noyaux d\u2019olive, ma\u00efs m\u00e9lang\u00e9, coques d\u2019amandes, noisettes et biomasse broy\u00e9e (avec brasier sp\u00e9cifique)<br data-start=\"1675\" data-end=\"1678\" \/><strong data-start=\"1678\" data-end=\"1704\">Combustion optimis\u00e9e :<\/strong> syst\u00e8me d\u2019air primaire et secondaire<br data-start=\"1741\" data-end=\"1744\" \/><strong data-start=\"1744\" data-end=\"1759\">Chauffage :<\/strong> cinq niveaux de puissance ; possibilit\u00e9 de fonctionnement avec contr\u00f4le de la temp\u00e9rature ambiante<\/p>\n","protected":false},"excerpt":{"rendered":"<p data-start=\"0\" data-end=\"246\">Un po\u00eale polycombustible offre la flexibilit\u00e9 d\u2019utiliser diff\u00e9rents types de combustibles gr\u00e2ce \u00e0 un syst\u00e8me sp\u00e9cialement con\u00e7u. Cela permet de choisir parmi ce qui est disponible ou en promotion, garantissant de ne jamais manquer de chauffage.<\/p>\n<p data-start=\"248\" data-end=\"535\">Les thermopo\u00eales \u00e0 granul\u00e9s peuvent \u00eatre facilement int\u00e9gr\u00e9s aux syst\u00e8mes de chauffage existants, en compl\u00e9ment d\u2019autres sources. Ils sont capables de produire de l\u2019eau chaude pour alimenter les radiateurs et\/ou les planchers chauffants, chauffant efficacement l\u2019ensemble de la maison.<\/p>\n<p data-start=\"537\" data-end=\"601\">Puissance et esth\u00e9tique se rejoignent dans le design du po\u00eale.<\/p>\n<p data-start=\"603\" data-end=\"801\">Gr\u00e2ce au syst\u00e8me de sortie des fum\u00e9es forc\u00e9, ces thermopo\u00eales peuvent \u00eatre install\u00e9s m\u00eame avec des conduits de petite taille et dans des positions non centrales par rapport \u00e0 la sortie des fum\u00e9es.<\/p>\n<p data-start=\"803\" data-end=\"1164\">Le nouveau thermopo\u00eale Lucrezia \u00e0 granul\u00e9s et biomasse polycombustible, certifi\u00e9 5 \u00e9toiles environnementales, offre des performances \u00e9lev\u00e9es et une efficacit\u00e9 maximale, et est d\u00e9j\u00e0 pr\u00eat pour l\u2019acc\u00e8s au Compte Thermique 2.0. Sur le plan esth\u00e9tique, il conserve la traditionnelle fa\u00e7ade en fonte et le rev\u00eatement en fa\u00efence, symboles d\u2019\u00e9l\u00e9gance et de durabilit\u00e9.<\/p>\n<p data-start=\"1166\" data-end=\"1368\" data-is-last-node=\"\" data-is-only-node=\"\">Ses hautes performances et ses faibles \u00e9missions, certifi\u00e9es selon les normes europ\u00e9ennes les plus strictes, garantissent un achat s\u00fbr et durable. De plus, il est d\u00e9j\u00e0 pr\u00eat pour le Compte Thermique 3.0.<\/p>\n","protected":false},"featured_media":70548,"template":"","meta":{"_acf_changed":false},"product_brand":[],"product_cat":[4619],"product_tag":[],"class_list":{"0":"post-70583","1":"product","2":"type-product","3":"status-publish","4":"has-post-thumbnail","6":"product_cat-poeles-hydro-multicombustibles","7":"product_shipping_class-stufe-legna-pellet-2-2","8":"pa_colore-blanc","9":"pa_colore-bordeaux-fr","10":"pa_colore-gris-tourterelle","11":"pa_colore-noir","12":"pa_colore-rouille","13":"pa_colore-sable","14":"sales-flash-overlay","15":"woocommerce-text-align-center","16":"woocommerce-image-align-center","17":"do-quantity-buttons","19":"first","20":"instock","21":"taxable","22":"shipping-taxable","23":"purchasable","24":"product-type-variable"},"acf":[],"_links":{"self":[{"href":"https:\/\/www.fokussrl.com\/fr\/wp-json\/wp\/v2\/product\/70583","targetHints":{"allow":["GET"]}}],"collection":[{"href":"https:\/\/www.fokussrl.com\/fr\/wp-json\/wp\/v2\/product"}],"about":[{"href":"https:\/\/www.fokussrl.com\/fr\/wp-json\/wp\/v2\/types\/product"}],"wp:featuredmedia":[{"embeddable":true,"href":"https:\/\/www.fokussrl.com\/fr\/wp-json\/wp\/v2\/media\/70548"}],"wp:attachment":[{"href":"https:\/\/www.fokussrl.com\/fr\/wp-json\/wp\/v2\/media?parent=70583"}],"wp:term":[{"taxonomy":"product_brand","embeddable":true,"href":"https:\/\/www.fokussrl.com\/fr\/wp-json\/wp\/v2\/product_brand?post=70583"},{"taxonomy":"product_cat","embeddable":true,"href":"https:\/\/www.fokussrl.com\/fr\/wp-json\/wp\/v2\/product_cat?post=70583"},{"taxonomy":"product_tag","embeddable":true,"href":"https:\/\/www.fokussrl.com\/fr\/wp-json\/wp\/v2\/product_tag?post=70583"}],"curies":[{"name":"wp","href":"https:\/\/api.w.org\/{rel}","templated":true}]}}