{"id":70652,"date":"2026-04-07T16:07:55","date_gmt":"2026-04-07T14:07:55","guid":{"rendered":"https:\/\/www.fokussrl.com\/?post_type=product&#038;p=70652"},"modified":"2026-04-07T16:59:03","modified_gmt":"2026-04-07T14:59:03","slug":"cheminee-thermique-a-bois-tecno-hydrobronpi-80v-bronpi","status":"publish","type":"product","link":"https:\/\/www.fokussrl.com\/fr\/produit\/cheminee-thermique-a-bois-tecno-hydrobronpi-80v-bronpi\/","title":{"rendered":"Chemin\u00e9e thermique \u00e0 bois TECNO HYDROBRONPI 80V &#8211; Bronpi"},"content":{"rendered":"<p data-start=\"63\" data-end=\"187\">Puissance Max.\u2013Min. (kW) : 35 \u2013 12<br data-start=\"101\" data-end=\"104\" \/>Puissance nominale (kW) : 30<br data-start=\"136\" data-end=\"139\" \/>Puissance \u00e0 l\u2019eau Max.\u2013Min. (kW) : 20 \u2013 10<\/p>\n<p data-start=\"189\" data-end=\"280\">Volume chauffable (m\u00b3) : 750<br data-start=\"221\" data-end=\"224\" \/>Rendement (%) : 85<br data-start=\"246\" data-end=\"249\" \/>Consommation (kg\/h) : 7,6<\/p>\n<p data-start=\"282\" data-end=\"417\">Diam\u00e8tre de sortie des fum\u00e9es (cm) : 20<br data-start=\"325\" data-end=\"328\" \/>Surface de plancher chauffant (m\u00b2) : 190<br data-start=\"372\" data-end=\"375\" \/>Nombre d\u2019\u00e9l\u00e9ments de radiateur : 133<\/p>\n<p data-start=\"419\" data-end=\"503\">Pression de service (bar) : 1,5<br data-start=\"454\" data-end=\"457\" \/>Pression maximale de service (bar) : 2,4<\/p>\n<p data-start=\"505\" data-end=\"578\">Poids (kg) : 202 \/ 205<br data-start=\"531\" data-end=\"534\" \/>Longueur maximale des b\u00fbches (cm) : 70<\/p>\n<p data-start=\"580\" data-end=\"636\">Dimensions utiles de l\u2019ouverture : 712 | 362 | 445<\/p>\n<p data-start=\"638\" data-end=\"736\">Mat\u00e9riau ext\u00e9rieur : Acier et fonte<br data-start=\"677\" data-end=\"680\" \/>Mat\u00e9riau de la chambre de combustion : Vermiculite<\/p>\n<p data-start=\"738\" data-end=\"752\">Syst\u00e8mes<\/p>\n<ul data-start=\"753\" data-end=\"856\">\n<li data-section-id=\"qm4tg9\" data-start=\"753\" data-end=\"798\">Syst\u00e8me de s\u00e9curit\u00e9 contre la surpression<\/li>\n<li data-section-id=\"19rxw5n\" data-start=\"799\" data-end=\"831\">Syst\u00e8me de triple combustion<\/li>\n<li data-section-id=\"1rs546r\" data-start=\"832\" data-end=\"856\">Syst\u00e8me vitre propre<\/li>\n<\/ul>\n","protected":false},"excerpt":{"rendered":"<p data-start=\"40\" data-end=\"362\">Le thermocamin TECNO HYDROBRONPI 80V est une solution efficace et polyvalente pour le chauffage domestique, id\u00e9ale pour les installations \u00e0 radiateurs et les planchers chauffants. R\u00e9alis\u00e9 avec une porte et une grille en fonte, et un int\u00e9rieur en vermiculite, il garantit r\u00e9sistance, durabilit\u00e9 et une combustion optimis\u00e9e.<\/p>\n<p data-start=\"364\" data-end=\"629\">Il est dot\u00e9 d\u2019un syst\u00e8me de triple combustion, d\u2019un r\u00e9glage de l\u2019air primaire et d\u2019une vanne d\u2019arr\u00eat du tirage r\u00e9glable, permettant un contr\u00f4le pr\u00e9cis et une haute efficacit\u00e9 \u00e9nerg\u00e9tique. En mati\u00e8re de s\u00e9curit\u00e9, il comprend une soupape de surpression tar\u00e9e \u00e0 3 bar.<\/p>\n<p data-start=\"631\" data-end=\"818\">Avec un r\u00e9servoir de 86 litres et une pression de service de 1,5 bar, il peut chauffer jusqu\u2019\u00e0 150 \u00e9l\u00e9ments de radiateurs ou des surfaces allant jusqu\u2019\u00e0 200 m\u00b2 avec un plancher chauffant.<\/p>\n<p data-start=\"820\" data-end=\"981\">L\u2019\u00e9quipement est compl\u00e9t\u00e9 par un cadre \u00e0 4 c\u00f4t\u00e9s de s\u00e9rie, une grille barbecue amovible et r\u00e9glable en hauteur, ainsi qu\u2019un gant et une peinture en spray inclus.<\/p>\n","protected":false},"featured_media":70659,"template":"","meta":{"_acf_changed":false},"product_brand":[4798],"product_cat":[4609],"product_tag":[],"class_list":{"0":"post-70652","1":"product","2":"type-product","3":"status-publish","4":"has-post-thumbnail","6":"product_brand-bronpi-fr","7":"product_cat-cheminees-hydro-au-bois","8":"product_shipping_class-termocamini-a-legna-fr","9":"pa_potenza-15-kw-fr","10":"pa_potenza-20-kw-fr","11":"pa_potenza-25-kw-fr","12":"pa_potenza-30-kw-fr","13":"sales-flash-overlay","14":"woocommerce-text-align-center","15":"woocommerce-image-align-center","16":"do-quantity-buttons","18":"first","19":"instock","20":"taxable","21":"shipping-taxable","22":"purchasable","23":"product-type-simple"},"acf":[],"_links":{"self":[{"href":"https:\/\/www.fokussrl.com\/fr\/wp-json\/wp\/v2\/product\/70652","targetHints":{"allow":["GET"]}}],"collection":[{"href":"https:\/\/www.fokussrl.com\/fr\/wp-json\/wp\/v2\/product"}],"about":[{"href":"https:\/\/www.fokussrl.com\/fr\/wp-json\/wp\/v2\/types\/product"}],"wp:featuredmedia":[{"embeddable":true,"href":"https:\/\/www.fokussrl.com\/fr\/wp-json\/wp\/v2\/media\/70659"}],"wp:attachment":[{"href":"https:\/\/www.fokussrl.com\/fr\/wp-json\/wp\/v2\/media?parent=70652"}],"wp:term":[{"taxonomy":"product_brand","embeddable":true,"href":"https:\/\/www.fokussrl.com\/fr\/wp-json\/wp\/v2\/product_brand?post=70652"},{"taxonomy":"product_cat","embeddable":true,"href":"https:\/\/www.fokussrl.com\/fr\/wp-json\/wp\/v2\/product_cat?post=70652"},{"taxonomy":"product_tag","embeddable":true,"href":"https:\/\/www.fokussrl.com\/fr\/wp-json\/wp\/v2\/product_tag?post=70652"}],"curies":[{"name":"wp","href":"https:\/\/api.w.org\/{rel}","templated":true}]}}