{"id":70797,"date":"2026-04-09T16:26:59","date_gmt":"2026-04-09T14:26:59","guid":{"rendered":"https:\/\/www.fokussrl.com\/?post_type=product&#038;p=70797"},"modified":"2026-04-09T17:19:28","modified_gmt":"2026-04-09T15:19:28","slug":"cheminee-a-bois-cairo-110-3c-box-13-kw-bronpi","status":"publish","type":"product","link":"https:\/\/www.fokussrl.com\/fr\/produit\/cheminee-a-bois-cairo-110-3c-box-13-kw-bronpi\/","title":{"rendered":"Chemin\u00e9e \u00e0 bois  CAIRO 110 3C BOX 13 Kw &#8211; Bronpi"},"content":{"rendered":"<ul data-start=\"93\" data-end=\"632\">\n<li data-section-id=\"1f6owus\" data-start=\"93\" data-end=\"153\"><strong data-start=\"95\" data-end=\"141\">Puissance de chauffage \u00e0 l\u2019air (Max\u2013Min) :<\/strong> 16 \u2013 5 kW<\/li>\n<li data-section-id=\"1skwlwq\" data-start=\"154\" data-end=\"188\"><strong data-start=\"156\" data-end=\"180\">Puissance nominale :<\/strong> 13 kW<\/li>\n<li data-section-id=\"16uedl1\" data-start=\"189\" data-end=\"223\"><strong data-start=\"191\" data-end=\"214\">Volume chauffable :<\/strong> 325 m\u00b3<\/li>\n<li data-section-id=\"16g8vys\" data-start=\"224\" data-end=\"248\"><strong data-start=\"226\" data-end=\"241\">Rendement :<\/strong> 81 %<\/li>\n<li data-section-id=\"1wz8au4\" data-start=\"249\" data-end=\"280\"><strong data-start=\"251\" data-end=\"269\">Consommation :<\/strong> 3,9 kg\/h<\/li>\n<li data-section-id=\"eroxsg\" data-start=\"281\" data-end=\"326\"><strong data-start=\"283\" data-end=\"318\">Diam\u00e8tre de sortie des fum\u00e9es :<\/strong> 20 cm<\/li>\n<li data-section-id=\"m9p3u9\" data-start=\"327\" data-end=\"380\"><strong data-start=\"329\" data-end=\"353\">Ventilation forc\u00e9e :<\/strong> 1\u00d7335 m\u00b3\/h (optionnelle)<\/li>\n<li data-section-id=\"12mnfoz\" data-start=\"381\" data-end=\"409\"><strong data-start=\"383\" data-end=\"394\">Poids :<\/strong> 154 \/ 157 kg<\/li>\n<li data-section-id=\"1r833fn\" data-start=\"410\" data-end=\"454\"><strong data-start=\"412\" data-end=\"446\">Longueur maximale des b\u00fbches :<\/strong> 95 cm<\/li>\n<li data-section-id=\"6e1fxd\" data-start=\"455\" data-end=\"518\"><strong data-start=\"457\" data-end=\"497\">Dimensions de l\u2019ouverture du foyer :<\/strong> 980 \u00d7 260 \u00d7 318 mm<\/li>\n<li data-section-id=\"48lf0u\" data-start=\"519\" data-end=\"562\"><strong data-start=\"521\" data-end=\"545\">Mat\u00e9riau ext\u00e9rieur :<\/strong> Acier et fonte<\/li>\n<li data-section-id=\"1wxtitx\" data-start=\"563\" data-end=\"632\"><strong data-start=\"565\" data-end=\"607\">Mat\u00e9riau de la chambre de combustion :<\/strong> Vermiculite ou Firetek<\/li>\n<\/ul>\n<p data-start=\"634\" data-end=\"648\"><strong data-start=\"634\" data-end=\"646\">Syst\u00e8mes<\/strong><\/p>\n<ul data-start=\"649\" data-end=\"756\">\n<li data-section-id=\"j4gt6b\" data-start=\"649\" data-end=\"690\">Fonctionnement silencieux (optionnel)<\/li>\n<li data-section-id=\"yovyob\" data-start=\"691\" data-end=\"727\"><strong data-start=\"693\" data-end=\"725\">Syst\u00e8me de Triple Combustion<\/strong><\/li>\n<li data-section-id=\"1v10l9v\" data-start=\"728\" data-end=\"756\"><strong data-start=\"730\" data-end=\"754\">Syst\u00e8me Vitre Propre<\/strong><\/li>\n<\/ul>\n","protected":false},"excerpt":{"rendered":"<p data-start=\"122\" data-end=\"537\">Cette chemin\u00e9e \u00e0 bois allie <strong data-start=\"150\" data-end=\"177\">\u00e9l\u00e9gance et performance<\/strong>. La <strong data-start=\"182\" data-end=\"201\">grille en fonte<\/strong> et le <strong data-start=\"208\" data-end=\"234\">verre s\u00e9rigraphi\u00e9 noir<\/strong> lui conf\u00e8rent robustesse et style, tandis que le <strong data-start=\"284\" data-end=\"316\">syst\u00e8me de Triple Combustion<\/strong> assure une chaleur uniforme et une consommation r\u00e9duite. L\u2019int\u00e9rieur peut \u00eatre personnalis\u00e9 en <strong data-start=\"412\" data-end=\"427\">vermiculite<\/strong> ou <strong data-start=\"431\" data-end=\"442\">Firetek<\/strong>, et le po\u00eale peut \u00eatre install\u00e9 suspendu, sur pieds ou avec un <strong data-start=\"506\" data-end=\"534\">rangement \u00e0 bois int\u00e9gr\u00e9<\/strong>.<\/p>\n<p data-start=\"539\" data-end=\"821\">Id\u00e9al \u00e9galement pour les <strong data-start=\"564\" data-end=\"584\">maisons passives<\/strong>, il peut \u00eatre compl\u00e9t\u00e9 avec le <strong data-start=\"616\" data-end=\"629\">KIT-AIR-6<\/strong> pour la prise d\u2019air ext\u00e9rieur et le <strong data-start=\"666\" data-end=\"691\">ventilateur T-110-BOX<\/strong> pour une diffusion silencieuse de la chaleur. Il inclut un <strong data-start=\"751\" data-end=\"786\">gant et de la peinture en spray<\/strong> pour un entretien facile et s\u00fbr.<\/p>\n","protected":false},"featured_media":70818,"template":"","meta":{"_acf_changed":false},"product_brand":[4798],"product_cat":[4582],"product_tag":[],"class_list":{"0":"post-70797","1":"product","2":"type-product","3":"status-publish","4":"has-post-thumbnail","6":"product_brand-bronpi-fr","7":"product_cat-cheminees-design","8":"product_shipping_class-caminetti-di-design-2-2","9":"pa_modello-convection-naturelle","10":"pa_modello-ventilee","11":"pa_versione-avec-base-au-sol","12":"pa_versione-avec-support","13":"pa_versione-installation-libre","14":"sales-flash-overlay","15":"woocommerce-text-align-center","16":"woocommerce-image-align-center","17":"do-quantity-buttons","19":"first","20":"instock","21":"taxable","22":"shipping-taxable","23":"purchasable","24":"product-type-variable"},"acf":[],"_links":{"self":[{"href":"https:\/\/www.fokussrl.com\/fr\/wp-json\/wp\/v2\/product\/70797","targetHints":{"allow":["GET"]}}],"collection":[{"href":"https:\/\/www.fokussrl.com\/fr\/wp-json\/wp\/v2\/product"}],"about":[{"href":"https:\/\/www.fokussrl.com\/fr\/wp-json\/wp\/v2\/types\/product"}],"wp:featuredmedia":[{"embeddable":true,"href":"https:\/\/www.fokussrl.com\/fr\/wp-json\/wp\/v2\/media\/70818"}],"wp:attachment":[{"href":"https:\/\/www.fokussrl.com\/fr\/wp-json\/wp\/v2\/media?parent=70797"}],"wp:term":[{"taxonomy":"product_brand","embeddable":true,"href":"https:\/\/www.fokussrl.com\/fr\/wp-json\/wp\/v2\/product_brand?post=70797"},{"taxonomy":"product_cat","embeddable":true,"href":"https:\/\/www.fokussrl.com\/fr\/wp-json\/wp\/v2\/product_cat?post=70797"},{"taxonomy":"product_tag","embeddable":true,"href":"https:\/\/www.fokussrl.com\/fr\/wp-json\/wp\/v2\/product_tag?post=70797"}],"curies":[{"name":"wp","href":"https:\/\/api.w.org\/{rel}","templated":true}]}}