{"id":70845,"date":"2026-04-10T12:48:03","date_gmt":"2026-04-10T10:48:03","guid":{"rendered":"https:\/\/www.fokussrl.com\/?post_type=product&#038;p=70845"},"modified":"2026-04-10T12:51:28","modified_gmt":"2026-04-10T10:51:28","slug":"cheminee-ouverte-a-bois-loiret-9-kw-fugar-copia","status":"publish","type":"product","link":"https:\/\/www.fokussrl.com\/fr\/produit\/cheminee-ouverte-a-bois-loiret-9-kw-fugar-copia\/","title":{"rendered":"Chemin\u00e9e ouverte \u00e0 bois LOIRET 9 kW &#8211; Fugar (Copia)"},"content":{"rendered":"<ul>\n<li>Structure: acier peint anthracite de grande \u00e9paisseur<\/li>\n<li>Puissance thermique: 9 kW<\/li>\n<li>Rendement: 52%<\/li>\n<li>Dimensions: 800 x 2600 x 506 mm<\/li>\n<li>Dimensions de la chambre de combustion: 700 x 380 x 390 mm<\/li>\n<li>Diam\u00e8tre de sortie des fum\u00e9es: 200 mm<\/li>\n<li>Cadre: acier<\/li>\n<\/ul>\n","protected":false},"excerpt":{"rendered":"<p>Chemin\u00e9e frontale ouverte suspendue en m\u00e9tal. Comprend une grille et un tiroir \u00e0 cendres fix\u00e9 \u00e0 la base.<\/p>\n","protected":false},"featured_media":52982,"template":"","meta":{"_acf_changed":false},"product_brand":[4812],"product_cat":[4582],"product_tag":[],"class_list":{"0":"post-70845","1":"product","2":"type-product","3":"status-publish","4":"has-post-thumbnail","6":"product_brand-fugar-fr","7":"product_cat-cheminees-design","8":"product_shipping_class-caminetti-di-design-2-2","9":"sales-flash-overlay","10":"woocommerce-text-align-center","11":"woocommerce-image-align-center","12":"do-quantity-buttons","14":"first","15":"instock","16":"taxable","17":"shipping-taxable","18":"purchasable","19":"product-type-simple"},"acf":[],"_links":{"self":[{"href":"https:\/\/www.fokussrl.com\/fr\/wp-json\/wp\/v2\/product\/70845","targetHints":{"allow":["GET"]}}],"collection":[{"href":"https:\/\/www.fokussrl.com\/fr\/wp-json\/wp\/v2\/product"}],"about":[{"href":"https:\/\/www.fokussrl.com\/fr\/wp-json\/wp\/v2\/types\/product"}],"wp:featuredmedia":[{"embeddable":true,"href":"https:\/\/www.fokussrl.com\/fr\/wp-json\/wp\/v2\/media\/52982"}],"wp:attachment":[{"href":"https:\/\/www.fokussrl.com\/fr\/wp-json\/wp\/v2\/media?parent=70845"}],"wp:term":[{"taxonomy":"product_brand","embeddable":true,"href":"https:\/\/www.fokussrl.com\/fr\/wp-json\/wp\/v2\/product_brand?post=70845"},{"taxonomy":"product_cat","embeddable":true,"href":"https:\/\/www.fokussrl.com\/fr\/wp-json\/wp\/v2\/product_cat?post=70845"},{"taxonomy":"product_tag","embeddable":true,"href":"https:\/\/www.fokussrl.com\/fr\/wp-json\/wp\/v2\/product_tag?post=70845"}],"curies":[{"name":"wp","href":"https:\/\/api.w.org\/{rel}","templated":true}]}}