{"id":70850,"date":"2026-04-11T09:27:58","date_gmt":"2026-04-11T07:27:58","guid":{"rendered":"https:\/\/www.fokussrl.com\/?post_type=product&#038;p=70850"},"modified":"2026-04-11T09:29:47","modified_gmt":"2026-04-11T07:29:47","slug":"cheminee-dangle-ouverte-a-bois-ch-03-145-kw-focgrup-copia","status":"publish","type":"product","link":"https:\/\/www.fokussrl.com\/fr\/produit\/cheminee-dangle-ouverte-a-bois-ch-03-145-kw-focgrup-copia\/","title":{"rendered":"Chemin\u00e9e d&rsquo;angle ouverte \u00e0 bois CH 03 14,5 kW &#8211; Focgrup (Copia)"},"content":{"rendered":"<ul>\n<li>Structure: acier &eacute;pais peint anthracite<\/li>\n<li>Puissance thermique : 12 kW<\/li>\n<li>Rendement : 75%<\/li>\n<li>Dimensions : 754 x 2200 x 450 mm<\/li>\n<\/ul>\n","protected":false},"excerpt":{"rendered":"<p>Chemin\u00e9e d\u00e9corative et de cuisson ouverte adapt\u00e9e \u00e0 une installation en angle.<\/p>\n","protected":false},"featured_media":67805,"template":"","meta":{"_acf_changed":false},"product_brand":[4810],"product_cat":[4582],"product_tag":[],"class_list":{"0":"post-70850","1":"product","2":"type-product","3":"status-publish","4":"has-post-thumbnail","6":"product_brand-focgrup-fr","7":"product_cat-cheminees-design","8":"product_shipping_class-caminetti-di-design-2-2","9":"sales-flash-overlay","10":"woocommerce-text-align-center","11":"woocommerce-image-align-center","12":"do-quantity-buttons","14":"first","15":"instock","16":"taxable","17":"shipping-taxable","18":"purchasable","19":"product-type-simple"},"acf":[],"_links":{"self":[{"href":"https:\/\/www.fokussrl.com\/fr\/wp-json\/wp\/v2\/product\/70850","targetHints":{"allow":["GET"]}}],"collection":[{"href":"https:\/\/www.fokussrl.com\/fr\/wp-json\/wp\/v2\/product"}],"about":[{"href":"https:\/\/www.fokussrl.com\/fr\/wp-json\/wp\/v2\/types\/product"}],"wp:featuredmedia":[{"embeddable":true,"href":"https:\/\/www.fokussrl.com\/fr\/wp-json\/wp\/v2\/media\/67805"}],"wp:attachment":[{"href":"https:\/\/www.fokussrl.com\/fr\/wp-json\/wp\/v2\/media?parent=70850"}],"wp:term":[{"taxonomy":"product_brand","embeddable":true,"href":"https:\/\/www.fokussrl.com\/fr\/wp-json\/wp\/v2\/product_brand?post=70850"},{"taxonomy":"product_cat","embeddable":true,"href":"https:\/\/www.fokussrl.com\/fr\/wp-json\/wp\/v2\/product_cat?post=70850"},{"taxonomy":"product_tag","embeddable":true,"href":"https:\/\/www.fokussrl.com\/fr\/wp-json\/wp\/v2\/product_tag?post=70850"}],"curies":[{"name":"wp","href":"https:\/\/api.w.org\/{rel}","templated":true}]}}