{"id":70862,"date":"2026-04-14T16:47:29","date_gmt":"2026-04-14T14:47:29","guid":{"rendered":"https:\/\/www.fokussrl.com\/?post_type=product&#038;p=70862"},"modified":"2026-04-14T17:12:17","modified_gmt":"2026-04-14T15:12:17","slug":"chaudiere-gaz-a-condensation-vitodens-050-w-viessmann","status":"publish","type":"product","link":"https:\/\/www.fokussrl.com\/fr\/produit\/chaudiere-gaz-a-condensation-vitodens-050-w-viessmann\/","title":{"rendered":"Chaudi\u00e8re gaz \u00e0 condensation VITODENS 050-W &#8211; Viessmann"},"content":{"rendered":"<p data-start=\"0\" data-end=\"34\">Puissance utile : de 3,2 \u00e0 25 kW<\/p>\n<p data-start=\"36\" data-end=\"87\">Rendement saisonnier : 97,6 % (Hs) \/ 108,1 % (Hi)<\/p>\n<p data-start=\"89\" data-end=\"148\">Classe d\u2019efficacit\u00e9 \u00e9nerg\u00e9tique : A (\u00e9chelle de G \u00e0 A+++)<\/p>\n<p data-start=\"150\" data-end=\"177\">Combustible : gaz naturel<\/p>\n<p data-start=\"179\" data-end=\"246\">Applications : appartements ; constructions neuves et r\u00e9novations<\/p>\n<p data-start=\"248\" data-end=\"312\">Commande : r\u00e9glage simple avec 4 touches tactiles et \u00e9cran LED<\/p>\n<p data-start=\"314\" data-end=\"396\">Production d\u2019eau chaude sanitaire : chaudi\u00e8re instantan\u00e9e avec \u00e9changeur int\u00e9gr\u00e9<\/p>\n<p data-start=\"398\" data-end=\"443\" data-is-last-node=\"\" data-is-only-node=\"\">Autres caract\u00e9ristiques : installation murale<\/p>\n","protected":false},"excerpt":{"rendered":"<p data-start=\"0\" data-end=\"295\">La Vitodens 050-W est une chaudi\u00e8re \u00e0 condensation compacte, silencieuse et performante, facile \u00e0 installer gr\u00e2ce \u00e0 sa conception l\u00e9g\u00e8re et \u00e0 l\u2019acc\u00e8s frontal aux composants. Elle est \u00e9quip\u00e9e d\u2019un \u00e9cran LED tactile et d\u2019une fonction booster permettant de produire jusqu\u2019\u00e0 14,3 l\/min d\u2019eau chaude.<\/p>\n<p data-start=\"297\" data-end=\"428\">En rempla\u00e7ant une ancienne chaudi\u00e8re, elle permet de r\u00e9duire la consommation de gaz naturel et les \u00e9missions de CO\u2082 d\u2019environ 22 %.<\/p>\n<p data-start=\"430\" data-end=\"572\">Des mat\u00e9riaux de haute qualit\u00e9, comme l\u2019\u00e9changeur Inox-Radial en acier inoxydable, garantissent efficacit\u00e9, durabilit\u00e9 et effet autonettoyant.<\/p>\n<p data-start=\"574\" data-end=\"747\" data-is-last-node=\"\" data-is-only-node=\"\">Le br\u00fbleur MatriX-Plus avec Lambda Pro offre fiabilit\u00e9, faibles \u00e9missions, fonctionnement silencieux et haute efficacit\u00e9, r\u00e9duisant la consommation et les co\u00fbts d\u2019entretien.<\/p>\n","protected":false},"featured_media":70865,"template":"","meta":{"_acf_changed":false},"product_brand":[],"product_cat":[4573],"product_tag":[4842],"class_list":{"0":"post-70862","1":"product","2":"type-product","3":"status-publish","4":"has-post-thumbnail","6":"product_cat-chaudieres-a-gaz","7":"product_tag-caldaie-a-gas","8":"product_shipping_class-caldaie-a-gas-2-2","9":"pa_potenza-19-kw-fr","10":"pa_potenza-25-kw-fr","11":"sales-flash-overlay","12":"woocommerce-text-align-center","13":"woocommerce-image-align-center","14":"do-quantity-buttons","16":"first","17":"instock","18":"taxable","19":"shipping-taxable","20":"purchasable","21":"product-type-variable"},"acf":[],"_links":{"self":[{"href":"https:\/\/www.fokussrl.com\/fr\/wp-json\/wp\/v2\/product\/70862","targetHints":{"allow":["GET"]}}],"collection":[{"href":"https:\/\/www.fokussrl.com\/fr\/wp-json\/wp\/v2\/product"}],"about":[{"href":"https:\/\/www.fokussrl.com\/fr\/wp-json\/wp\/v2\/types\/product"}],"wp:featuredmedia":[{"embeddable":true,"href":"https:\/\/www.fokussrl.com\/fr\/wp-json\/wp\/v2\/media\/70865"}],"wp:attachment":[{"href":"https:\/\/www.fokussrl.com\/fr\/wp-json\/wp\/v2\/media?parent=70862"}],"wp:term":[{"taxonomy":"product_brand","embeddable":true,"href":"https:\/\/www.fokussrl.com\/fr\/wp-json\/wp\/v2\/product_brand?post=70862"},{"taxonomy":"product_cat","embeddable":true,"href":"https:\/\/www.fokussrl.com\/fr\/wp-json\/wp\/v2\/product_cat?post=70862"},{"taxonomy":"product_tag","embeddable":true,"href":"https:\/\/www.fokussrl.com\/fr\/wp-json\/wp\/v2\/product_tag?post=70862"}],"curies":[{"name":"wp","href":"https:\/\/api.w.org\/{rel}","templated":true}]}}