{"id":70996,"date":"2026-05-06T09:19:19","date_gmt":"2026-05-06T07:19:19","guid":{"rendered":"https:\/\/www.fokussrl.com\/?post_type=product&#038;p=70996"},"modified":"2026-05-06T09:37:02","modified_gmt":"2026-05-06T07:37:02","slug":"chaudiere-gaz-a-condensation-vitodens-100-w-viessmann","status":"publish","type":"product","link":"https:\/\/www.fokussrl.com\/fr\/produit\/chaudiere-gaz-a-condensation-vitodens-100-w-viessmann\/","title":{"rendered":"Chaudi\u00e8re gaz \u00e0 condensation VITODENS 100-W &#8211; Viessmann"},"content":{"rendered":"<p data-start=\"62\" data-end=\"101\">Puissance utile (kW) : de 3,2 \u00e0 32 kW<\/p>\n<p data-start=\"103\" data-end=\"145\">Rendement saisonnier : jusqu\u2019\u00e0 94 % (Hs)<\/p>\n<p data-start=\"147\" data-end=\"269\">Classe d\u2019efficacit\u00e9 \u00e9nerg\u00e9tique : A+ (\u00e9chelle de G \u00e0 A+++) (avec r\u00e9gulation d\u2019ambiance classe VI, mod\u00e8les de 25 \u00e0 32 kW)<\/p>\n<p data-start=\"271\" data-end=\"320\">Combustible : gaz naturel et gaz liqu\u00e9fi\u00e9 (GPL)<\/p>\n<p data-start=\"322\" data-end=\"415\">Applications : maisons individuelles et bifamiliales, appartements ; adapt\u00e9 aux r\u00e9novations<\/p>\n<p data-start=\"417\" data-end=\"562\">Commande : r\u00e9gulation avec \u00e9cran LED blanc\/noir et 4 touches tactiles pour un r\u00e9glage facile de l\u2019eau chaude sanitaire et de l\u2019eau de chauffage<\/p>\n<p data-start=\"564\" data-end=\"652\">Production d\u2019eau chaude sanitaire : confort \u00e9lev\u00e9 gr\u00e2ce \u00e0 la fonction booster int\u00e9gr\u00e9e<\/p>\n<p data-start=\"654\" data-end=\"699\" data-is-last-node=\"\" data-is-only-node=\"\">Autres caract\u00e9ristiques : installation murale<\/p>\n","protected":false},"excerpt":{"rendered":"<p data-start=\"35\" data-end=\"744\">Les nouvelles Vitodens 100 sont des chaudi\u00e8res \u00e0 condensation au gaz compactes, id\u00e9ales pour remplacer d\u2019anciens syst\u00e8mes. Elles sont disponibles aussi bien pour la production instantan\u00e9e d\u2019eau chaude sanitaire que pour le chauffage seul, avec possibilit\u00e9 de raccordement \u00e0 un ballon. Elles offrent une haute efficacit\u00e9 gr\u00e2ce \u00e0 des technologies avanc\u00e9es telles que le br\u00fbleur Matrix Plus et l\u2019\u00e9changeur de chaleur Inox-Radial, garantissant durabilit\u00e9 et performances \u00e9lev\u00e9es. Elles peuvent \u00eatre associ\u00e9es \u00e0 des syst\u00e8mes de r\u00e9gulation avanc\u00e9s et atteignent une classe d\u2019efficacit\u00e9 \u00e9nerg\u00e9tique jusqu\u2019\u00e0 A+. De plus, elles sont con\u00e7ues pour fonctionner avec des m\u00e9langes de gaz contenant jusqu\u2019\u00e0 20 % d\u2019hydrog\u00e8ne.<\/p>\n<p data-start=\"746\" data-end=\"1254\" data-is-last-node=\"\" data-is-only-node=\"\">Les mat\u00e9riaux utilis\u00e9s sont de haute qualit\u00e9 et assurent une grande efficacit\u00e9 ainsi qu\u2019une longue dur\u00e9e de vie, en particulier l\u2019\u00e9changeur de chaleur Inox-Radial en acier inoxydable, con\u00e7u pour maximiser le rendement et offrir un effet autonettoyant. Le br\u00fbleur MatriX-Plus se distingue par sa grande fiabilit\u00e9, ses faibles \u00e9missions, son fonctionnement silencieux et sa haute efficacit\u00e9 gr\u00e2ce au contr\u00f4le \u00e9lectronique de la combustion, permettant \u00e9galement de r\u00e9duire les co\u00fbts de chauffage et d\u2019entretien.<\/p>\n","protected":false},"featured_media":71001,"template":"","meta":{"_acf_changed":false},"product_brand":[],"product_cat":[4573],"product_tag":[4842],"class_list":{"0":"post-70996","1":"product","2":"type-product","3":"status-publish","4":"has-post-thumbnail","6":"product_cat-chaudieres-a-gaz","7":"product_tag-caldaie-a-gas","8":"product_shipping_class-caldaie-a-gas-2-2","9":"pa_potenza-19-kw-fr","10":"pa_potenza-25-kw-fr","11":"pa_potenza-32-kw-fr","12":"sales-flash-overlay","13":"woocommerce-text-align-center","14":"woocommerce-image-align-center","15":"do-quantity-buttons","17":"first","18":"instock","19":"taxable","20":"shipping-taxable","21":"purchasable","22":"product-type-variable"},"acf":[],"_links":{"self":[{"href":"https:\/\/www.fokussrl.com\/fr\/wp-json\/wp\/v2\/product\/70996","targetHints":{"allow":["GET"]}}],"collection":[{"href":"https:\/\/www.fokussrl.com\/fr\/wp-json\/wp\/v2\/product"}],"about":[{"href":"https:\/\/www.fokussrl.com\/fr\/wp-json\/wp\/v2\/types\/product"}],"wp:featuredmedia":[{"embeddable":true,"href":"https:\/\/www.fokussrl.com\/fr\/wp-json\/wp\/v2\/media\/71001"}],"wp:attachment":[{"href":"https:\/\/www.fokussrl.com\/fr\/wp-json\/wp\/v2\/media?parent=70996"}],"wp:term":[{"taxonomy":"product_brand","embeddable":true,"href":"https:\/\/www.fokussrl.com\/fr\/wp-json\/wp\/v2\/product_brand?post=70996"},{"taxonomy":"product_cat","embeddable":true,"href":"https:\/\/www.fokussrl.com\/fr\/wp-json\/wp\/v2\/product_cat?post=70996"},{"taxonomy":"product_tag","embeddable":true,"href":"https:\/\/www.fokussrl.com\/fr\/wp-json\/wp\/v2\/product_tag?post=70996"}],"curies":[{"name":"wp","href":"https:\/\/api.w.org\/{rel}","templated":true}]}}