{"id":50141,"date":"2025-01-30T23:01:40","date_gmt":"2025-01-30T22:01:40","guid":{"rendered":"http:\/\/fokussrl.com\/prodotto\/caldaia-a-gas-a-condensazione-logamax-plus-gb122-24-kd-h-buderus\/"},"modified":"2026-02-13T09:02:41","modified_gmt":"2026-02-13T08:02:41","slug":"caldaia-a-gas-a-condensazione-logamax-plus-gb122-24-kd-h-buderus","status":"publish","type":"product","link":"https:\/\/www.fokussrl.com\/it\/prodotto\/caldaia-a-gas-a-condensazione-logamax-plus-gb122-24-kd-h-buderus\/","title":{"rendered":"Caldaia a gas a condensazione LOGAMAX PLUS GB122-24 KD H &#8211; Buderus"},"content":{"rendered":"<ul>\n<li>Potenza termica nominale min. (80\/60\u00b0C): 3 kW<\/li>\n<li>Potenza termica nominale max. (50\/30\u00b0C): 25 kW<\/li>\n<li>Al 30% della potenza termica nominale e a un regime a bassa temperatura: 8,0 kW<\/li>\n<li>Carico termico nominale max. riscaldamento: 24,5 kW<\/li>\n<li>Connessione elettrica: 230 V<\/li>\n<li>Frequenza elettrica: 50 Hz<\/li>\n<li>Tipo di protezione (EN 60529): IPX4D, B23\/B33<\/li>\n<li>Consumo max. di energia elettrica: 90W<\/li>\n<li>Peso netto: 39 kg<\/li>\n<li>Potenza termica nominale: 24 kW<\/li>\n<li>Efficienza energetica stagionale del riscaldamento d&#8217;ambiente: 94%<\/li>\n<li>Efficienza energetica di riscaldamento dell\u2019acqua: 85%<\/li>\n<li>Codice prodotto: 7736901285<\/li>\n<\/ul>\n<p>La caldaia a condensazione a gas Logamax plus GB122-24 KD H offre una potenza sanitaria aumentata rispetto al modello KH, garantendo acqua calda a temperatura costante per soddisfare ogni esigenza.<\/p>\n","protected":false},"excerpt":{"rendered":"<h2><span style=\"color: #ff6600;\"><strong>Extra Sconto del 5% &#8211; Solo 1 disponibile in pronta consegna!<\/strong><\/span><\/h2>\n<p>La caldaia a gas a condensazione Logamax plus GB122-24 KH di Buderus rappresenta davvero un&#8217;opzione eccellente per migliorare il comfort della tua casa. Ecco perch\u00e9:<\/p>\n<ul>\n<li><strong>Efficienza energetica<\/strong>: Grazie alla tecnologia a condensazione, questa caldaia offre un rendimento stagionale eccezionale fino al 94%, consentendoti di risparmiare sui costi energetici a lungo termine.<\/li>\n<li><strong>Silenziosit\u00e0<\/strong>: Il modello Logamax plus GB122-24 KD H \u00e8 progettato per funzionare in modo silenzioso, garantendo un ambiente domestico tranquillo senza rumori fastidiosi di fondo.<\/li>\n<li><strong>Dimensioni compatte<\/strong>: Le dimensioni compatte della caldaia la rendono adatta a qualsiasi spazio abitativo, ideale per appartamenti o case con spazi limitati.<\/li>\n<li><strong>Massimo comfort sanitario<\/strong>: Con una valutazione di 3 stelle secondo la normativa EN13203-1\/2, puoi essere certo di ottenere il massimo comfort sanitario per te e la tua famiglia.<\/li>\n<li><strong>Componentistica di alta qualit\u00e0<\/strong>: Buderus \u00e8 rinomata per la qualit\u00e0 dei suoi prodotti, e la Logamax plus GB122-24 KH non fa eccezione. Con componenti di alta qualit\u00e0, puoi contare su prestazioni affidabili nel tempo.<\/li>\n<li><strong>Prezzo competitivo<\/strong>: Nonostante le sue caratteristiche premium, questa caldaia offre un ottimo rapporto qualit\u00e0-prezzo, garantendo un riscaldamento efficiente e affidabile senza dover spendere una fortuna.<\/li>\n<\/ul>\n<p>Scegliendo la caldaia a condensazione Logamax plus GB122-24 KH, potrai godere di un ambiente domestico pi\u00f9 confortevole, efficiente e silenzioso, tutto questo ad un prezzo imbattibile.<\/p>\n","protected":false},"featured_media":68393,"template":"","meta":{"_acf_changed":false},"product_brand":[4014],"product_cat":[4520],"product_tag":[1837],"class_list":{"0":"post-50141","1":"product","2":"type-product","3":"status-publish","4":"has-post-thumbnail","6":"product_brand-buderus","7":"product_cat-caldaie-a-gas","8":"product_tag-caldaie-a-gas-buderus","9":"product_shipping_class-caldaie-a-gas","10":"sales-flash-overlay","11":"woocommerce-text-align-center","12":"woocommerce-image-align-center","13":"do-quantity-buttons","15":"first","16":"instock","17":"sale","18":"taxable","19":"shipping-taxable","20":"purchasable","21":"product-type-simple"},"acf":[],"_links":{"self":[{"href":"https:\/\/www.fokussrl.com\/it\/wp-json\/wp\/v2\/product\/50141","targetHints":{"allow":["GET"]}}],"collection":[{"href":"https:\/\/www.fokussrl.com\/it\/wp-json\/wp\/v2\/product"}],"about":[{"href":"https:\/\/www.fokussrl.com\/it\/wp-json\/wp\/v2\/types\/product"}],"wp:featuredmedia":[{"embeddable":true,"href":"https:\/\/www.fokussrl.com\/it\/wp-json\/wp\/v2\/media\/68393"}],"wp:attachment":[{"href":"https:\/\/www.fokussrl.com\/it\/wp-json\/wp\/v2\/media?parent=50141"}],"wp:term":[{"taxonomy":"product_brand","embeddable":true,"href":"https:\/\/www.fokussrl.com\/it\/wp-json\/wp\/v2\/product_brand?post=50141"},{"taxonomy":"product_cat","embeddable":true,"href":"https:\/\/www.fokussrl.com\/it\/wp-json\/wp\/v2\/product_cat?post=50141"},{"taxonomy":"product_tag","embeddable":true,"href":"https:\/\/www.fokussrl.com\/it\/wp-json\/wp\/v2\/product_tag?post=50141"}],"curies":[{"name":"wp","href":"https:\/\/api.w.org\/{rel}","templated":true}]}}