{"id":50187,"date":"2025-01-30T23:01:40","date_gmt":"2025-01-30T22:01:40","guid":{"rendered":"http:\/\/fokussrl.com\/prodotto\/stufa-a-legna-in-ghisa-tai-35-w-8-5-kw-dovre\/"},"modified":"2025-01-30T23:01:51","modified_gmt":"2025-01-30T22:01:51","slug":"stufa-a-legna-in-ghisa-tai-35-w-8-5-kw-dovre","status":"publish","type":"product","link":"https:\/\/www.fokussrl.com\/it\/prodotto\/stufa-a-legna-in-ghisa-tai-35-w-8-5-kw-dovre\/","title":{"rendered":"Stufa a legna in ghisa TAI 35 W 8,5 kW &#8211; Dovre"},"content":{"rendered":"<ul>\n<li>DIMENSIONI: 520x785x400 mm<\/li>\n<li>PESO (KG) 85<\/li>\n<li>DIAMETRO CONNESSIONE (MM) 150<\/li>\n<li>ALTEZZA DI CONNESSIONE (MM) 610<\/li>\n<li>LUOGO DI CONNESSIONE sulla parte superiore o posteriore<\/li>\n<li>PRESTAZIONE NOMINALE (kW) 6,5<\/li>\n<li>PRESTAZIONE MINIMA (kW) 3,3<\/li>\n<li>PRESTAZIONI MASSIME (kW) kW8,5<\/li>\n<li>CAPACIT&Agrave; (M&sup3;) 130<\/li>\n<li>EFFICIENZA 81,40%<\/li>\n<li>EMISSIONI DI CO (13% O2) 0,07<\/li>\n<li>PARTICELLE DI POLVERE (MG\/NM&sup3;) 18<\/li>\n<li>PIANO DI COMBUSTIONE Fondo refrattario<\/li>\n<li>PRESSIONE MINIMA 12<\/li>\n<li>VOLUME FUMI (G\/S) 4,3<\/li>\n<li>LUNGHEZZA TRONCO (CM) 35<\/li>\n<li>SECONDA COMBUSTIONE S&Igrave;<\/li>\n<li>INCREMENTO DI TEMPERATURA MISURATO NELLA SEZIONE DI MISURA (K) 256<\/li>\n<li>EMISSIONI DI NOX (13%O2 ALLA POTENZA TERMICA NOMINALE &#8211; MG\/NM&sup3;) 107<\/li>\n<li>EFFICIENZA ENERGETICA STAGIONALE DEL RISCALDAMENTO D&#8217;AMBIENTI (%) 71,4<\/li>\n<\/ul>\n","protected":false},"excerpt":{"rendered":"<p>Le stufe TAI sono sinonimo di semplicit\u00e0 e affidabilit\u00e0, grazie alla sua austerit\u00e0, sia nel design che nelle caratteristiche. Se opti per alta efficienza e calore ad un prezzo accessibile, troverai sicuramente quello che cerchi nella famiglia Tai.<\/p>\n","protected":false},"featured_media":50188,"template":"","meta":{"_acf_changed":false},"product_brand":[4020],"product_cat":[4546],"product_tag":[1838],"class_list":{"0":"post-50187","1":"product","2":"type-product","3":"status-publish","4":"has-post-thumbnail","6":"product_brand-dovre","7":"product_cat-stufe-a-legna","8":"product_tag-stufe-a-legna-dovre","9":"product_shipping_class-stufe-a-legna","10":"sales-flash-overlay","11":"woocommerce-text-align-center","12":"woocommerce-image-align-center","13":"do-quantity-buttons","15":"first","16":"instock","17":"taxable","18":"shipping-taxable","19":"purchasable","20":"product-type-simple"},"acf":[],"_links":{"self":[{"href":"https:\/\/www.fokussrl.com\/it\/wp-json\/wp\/v2\/product\/50187","targetHints":{"allow":["GET"]}}],"collection":[{"href":"https:\/\/www.fokussrl.com\/it\/wp-json\/wp\/v2\/product"}],"about":[{"href":"https:\/\/www.fokussrl.com\/it\/wp-json\/wp\/v2\/types\/product"}],"wp:featuredmedia":[{"embeddable":true,"href":"https:\/\/www.fokussrl.com\/it\/wp-json\/wp\/v2\/media\/50188"}],"wp:attachment":[{"href":"https:\/\/www.fokussrl.com\/it\/wp-json\/wp\/v2\/media?parent=50187"}],"wp:term":[{"taxonomy":"product_brand","embeddable":true,"href":"https:\/\/www.fokussrl.com\/it\/wp-json\/wp\/v2\/product_brand?post=50187"},{"taxonomy":"product_cat","embeddable":true,"href":"https:\/\/www.fokussrl.com\/it\/wp-json\/wp\/v2\/product_cat?post=50187"},{"taxonomy":"product_tag","embeddable":true,"href":"https:\/\/www.fokussrl.com\/it\/wp-json\/wp\/v2\/product_tag?post=50187"}],"curies":[{"name":"wp","href":"https:\/\/api.w.org\/{rel}","templated":true}]}}