{"id":50786,"date":"2025-01-30T23:02:26","date_gmt":"2025-01-30T22:02:26","guid":{"rendered":"http:\/\/fokussrl.com\/prodotto\/camino-a-legna-a-parete-ch-44-aperto-8-kw-focgrup\/"},"modified":"2026-03-13T10:23:49","modified_gmt":"2026-03-13T09:23:49","slug":"camino-a-legna-a-parete-ch-44-aperto-8-kw-focgrup","status":"publish","type":"product","link":"https:\/\/www.fokussrl.com\/it\/prodotto\/camino-a-legna-a-parete-ch-44-aperto-8-kw-focgrup\/","title":{"rendered":"Camino a legna a parete CH 44 aperto 8 kW &#8211; Focgrup"},"content":{"rendered":"<ul>\n<li>Struttura in acciaio di alto spessore verniciato antracite<\/li>\n<li>Potenza termica: 8 kW<\/li>\n<li>Rendimento: 40%<\/li>\n<li>Dimensioni: 800 x 2700 x 500 mm<\/li>\n<\/ul>\n<p>&nbsp;<\/p>\n","protected":false},"excerpt":{"rendered":"<p>Porta in casa l&#8217;autentico design spagnolo con il <strong>camino a legna a parete CH 44 aperto di Focgrup<\/strong>. Questo caminetto \u00e8 la sintesi perfetta tra l&#8217;artigianalit\u00e0 che ammiri e la funzionalit\u00e0, unendo estetica e comfort.<\/p>\n<p>Con una <strong>potenza di 8 kW<\/strong>, \u00e8 ideale sia come elemento d&#8217;arredo che per riscoprire il piacere della cottura: la sua ampia bocca frontale lo rende perfetto per grigliare.<\/p>\n<p>Scegli il calore economico e sostenibile della legna per un ambiente che riflette la tua personalit\u00e0.<\/p>\n","protected":false},"featured_media":67798,"template":"","meta":{"_acf_changed":false},"product_brand":[4025],"product_cat":[4529,4532],"product_tag":[1849],"class_list":{"0":"post-50786","1":"product","2":"type-product","3":"status-publish","4":"has-post-thumbnail","6":"product_brand-focgrup","7":"product_cat-caminetti-di-design","8":"product_cat-camini-moderni-a-legna-a-parete","9":"product_tag-caminetti-focgrup","10":"product_shipping_class-caminetti-di-design","11":"sales-flash-overlay","12":"woocommerce-text-align-center","13":"woocommerce-image-align-center","14":"do-quantity-buttons","16":"first","17":"instock","18":"taxable","19":"shipping-taxable","20":"purchasable","21":"product-type-simple"},"acf":[],"_links":{"self":[{"href":"https:\/\/www.fokussrl.com\/it\/wp-json\/wp\/v2\/product\/50786","targetHints":{"allow":["GET"]}}],"collection":[{"href":"https:\/\/www.fokussrl.com\/it\/wp-json\/wp\/v2\/product"}],"about":[{"href":"https:\/\/www.fokussrl.com\/it\/wp-json\/wp\/v2\/types\/product"}],"wp:featuredmedia":[{"embeddable":true,"href":"https:\/\/www.fokussrl.com\/it\/wp-json\/wp\/v2\/media\/67798"}],"wp:attachment":[{"href":"https:\/\/www.fokussrl.com\/it\/wp-json\/wp\/v2\/media?parent=50786"}],"wp:term":[{"taxonomy":"product_brand","embeddable":true,"href":"https:\/\/www.fokussrl.com\/it\/wp-json\/wp\/v2\/product_brand?post=50786"},{"taxonomy":"product_cat","embeddable":true,"href":"https:\/\/www.fokussrl.com\/it\/wp-json\/wp\/v2\/product_cat?post=50786"},{"taxonomy":"product_tag","embeddable":true,"href":"https:\/\/www.fokussrl.com\/it\/wp-json\/wp\/v2\/product_tag?post=50786"}],"curies":[{"name":"wp","href":"https:\/\/api.w.org\/{rel}","templated":true}]}}