{"id":50859,"date":"2025-01-30T23:02:26","date_gmt":"2025-01-30T22:02:26","guid":{"rendered":"http:\/\/fokussrl.com\/prodotto\/forno-ibrido-per-pizza-piero-appoggio-fontana\/"},"modified":"2025-01-30T23:02:36","modified_gmt":"2025-01-30T22:02:36","slug":"forno-ibrido-per-pizza-piero-appoggio-fontana","status":"publish","type":"product","link":"https:\/\/www.fokussrl.com\/it\/prodotto\/forno-ibrido-per-pizza-piero-appoggio-fontana\/","title":{"rendered":"Forno ibrido per pizza PIERO APPOGGIO &#8211; Fontana"},"content":{"rendered":"<ul>\n<li>Capacit&agrave; serbatoio pellet: 6 kg<\/li>\n<li>Scarico fumi: 80 mm<\/li>\n<li>Dimensioni: 658 x 640 x 988 mm<\/li>\n<li>Peso: 68 kg<\/li>\n<li>Colori: Antracite, Rosso, Verde<\/li>\n<li>Combustibile: Pellet<\/li>\n<li>Rivestimento: Acciaio<\/li>\n<li>Consumo pellet: da 0,60 a 1,90 kg\/h<\/li>\n<li>Dimensioni piano cottura: da 50 a 40 cm<\/li>\n<\/ul>\n<p>La piastra di serie &egrave; in pietra lavica.<\/p>\n<p>Optional disponibile piastra in pietra ollare oppure in ghisa.<\/p>\n","protected":false},"excerpt":{"rendered":"<p>Il forno pizza (ma non solo) che pu\u00f2 funzionare sia a legna che a gas, per la prima volta (dispositivo brevettato) senza la necessit\u00e0 di scomode operazioni di smontaggio e montaggio di bruciatori o di complicati inserimenti di paratie o protezioni di sicurezza per proteggere il bruciatore.<\/p>\n<p><strong>POCO TEMPO?<\/strong><\/p>\n<p>Ora la decisione di utilizzare il forno a gas oppure con una profumata brace di legna pu\u00f2 avvenire simultaneamente, solamente in relazione al tempo che puoi dedicare ai tuoi ospiti. Il fine settimana con tutto il tempo a disposizione, poter assaporare le pietanze cucinate con il gusto della tradizione del forno a legna e durante le cene infrasettimanali, quando i ritmi sono inclementi, poter contare su un forno alimentato a gas che nel giro di 10 minuti \u00e8 gi\u00e0 in temperatura per poter sfornare le pi\u00f9 succulente pizze.<\/p>\n","protected":false},"featured_media":50860,"template":"","meta":{"_acf_changed":false},"product_brand":[4026],"product_cat":[4516],"product_tag":[1851],"class_list":{"0":"post-50859","1":"product","2":"type-product","3":"status-publish","4":"has-post-thumbnail","6":"product_brand-fontana","7":"product_cat-barbecue-a-gas","8":"product_tag-barbecue-a-gas-fontana","9":"product_shipping_class-barbecue-a-gas","10":"sales-flash-overlay","11":"woocommerce-text-align-center","12":"woocommerce-image-align-center","13":"do-quantity-buttons","15":"first","16":"instock","17":"taxable","18":"shipping-taxable","19":"purchasable","20":"product-type-simple"},"acf":[],"_links":{"self":[{"href":"https:\/\/www.fokussrl.com\/it\/wp-json\/wp\/v2\/product\/50859","targetHints":{"allow":["GET"]}}],"collection":[{"href":"https:\/\/www.fokussrl.com\/it\/wp-json\/wp\/v2\/product"}],"about":[{"href":"https:\/\/www.fokussrl.com\/it\/wp-json\/wp\/v2\/types\/product"}],"wp:featuredmedia":[{"embeddable":true,"href":"https:\/\/www.fokussrl.com\/it\/wp-json\/wp\/v2\/media\/50860"}],"wp:attachment":[{"href":"https:\/\/www.fokussrl.com\/it\/wp-json\/wp\/v2\/media?parent=50859"}],"wp:term":[{"taxonomy":"product_brand","embeddable":true,"href":"https:\/\/www.fokussrl.com\/it\/wp-json\/wp\/v2\/product_brand?post=50859"},{"taxonomy":"product_cat","embeddable":true,"href":"https:\/\/www.fokussrl.com\/it\/wp-json\/wp\/v2\/product_cat?post=50859"},{"taxonomy":"product_tag","embeddable":true,"href":"https:\/\/www.fokussrl.com\/it\/wp-json\/wp\/v2\/product_tag?post=50859"}],"curies":[{"name":"wp","href":"https:\/\/api.w.org\/{rel}","templated":true}]}}