{"id":50876,"date":"2025-01-30T23:02:37","date_gmt":"2025-01-30T22:02:37","guid":{"rendered":"http:\/\/fokussrl.com\/prodotto\/barbecue-a-legna-egeo-110-fontana\/"},"modified":"2025-09-18T11:06:34","modified_gmt":"2025-09-18T09:06:34","slug":"barbecue-a-legna-egeo-110-fontana","status":"publish","type":"product","link":"https:\/\/www.fokussrl.com\/it\/prodotto\/barbecue-a-legna-egeo-110-fontana\/","title":{"rendered":"Barbecue a legna EGEO 110 &#8211; Fontana"},"content":{"rendered":"<ul>\n<li>Altezza: 1080 mm<\/li>\n<li>Larghezza: 1.780 mm<\/li>\n<li>Profondit&agrave;: 700 mm<\/li>\n<\/ul>\n","protected":false},"excerpt":{"rendered":"<p>Grill aperto con braciere super-rinforzato e rivestimento in pietra refrattaria. Disponibile in due misure di superfice di cottura: l\u201980&#215;40 cm e il 110&#215;40 cm. La struttura \u00e8 in acciaio e inox con due comodi pianetti ripieghevoli e un carrello su 4 ruote per un ampia trasportabilit\u00e0.<\/p>\n<p>Il braciere rivestito in pietra refrattaria permette di prolungare pi\u00f9 a lungo il potere calorico della brace e quindi di risparmiare la quantit\u00e0 di legna da utilizzare le griglie di cottura in acciaio inox sono pi\u00f9 facili da pulire e il pratico sistema di golosa raccogli-grassi permette di evitare le sgradevoli fiammate generate dai grassi che cadono sulla brace incandescente.<br \/>La smezzatura della griglia permette di poter realizzare la grigliata anche per un numero limitato di commensali senza dover ricorrere e sporcare tutto il barbecue. Inoltre questa soluzione da la possibilit\u00e0 di cucinare contemporaneamente pietanze che hanno temperature e tempi di cottura diverse, consentendo di poter arrivare a servire questi cibi nello stesso momento.<br \/>La trasportabilit\u00e0 del barbecue Fontana \u00e8 molto facile grazie al carrello dotato di 4 ruote di cui 2 pivottanti.<\/p>\n<p>Il doppio piano d\u2019appoggio laterale \u00e8 studiato per poter essere ripiegato dopo l\u2019utilizzo; quindi minori ingombri quando lo dobbiamo riporre.<\/p>\n","protected":false},"featured_media":50877,"template":"","meta":{"_acf_changed":false},"product_brand":[4026],"product_cat":[4517],"product_tag":[1852],"class_list":{"0":"post-50876","1":"product","2":"type-product","3":"status-publish","4":"has-post-thumbnail","6":"product_brand-fontana","7":"product_cat-barbecue-a-legna","8":"product_tag-barbecue-a-legna-fontana","9":"product_shipping_class-barbecue-a-legna","10":"sales-flash-overlay","11":"woocommerce-text-align-center","12":"woocommerce-image-align-center","13":"do-quantity-buttons","15":"first","16":"instock","17":"taxable","18":"shipping-taxable","19":"purchasable","20":"product-type-simple"},"acf":[],"_links":{"self":[{"href":"https:\/\/www.fokussrl.com\/it\/wp-json\/wp\/v2\/product\/50876","targetHints":{"allow":["GET"]}}],"collection":[{"href":"https:\/\/www.fokussrl.com\/it\/wp-json\/wp\/v2\/product"}],"about":[{"href":"https:\/\/www.fokussrl.com\/it\/wp-json\/wp\/v2\/types\/product"}],"wp:featuredmedia":[{"embeddable":true,"href":"https:\/\/www.fokussrl.com\/it\/wp-json\/wp\/v2\/media\/50877"}],"wp:attachment":[{"href":"https:\/\/www.fokussrl.com\/it\/wp-json\/wp\/v2\/media?parent=50876"}],"wp:term":[{"taxonomy":"product_brand","embeddable":true,"href":"https:\/\/www.fokussrl.com\/it\/wp-json\/wp\/v2\/product_brand?post=50876"},{"taxonomy":"product_cat","embeddable":true,"href":"https:\/\/www.fokussrl.com\/it\/wp-json\/wp\/v2\/product_cat?post=50876"},{"taxonomy":"product_tag","embeddable":true,"href":"https:\/\/www.fokussrl.com\/it\/wp-json\/wp\/v2\/product_tag?post=50876"}],"curies":[{"name":"wp","href":"https:\/\/api.w.org\/{rel}","templated":true}]}}