{"id":51011,"date":"2025-01-30T23:02:37","date_gmt":"2025-01-30T22:02:37","guid":{"rendered":"http:\/\/fokussrl.com\/prodotto\/caminetto-elettrico-skope-inset-195-rw-gazco\/"},"modified":"2025-01-30T23:02:46","modified_gmt":"2025-01-30T22:02:46","slug":"caminetto-elettrico-skope-inset-195-rw-gazco","status":"publish","type":"product","link":"https:\/\/www.fokussrl.com\/it\/prodotto\/caminetto-elettrico-skope-inset-195-rw-gazco\/","title":{"rendered":"Caminetto elettrico SKOPE INSET 195 RW &#8211; Gazco"},"content":{"rendered":"<ul>\n<li>Dimensioni necessarie per l&rsquo;incasso (l x a x p): 202 x 56 x 27 cm<\/li>\n<li>Dimensioni camino a vista dopo l&rsquo;incasso (l x a): 200 x 38 cm<\/li>\n<li>Potenza termica: zero o 1 o 2 kW<\/li>\n<li>Programmabilit&agrave; settimanale: si, tramite telecomando<\/li>\n<li>Regolazione potenza &amp; luminosit&agrave;: tramite telecomando<\/li>\n<li>Regolazione termostatica della potenza: tramite telecomando<\/li>\n<li>Colori fiamma a scelta: arancione, blu o mix arancione\/blu<\/li>\n<li>Rivestimento a scelta sulla base: ceppi di legna, ciottoli grigi e chiari o effetto ghiaccio<\/li>\n<li>Scarico fumi: NO canna fumaria<\/li>\n<li>Possibilit&agrave; utilizzo senza riscaldamento: si<\/li>\n<li>Installazione: inserto da incasso<\/li>\n<\/ul>\n","protected":false},"excerpt":{"rendered":"<p>I camini d&#8217;incasso della serie Skope Inset si contraddistinguono da altri per il loro gioco di fiamme che sembrano vere!<\/p>\n<p>Il camino elettrico Skope Inset 195RW \u00e8 il pi\u00f9 grande della serie, viene inserito nella parete e ha bisogno di pochissimo spazio perch\u00e9 \u00e8 poco profondo e di conseguenza sporger\u00e0 appena un po&#8217; dalla vostra parete. Viene regolato in modo semplice e comodo con l&#8217;ausilio di un telecomando.<\/p>\n<p>Con due impostazioni di potenza termica, quattro livelli di luminosit\u00e0 e tre diverse colorazioni della fiamma \u00e8 possibile creare l&#8217;atmosfera perfetta per ogni ambiente. Basta collegare il vostro Skope Inset 195RW a una presa elettrica e godere dell&#8217;effetto fiamme creato dalla apposita tecnologia LED.<\/p>\n<p> La serie Skope Inset \u00e8 disponibile in 4 dimensioni<\/p>\n","protected":false},"featured_media":51012,"template":"","meta":{"_acf_changed":false},"product_brand":[4028],"product_cat":[4530],"product_tag":[1854],"class_list":{"0":"post-51011","1":"product","2":"type-product","3":"status-publish","4":"has-post-thumbnail","6":"product_brand-gazco","7":"product_cat-caminetti-elettrici","8":"product_tag-caminetti-elettrici-gazco","9":"product_shipping_class-caminetti-elettrici","10":"sales-flash-overlay","11":"woocommerce-text-align-center","12":"woocommerce-image-align-center","13":"do-quantity-buttons","15":"first","16":"instock","17":"taxable","18":"shipping-taxable","19":"purchasable","20":"product-type-simple"},"acf":[],"_links":{"self":[{"href":"https:\/\/www.fokussrl.com\/it\/wp-json\/wp\/v2\/product\/51011","targetHints":{"allow":["GET"]}}],"collection":[{"href":"https:\/\/www.fokussrl.com\/it\/wp-json\/wp\/v2\/product"}],"about":[{"href":"https:\/\/www.fokussrl.com\/it\/wp-json\/wp\/v2\/types\/product"}],"wp:featuredmedia":[{"embeddable":true,"href":"https:\/\/www.fokussrl.com\/it\/wp-json\/wp\/v2\/media\/51012"}],"wp:attachment":[{"href":"https:\/\/www.fokussrl.com\/it\/wp-json\/wp\/v2\/media?parent=51011"}],"wp:term":[{"taxonomy":"product_brand","embeddable":true,"href":"https:\/\/www.fokussrl.com\/it\/wp-json\/wp\/v2\/product_brand?post=51011"},{"taxonomy":"product_cat","embeddable":true,"href":"https:\/\/www.fokussrl.com\/it\/wp-json\/wp\/v2\/product_cat?post=51011"},{"taxonomy":"product_tag","embeddable":true,"href":"https:\/\/www.fokussrl.com\/it\/wp-json\/wp\/v2\/product_tag?post=51011"}],"curies":[{"name":"wp","href":"https:\/\/api.w.org\/{rel}","templated":true}]}}